{"id":3544,"date":"2019-07-23T03:35:48","date_gmt":"2019-07-23T03:35:48","guid":{"rendered":"http:\/\/www.acuarelatourperu.com\/?page_id=3544"},"modified":"2019-12-20T14:43:02","modified_gmt":"2019-12-20T14:43:02","slug":"trekking-canon-del-colca2dias","status":"publish","type":"page","link":"https:\/\/acuarelatourperu.com\/es\/trekking-canon-del-colca-2dias\/","title":{"rendered":"TREKKING CA\u00d1\u00d3N DEL COLCA 2DIAS"},"content":{"rendered":"[vc_row][vc_column][vc_column_text]\n<h2 style=\"text-align: center;\"><span style=\"color: #02aea9;\">TREKKING CA\u00d1\u00d3N DEL COLCA<\/span><\/h2>\n<p>\u2022 \u00a0<strong>Duraci\u00f3n: <\/strong>2 d\u00edas<\/p>\n<p>El recojo,\u00a02:30 am. Para llegar a Chivay a desayunar a las 6:30 am, despu\u00e9s vamos a la cruz del c\u00f3ndor, pampa San Miguel donde iniciara nuestra aventura. Llegaremos para almorzar al pueblo de San Juan de Chuccho (9km), continuaremos a trav\u00e9s de los campos de cultivo para llegar a Sangalle, lugar donde disfrutaran de las piscinas de aguas c\u00e1lidas, pernocte.<\/p>\n<p>El segundo d\u00eda partimos a las 4:30 am para ascender el ca\u00f1\u00f3n hasta Cabanaconde donde tendremos un agradable desayuno, luego al retornar haremos algunas paradas en el trayecto a la ciudad de Arequipa.<\/p>\n<p>Hay opci\u00f3n de servicio en privado por 02 y 03 d\u00edas.<\/p>\n<p>Incluye: Movilidad privada o compartida, almuerzos, cenas, desayunos, hospedaje b\u00e1sico.[\/vc_column_text][vc_row_inner gap=\u00bb5&#8243;][vc_column_inner offset=\u00bbvc_hidden-lg vc_hidden-md vc_hidden-sm\u00bb][vc_gallery type=\u00bbimage_grid\u00bb images=\u00bb4195,3548,3554,4136,3551,3555,4193,3550,3553,4194&#8243; img_size=\u00bbmedium\u00bb onclick=\u00bbcustom_link\u00bb css_animation=\u00bbfadeIn\u00bb][\/vc_column_inner][\/vc_row_inner][\/vc_column][\/vc_row][vc_row][vc_column offset=\u00bbvc_hidden-xs\u00bb][vc_media_grid element_width=\u00bb2&#8243; grid_id=\u00bbvc_gid:1567695666236-f71daaf4-1ddd-1&#8243; include=\u00bb4195,3550,4193,3554,3551,4136,3553,3555,4194,3548&#8243;][\/vc_column][\/vc_row][vc_row content_placement=\u00bbmiddle\u00bb][vc_column][vc_btn title=\u00bbCOTIZAR\u00bb color=\u00bbdanger\u00bb align=\u00bbcenter\u00bb css_animation=\u00bbzoomInRight\u00bb link=\u00bburl:http%3A%2F%2Fbit.ly%2FAcuarelaTourPeru|||\u00bb][\/vc_column][\/vc_row]","protected":false},"excerpt":{"rendered":"<p>[vc_row][vc_column][vc_column_text] TREKKING CA\u00d1\u00d3N DEL COLCA \u2022 \u00a0Duraci\u00f3n: 2 d\u00edas El recojo,\u00a02:30 am. Para llegar a Chivay a desayunar a las 6:30 am, despu\u00e9s vamos a la cruz del c\u00f3ndor, pampa&#8230;<\/p>\n","protected":false},"author":1,"featured_media":0,"parent":0,"menu_order":0,"comment_status":"closed","ping_status":"closed","template":"","meta":{"_acf_changed":false,"footnotes":""},"class_list":["post-3544","page","type-page","status-publish","hentry"],"acf":[],"_links":{"self":[{"href":"https:\/\/acuarelatourperu.com\/es\/wp-json\/wp\/v2\/pages\/3544","targetHints":{"allow":["GET"]}}],"collection":[{"href":"https:\/\/acuarelatourperu.com\/es\/wp-json\/wp\/v2\/pages"}],"about":[{"href":"https:\/\/acuarelatourperu.com\/es\/wp-json\/wp\/v2\/types\/page"}],"author":[{"embeddable":true,"href":"https:\/\/acuarelatourperu.com\/es\/wp-json\/wp\/v2\/users\/1"}],"replies":[{"embeddable":true,"href":"https:\/\/acuarelatourperu.com\/es\/wp-json\/wp\/v2\/comments?post=3544"}],"version-history":[{"count":12,"href":"https:\/\/acuarelatourperu.com\/es\/wp-json\/wp\/v2\/pages\/3544\/revisions"}],"predecessor-version":[{"id":4626,"href":"https:\/\/acuarelatourperu.com\/es\/wp-json\/wp\/v2\/pages\/3544\/revisions\/4626"}],"wp:attachment":[{"href":"https:\/\/acuarelatourperu.com\/es\/wp-json\/wp\/v2\/media?parent=3544"}],"curies":[{"name":"wp","href":"https:\/\/api.w.org\/{rel}","templated":true}]}}