{"id":3571,"date":"2019-07-24T14:01:29","date_gmt":"2019-07-24T14:01:29","guid":{"rendered":"http:\/\/www.acuarelatourperu.com\/?page_id=3571"},"modified":"2019-12-20T14:40:48","modified_gmt":"2019-12-20T14:40:48","slug":"arequipa-tradicional-colca-puno","status":"publish","type":"page","link":"https:\/\/acuarelatourperu.com\/es\/arequipa-tradicional-colca-puno\/","title":{"rendered":"AREQUIPA TRADICIONAL\/ COLCA\/ PUNO"},"content":{"rendered":"[vc_row][vc_column][vc_column_text]\n<h1 style=\"text-align: center;\"><span style=\"color: #02aea9;\">AREQUIPA TRADICIONAL\/ COLCA\/ PUNO<\/span><\/h1>\n<p>\u2022 \u00a0<strong>Duraci\u00f3n: <\/strong>4 d\u00edas<\/p>\n<p><strong>DIA 1. CAMPI\u00d1A TOUR\/ CITY TOUR<\/strong><\/p>\n<p>Nuestra visita inicia a las 8 am en movilidad privada hacia el mirador de Sachaca, lugar donde se apreciara a los tres volcanes rodeando a la ciudad, junto a los campos de cultivo. Luego continuamos hacia la Mansi\u00f3n del fundador una hermosa estructura de la \u00e9poca colonial en medio de campos verdes y finalmente al hermoso molino colonial de Saband\u00eda construida en 1621, que a\u00fan sigue en funcionamiento. Un interesante recorrido de la campi\u00f1a Arequipe\u00f1a.<\/p>\n<p>En la tarde visitaremos el Monasterio de Santa Catalina que es un icono de la ciudad, luego nos dirigimos hacia la Plaza Central la cual guarda toda una historia del ciudadano arequipe\u00f1o y finalmente terminamos con el museo de la Momia Juanita. Este recorrido fusiona lo prehisp\u00e1nico con lo hisp\u00e1nico convirti\u00e9ndose en ciudad patrimonio. \u00a0Noche en el hotel.<\/p>\n<p><strong>DIA 2 CANTERAS DE SILLAR\/ CLASES DE COCINA AREQUIPE\u00d1A<\/strong><\/p>\n<p>Hoy empezamos a las 7: am para visitar las canteras de sillar y as\u00ed poder entender los monumentos de la ciudad, los artesanos siguen labrando la piedra de una forma muy artesanal. Lo que los volcanes dejaron, el hombre lo convierte en arte con sus manos. Despu\u00e9s nos iremos al mercado de San Camilo y ver la gran variedad de productos de la zona y elegir nuestros ingredientes para la preparaci\u00f3n de un plato t\u00edpico \u00a0tradicional Arequipe\u00f1o. Ser\u00e1 una experiencia hermosa. Noche en el hotel.<\/p>\n<p><strong>DIA 3 VALLE DEL COLCA<\/strong><\/p>\n<p>Nuestro recorrido inicia a las 7 am, pasando por la reserva nacional de Salinas donde podremos ver a las vicu\u00f1as, llamas, alpacas. Luego continuamos hacia el punto m\u00e1s alto sobre los 4900 metros. Que es el mirador de los volcanes y parte de la cordillera occidental, luego descendemos hacia el pueblo de Chivay 3650 metros. Para el almuerzo, por la tarde alguna caminata opcional por alrededores. Noche en el hotel.<\/p>\n<p><strong>DIA 4.\u00a0 CA\u00d1\u00d3N DEL COLCA<\/strong><\/p>\n<p>Despu\u00e9s de un agradable desayuno, es momento de disfrutar del gran paisaje de terrazas pre-inca en el valle del colca, con direcci\u00f3n hacia el mirador de la cruz del c\u00f3ndor para disfrutar del vuelo de esta majestuosa ave andina. Despu\u00e9s retornamos hacia el pueblo de Chivay para el almuerzo y continuar hacia la ciudad de Puno en un recorrido de 6 a 7 horas, disfrutando del bello paraje del altiplano con algunas paradas en la ruta. Noche en el hotel.<\/p>\n<p>Incluye: Movilidad privada, hotel, \u00a0gu\u00eda, entradas, Alojamiento, desayunos, almuerzo en el segundo d\u00eda, bus categor\u00eda superior a Puno. Recojo y traslado hacia su hotel en Puno.[\/vc_column_text][vc_row_inner gap=\u00bb5&#8243;][vc_column_inner offset=\u00bbvc_hidden-lg vc_hidden-md vc_hidden-sm\u00bb][vc_gallery type=\u00bbimage_grid\u00bb images=\u00bb3574,4075,3578,4035,3577,3576,3575,4079&#8243; img_size=\u00bbmedium\u00bb onclick=\u00bbcustom_link\u00bb css_animation=\u00bbfadeIn\u00bb][\/vc_column_inner][\/vc_row_inner][\/vc_column][\/vc_row][vc_row][vc_column offset=\u00bbvc_hidden-xs\u00bb][vc_media_grid element_width=\u00bb2&#8243; grid_id=\u00bbvc_gid:1567526131549-507f1eed-158e-4&#8243; include=\u00bb3574,4075,3575,3576,4035,4079,3577,3578&#8243;][\/vc_column][\/vc_row][vc_row content_placement=\u00bbmiddle\u00bb][vc_column][vc_btn title=\u00bbCOTIZAR\u00bb color=\u00bbdanger\u00bb align=\u00bbcenter\u00bb css_animation=\u00bbzoomInRight\u00bb link=\u00bburl:http%3A%2F%2Fbit.ly%2FAcuarelaTourPeru|||\u00bb][\/vc_column][\/vc_row]","protected":false},"excerpt":{"rendered":"<p>[vc_row][vc_column][vc_column_text] AREQUIPA TRADICIONAL\/ COLCA\/ PUNO \u2022 \u00a0Duraci\u00f3n: 4 d\u00edas DIA 1. CAMPI\u00d1A TOUR\/ CITY TOUR Nuestra visita inicia a las 8 am en movilidad privada hacia el mirador de Sachaca,&#8230;<\/p>\n","protected":false},"author":1,"featured_media":0,"parent":0,"menu_order":0,"comment_status":"closed","ping_status":"closed","template":"","meta":{"_acf_changed":false,"footnotes":""},"class_list":["post-3571","page","type-page","status-publish","hentry"],"acf":[],"_links":{"self":[{"href":"https:\/\/acuarelatourperu.com\/es\/wp-json\/wp\/v2\/pages\/3571","targetHints":{"allow":["GET"]}}],"collection":[{"href":"https:\/\/acuarelatourperu.com\/es\/wp-json\/wp\/v2\/pages"}],"about":[{"href":"https:\/\/acuarelatourperu.com\/es\/wp-json\/wp\/v2\/types\/page"}],"author":[{"embeddable":true,"href":"https:\/\/acuarelatourperu.com\/es\/wp-json\/wp\/v2\/users\/1"}],"replies":[{"embeddable":true,"href":"https:\/\/acuarelatourperu.com\/es\/wp-json\/wp\/v2\/comments?post=3571"}],"version-history":[{"count":12,"href":"https:\/\/acuarelatourperu.com\/es\/wp-json\/wp\/v2\/pages\/3571\/revisions"}],"predecessor-version":[{"id":4625,"href":"https:\/\/acuarelatourperu.com\/es\/wp-json\/wp\/v2\/pages\/3571\/revisions\/4625"}],"wp:attachment":[{"href":"https:\/\/acuarelatourperu.com\/es\/wp-json\/wp\/v2\/media?parent=3571"}],"curies":[{"name":"wp","href":"https:\/\/api.w.org\/{rel}","templated":true}]}}