{"id":3583,"date":"2019-07-24T14:35:47","date_gmt":"2019-07-24T14:35:47","guid":{"rendered":"http:\/\/www.acuarelatourperu.com\/?page_id=3583"},"modified":"2019-12-20T14:30:33","modified_gmt":"2019-12-20T14:30:33","slug":"arequipa-canteras-de-sillar-city-tour-colca-puno","status":"publish","type":"page","link":"https:\/\/acuarelatourperu.com\/es\/arequipa-canteras-de-sillar-city-tour-colca-puno\/","title":{"rendered":"AREQUIPA (CANTERAS DE SILLAR\/ CITY TOUR\/ COLCA\/ PUNO)"},"content":{"rendered":"[vc_row][vc_column][vc_column_text]\n<h2 style=\"text-align: center;\"><span style=\"color: #02aea9;\">AREQUIPA (CANTERAS DE SILLAR\/ CITY TOUR\/ COLCA\/ PUNO)<\/span><\/h2>\n<p>\u2022 \u00a0<strong>Duraci\u00f3n: <\/strong>4 d\u00edas<\/p>\n<p><strong>DIA 1<\/strong>. Hoy empezamos a las 7 am para visitar las canteras de sillar y as\u00ed poder entender los monumentos de la ciudad, los artesanos siguen labrando la piedra de una forma muy artesanal. Lo que los volcanes dejaron, el hombre lo convierte en arte con sus manos. Por la tarde En un recorrido de 3 horas podremos disfrutar de la arquitectura e historia Arequipe\u00f1a, declarada ciudad patrimonio por la UNESCO. Un icono en la ciudad es el Monasterio de Santa Catalina que es un mundo ajeno a lo exterior, luego el centro hist\u00f3rico donde cada monumento guarda una belleza arquitect\u00f3nica en base al sillar \u201ctufo volc\u00e1nico \u201cde la cual la ciudad esta edificada. Noche en el hotel.<\/p>\n<p><strong>DIA 2<\/strong>. Nuestro recorrido inicia a las 7 am, pasando por la reserva nacional de Salinas donde podremos ver a las vicu\u00f1as, llamas, alpacas. Luego pasaremos hacia el punto m\u00e1s alto sobre los 4910 metros, el mirador de los volcanes y parte de la cordillera occidental, luego descendemos hacia el pueblo de Chivay 3650 metros, para el almuerzo, por la tarde alguna caminata opcional por alrededores. Noche en el hotel.<\/p>\n<p><strong>DIA 3.<\/strong>\u00a0 Despu\u00e9s de un agradable desayuno, es momento de disfrutar del gran paisaje de terrazas pre-inca en el valle del Colca, con direcci\u00f3n hacia el mirador de la cruz del c\u00f3ndor para disfrutar del vuelo de esta majestuosa ave andina. Despu\u00e9s retornamos hacia el pueblo de Chivay para el almuerzo. Tarde libre. Noche en el hotel.<\/p>\n<p><strong>DIA 4<\/strong>. En este d\u00eda visitaremos lo que otros no lo hacen, en el valle del colca hay opciones de caminatas para los amantes del senderismo, las rutas a escoger son: Coporaque-Uyo uyo, 7 kil\u00f3metros de sendero, Canocota 8 kil\u00f3metros de sendero, la Chimpa 6 kil\u00f3metros de sendero. Su gu\u00eda les explicara las opciones a elegir y el grado de dificultad. Despu\u00e9s del almuerzo continuaran su viaje en bus tur\u00edstico hacia Puno lago Titicaca. Noche en el hotel.<\/p>\n<p>Incluye: Movilidad privada, gu\u00eda, Alojamiento, desayunos, bus categor\u00eda superior a Puno. Recojo y traslado hacia su hotel en Puno.[\/vc_column_text][vc_row_inner gap=\u00bb5&#8243;][vc_column_inner offset=\u00bbvc_hidden-lg vc_hidden-md vc_hidden-sm\u00bb][vc_gallery type=\u00bbimage_grid\u00bb images=\u00bb2523,4050,4071,3592,3591,3586,4072,3588,4070,4069&#8243; img_size=\u00bbmedium\u00bb onclick=\u00bbcustom_link\u00bb css_animation=\u00bbfadeIn\u00bb][\/vc_column_inner][\/vc_row_inner][\/vc_column][\/vc_row][vc_row][vc_column offset=\u00bbvc_hidden-xs\u00bb][vc_media_grid element_width=\u00bb2&#8243; grid_id=\u00bbvc_gid:1567523910464-ba737a33-9e55-5&#8243; include=\u00bb3586,4050,3591,3592,4071,2523,4072,3588,4069,4070&#8243;][\/vc_column][\/vc_row][vc_row content_placement=\u00bbmiddle\u00bb][vc_column][vc_btn title=\u00bbCOTIZAR\u00bb color=\u00bbdanger\u00bb align=\u00bbcenter\u00bb css_animation=\u00bbzoomInRight\u00bb link=\u00bburl:http%3A%2F%2Fbit.ly%2FAcuarelaTourPeru|||\u00bb][\/vc_column][\/vc_row]","protected":false},"excerpt":{"rendered":"<p>[vc_row][vc_column][vc_column_text] AREQUIPA (CANTERAS DE SILLAR\/ CITY TOUR\/ COLCA\/ PUNO) \u2022 \u00a0Duraci\u00f3n: 4 d\u00edas DIA 1. Hoy empezamos a las 7 am para visitar las canteras de sillar y as\u00ed poder&#8230;<\/p>\n","protected":false},"author":1,"featured_media":0,"parent":0,"menu_order":0,"comment_status":"closed","ping_status":"closed","template":"","meta":{"_acf_changed":false,"footnotes":""},"class_list":["post-3583","page","type-page","status-publish","hentry"],"acf":[],"_links":{"self":[{"href":"https:\/\/acuarelatourperu.com\/es\/wp-json\/wp\/v2\/pages\/3583","targetHints":{"allow":["GET"]}}],"collection":[{"href":"https:\/\/acuarelatourperu.com\/es\/wp-json\/wp\/v2\/pages"}],"about":[{"href":"https:\/\/acuarelatourperu.com\/es\/wp-json\/wp\/v2\/types\/page"}],"author":[{"embeddable":true,"href":"https:\/\/acuarelatourperu.com\/es\/wp-json\/wp\/v2\/users\/1"}],"replies":[{"embeddable":true,"href":"https:\/\/acuarelatourperu.com\/es\/wp-json\/wp\/v2\/comments?post=3583"}],"version-history":[{"count":13,"href":"https:\/\/acuarelatourperu.com\/es\/wp-json\/wp\/v2\/pages\/3583\/revisions"}],"predecessor-version":[{"id":4624,"href":"https:\/\/acuarelatourperu.com\/es\/wp-json\/wp\/v2\/pages\/3583\/revisions\/4624"}],"wp:attachment":[{"href":"https:\/\/acuarelatourperu.com\/es\/wp-json\/wp\/v2\/media?parent=3583"}],"curies":[{"name":"wp","href":"https:\/\/api.w.org\/{rel}","templated":true}]}}