{"id":3598,"date":"2019-07-24T14:57:12","date_gmt":"2019-07-24T14:57:12","guid":{"rendered":"http:\/\/www.acuarelatourperu.com\/?page_id=3598"},"modified":"2019-12-20T14:25:39","modified_gmt":"2019-12-20T14:25:39","slug":"arequipa-city-tour-colca-puno","status":"publish","type":"page","link":"https:\/\/acuarelatourperu.com\/es\/arequipa-city-tour-colca-puno\/","title":{"rendered":"AREQUIPA (CITY TOUR\/ COLCA\/ PUNO)"},"content":{"rendered":"[vc_row][vc_column][vc_column_text]\n<h1 style=\"text-align: center;\"><span style=\"color: #02aea9;\">AREQUIPA (CITY TOUR\/ COLCA\/ PUNO)<\/span><\/h1>\n<p>\u2022 \u00a0<strong>Duration: <\/strong>3 d\u00edas<\/p>\n<p><strong>DIA 1<\/strong>. Nuestra visita se da por la ma\u00f1ana o tarde. En un recorrido de 3 horas podremos disfrutar de la arquitectura e historia Arequipe\u00f1a, declarada ciudad patrimonio por la UNESCO. Un icono en la ciudad es el Monasterio de Santa Catalina que es un mundo ajeno a lo exterior, luego el centro hist\u00f3rico donde cada monumento guarda una belleza arquitect\u00f3nica en base al sillar \u201ctufo volc\u00e1nico \u201cde la cual la ciudad esta edificada. Noche en el hotel.<\/p>\n<p><strong>DIA 2.<\/strong>Nuestro recorrido inicia a las 7 am, pasando por la Reserva Nacional de Salinas donde podremos ver a las vicu\u00f1as, llamas, alpacas. Luego continuamos hacia el punto m\u00e1s alto sobre los 4910 metros, el mirador de los volcanes y parte de la cordillera occidental, luego descendemos hacia el pueblo de Chivay 3650 metros, para el almuerzo, por la tarde alguna caminata opcional por alrededores. Noche en el hotel.<\/p>\n<p>Si usted lo desea podemos a\u00f1adir una caminata de 03 horas, por la tarde en un lugar poco visitado por turistas y disfrutar m\u00e1s de la naturaleza y el aire puro<\/p>\n<p><strong>DIA 3.<\/strong>\u00a0 Despu\u00e9s de un agradable desayuno, es momento de disfrutar del gran paisaje de terrazas pre-inca en el valle del Colca, con direcci\u00f3n hacia el mirador de la cruz del c\u00f3ndor para disfrutar del vuelo de esta majestuosa ave andina. Despu\u00e9s retornamos hacia el pueblo de Chivay para el almuerzo y continuar hacia la ciudad de Puno en un recorrido de 6 a 7 horas, disfrutando del bello paraje del altiplano con algunas paradas en la ruta. \u00a0Noche en el hotel.<\/p>\n<p>Incluye: Movilidad privada, gu\u00eda, Alojamiento, desayuno, bus categor\u00eda superior a Puno. Recojo y traslado hacia su hotel en Puno.<\/p>\n[\/vc_column_text][vc_row_inner gap=\u00bb5&#8243;][vc_column_inner offset=\u00bbvc_hidden-lg vc_hidden-md vc_hidden-sm\u00bb][vc_gallery type=\u00bbimage_grid\u00bb images=\u00bb2506,4063,3602,3604,4012,3605,3606,4064,3608,3603,4011&#8243; img_size=\u00bbmedium\u00bb onclick=\u00bbcustom_link\u00bb css_animation=\u00bbfadeIn\u00bb][\/vc_column_inner][\/vc_row_inner][\/vc_column][\/vc_row][vc_row][vc_column offset=\u00bbvc_hidden-xs\u00bb][vc_media_grid element_width=\u00bb2&#8243; grid_id=\u00bbvc_gid:1567523474650-5498dd17-57e4-2&#8243; include=\u00bb3602,4064,3603,3604,4012,3605,3606,4063,3608,2506,4011&#8243;][\/vc_column][\/vc_row][vc_row content_placement=\u00bbmiddle\u00bb][vc_column][vc_btn title=\u00bbCOTIZAR\u00bb color=\u00bbdanger\u00bb align=\u00bbcenter\u00bb css_animation=\u00bbzoomInRight\u00bb link=\u00bburl:http%3A%2F%2Fbit.ly%2FAcuarelaTourPeru|||\u00bb][\/vc_column][\/vc_row]","protected":false},"excerpt":{"rendered":"<p>[vc_row][vc_column][vc_column_text] AREQUIPA (CITY TOUR\/ COLCA\/ PUNO) \u2022 \u00a0Duration: 3 d\u00edas DIA 1. Nuestra visita se da por la ma\u00f1ana o tarde. En un recorrido de 3 horas podremos disfrutar de&#8230;<\/p>\n","protected":false},"author":1,"featured_media":0,"parent":0,"menu_order":0,"comment_status":"closed","ping_status":"closed","template":"","meta":{"_acf_changed":false,"footnotes":""},"class_list":["post-3598","page","type-page","status-publish","hentry"],"acf":[],"_links":{"self":[{"href":"https:\/\/acuarelatourperu.com\/es\/wp-json\/wp\/v2\/pages\/3598","targetHints":{"allow":["GET"]}}],"collection":[{"href":"https:\/\/acuarelatourperu.com\/es\/wp-json\/wp\/v2\/pages"}],"about":[{"href":"https:\/\/acuarelatourperu.com\/es\/wp-json\/wp\/v2\/types\/page"}],"author":[{"embeddable":true,"href":"https:\/\/acuarelatourperu.com\/es\/wp-json\/wp\/v2\/users\/1"}],"replies":[{"embeddable":true,"href":"https:\/\/acuarelatourperu.com\/es\/wp-json\/wp\/v2\/comments?post=3598"}],"version-history":[{"count":12,"href":"https:\/\/acuarelatourperu.com\/es\/wp-json\/wp\/v2\/pages\/3598\/revisions"}],"predecessor-version":[{"id":4623,"href":"https:\/\/acuarelatourperu.com\/es\/wp-json\/wp\/v2\/pages\/3598\/revisions\/4623"}],"wp:attachment":[{"href":"https:\/\/acuarelatourperu.com\/es\/wp-json\/wp\/v2\/media?parent=3598"}],"curies":[{"name":"wp","href":"https:\/\/api.w.org\/{rel}","templated":true}]}}