{"id":3613,"date":"2019-07-24T15:19:28","date_gmt":"2019-07-24T15:19:28","guid":{"rendered":"http:\/\/www.acuarelatourperu.com\/?page_id=3613"},"modified":"2019-12-20T14:17:42","modified_gmt":"2019-12-20T14:17:42","slug":"arequipa-arequipa-colca-puno","status":"publish","type":"page","link":"https:\/\/acuarelatourperu.com\/es\/arequipa-arequipa-colca-puno\/","title":{"rendered":"AREQUIPA (AREQUIPA\/ COLCA\/ PUNO)"},"content":{"rendered":"[vc_row][vc_column][vc_column_text]\n<h1 style=\"text-align: center;\"><span style=\"color: #02aea9;\">AREQUIPA (AREQUIPA\/ COLCA\/ PUNO)<\/span><\/h1>\n<p>\u2022 \u00a0<strong>Duration: <\/strong>2 d\u00edas<\/p>\n<p>Este recorrido es para los viajeros que no disponen de mucho tiempo y quieran conocer algo m\u00e1s en los Andes Occidentales como el valle y ca\u00f1\u00f3n del Colca, el cual es considerado uno de los m\u00e1s profundos en el mundo y el territorio de C\u00f3ndor una gran ave mitol\u00f3gica para la cultura andina.<\/p>\n<p><strong>DIA 1.<\/strong>Nuestro recorrido inicia a las 7 am, pasando por la reserva nacional de Salinas y Aguada Blanca, donde podremos ver a las vicu\u00f1as, llamas, alpacas. Luego continuamos hacia el punto m\u00e1s alto sobre los 4910 metros, el mirador de los volcanes y parte de la cordillera occidental, luego descendemos hacia el pueblo de Chivay 3650 metros, para el almuerzo, por la tarde alguna caminata opcional por alrededores. Noche en el hotel.<\/p>\n<p><strong>DIA 2.<\/strong>\u00a0 Despu\u00e9s de un agradable desayuno, es momento de disfrutar del gran paisaje de terrazas pre-inca en el valle del Colca, con direcci\u00f3n hacia el mirador de la cruz del c\u00f3ndor para disfrutar del vuelo de esta majestuosa ave andina. Despu\u00e9s retornamos hacia el pueblo de Chivay para el almuerzo y continuar hacia la ciudad de Puno en un recorrido de 6 a 7 horas, disfrutando del bello paraje del altiplano con algunas paradas en la ruta. Noche en el hotel.<\/p>\n<p>Incluye: Movilidad privada, gu\u00eda, Alojamiento, desayuno, bus categor\u00eda superior a Puno. Recojo y traslado hacia su hotel en Puno.<\/p>\n[\/vc_column_text][vc_row_inner gap=\u00bb5&#8243;][vc_column_inner offset=\u00bbvc_hidden-lg vc_hidden-md vc_hidden-sm\u00bb][vc_gallery type=\u00bbimage_grid\u00bb images=\u00bb2502,3621,3615,3620,3618,3616,3619,4033,4032,4061&#8243; img_size=\u00bbmedium\u00bb onclick=\u00bbcustom_link\u00bb css_animation=\u00bbfadeIn\u00bb][\/vc_column_inner][\/vc_row_inner][\/vc_column][\/vc_row][vc_row][vc_column offset=\u00bbvc_hidden-xs\u00bb][vc_media_grid element_width=\u00bb2&#8243; grid_id=\u00bbvc_gid:1567522270293-eef681da-800f-10&#8243; include=\u00bb2502,3615,3616,3618,3621,3619,3620,4032,4033,4061&#8243;][\/vc_column][\/vc_row][vc_row content_placement=\u00bbmiddle\u00bb][vc_column][vc_btn title=\u00bbCOTIZAR\u00bb color=\u00bbdanger\u00bb align=\u00bbcenter\u00bb css_animation=\u00bbzoomInRight\u00bb link=\u00bburl:http%3A%2F%2Fbit.ly%2FAcuarelaTourPeru|||\u00bb][\/vc_column][\/vc_row]","protected":false},"excerpt":{"rendered":"<p>[vc_row][vc_column][vc_column_text] AREQUIPA (AREQUIPA\/ COLCA\/ PUNO) \u2022 \u00a0Duration: 2 d\u00edas Este recorrido es para los viajeros que no disponen de mucho tiempo y quieran conocer algo m\u00e1s en los Andes Occidentales&#8230;<\/p>\n","protected":false},"author":1,"featured_media":0,"parent":0,"menu_order":0,"comment_status":"closed","ping_status":"closed","template":"","meta":{"_acf_changed":false,"footnotes":""},"class_list":["post-3613","page","type-page","status-publish","hentry"],"acf":[],"_links":{"self":[{"href":"https:\/\/acuarelatourperu.com\/es\/wp-json\/wp\/v2\/pages\/3613","targetHints":{"allow":["GET"]}}],"collection":[{"href":"https:\/\/acuarelatourperu.com\/es\/wp-json\/wp\/v2\/pages"}],"about":[{"href":"https:\/\/acuarelatourperu.com\/es\/wp-json\/wp\/v2\/types\/page"}],"author":[{"embeddable":true,"href":"https:\/\/acuarelatourperu.com\/es\/wp-json\/wp\/v2\/users\/1"}],"replies":[{"embeddable":true,"href":"https:\/\/acuarelatourperu.com\/es\/wp-json\/wp\/v2\/comments?post=3613"}],"version-history":[{"count":8,"href":"https:\/\/acuarelatourperu.com\/es\/wp-json\/wp\/v2\/pages\/3613\/revisions"}],"predecessor-version":[{"id":4622,"href":"https:\/\/acuarelatourperu.com\/es\/wp-json\/wp\/v2\/pages\/3613\/revisions\/4622"}],"wp:attachment":[{"href":"https:\/\/acuarelatourperu.com\/es\/wp-json\/wp\/v2\/media?parent=3613"}],"curies":[{"name":"wp","href":"https:\/\/api.w.org\/{rel}","templated":true}]}}