{"id":3627,"date":"2019-07-24T18:27:42","date_gmt":"2019-07-24T18:27:42","guid":{"rendered":"http:\/\/www.acuarelatourperu.com\/?page_id=3627"},"modified":"2019-12-20T14:11:10","modified_gmt":"2019-12-20T14:11:10","slug":"arequipa-tradicional","status":"publish","type":"page","link":"https:\/\/acuarelatourperu.com\/es\/arequipa-tradicional\/","title":{"rendered":"AREQUIPA TRADICIONAL"},"content":{"rendered":"[vc_row][vc_column][vc_column_text]\n<h2 style=\"text-align: center;\"><span style=\"color: #02aea9;\">AREQUIPA TRADICIONAL<\/span><\/h2>\n<p>\u2022 \u00a0<strong>Duraci\u00f3n: <\/strong>2 d\u00edas<\/p>\n<p>Cuando hablamos de Arequipa Tradicional, es entender al habitante residente que en ellos alberga una fusi\u00f3n de tradiciones. Seguir este recorrido es aprender mucho de la realidad local y regional como su comida, su arquitectura mestiza, sus productos y su conservaci\u00f3n.<\/p>\n<p><strong>DIA 1. CAMPI\u00d1A TOUR \/ CITY TOUR<\/strong><\/p>\n<p>Nuestra visita inicia a las 8 am en movilidad privada hacia el mirador de Sachaca, lugar donde se apreciara a los tres volcanes rodeando a la ciudad, junto a los campos de cultivo. Luego continuamos hacia la Mansi\u00f3n del fundador una hermosa estructura de la \u00e9poca colonial en medio de campos verdes y finalmente al hermoso molino colonial de Saband\u00eda construida en 1621, que a\u00fan sigue en funcionamiento. Una interesante visita de la campi\u00f1a Arequipe\u00f1a.<\/p>\n<p>En la tarde nos espera un interesante recorrido con el Monasterio de Santa Catalina que es un icono de la ciudad, luego nos dirigimos hacia la Plaza Central, la cual guarda toda una historia del ciudadano arequipe\u00f1o y finalmente terminamos con el museo de la Momia Juanita. Este recorrido fusiona lo prehisp\u00e1nico con lo hisp\u00e1nico convirti\u00e9ndose en ciudad patrimonio. Noche en el hotel.<\/p>\n<p><strong>DIA 2 CANTERAS DE SILLAR\/ CLASES DE COCINA AREQUIPE\u00d1A<\/strong><\/p>\n<p>Hoy empezamos a las 7am para visitar las canteras de sillar y as\u00ed poder entender los monumentos de la ciudad, los canteros siguen labrando la piedra de una forma muy artesanal. Lo que los volcanes dejaron, el hombre lo convierte en arte con sus manos.<\/p>\n<p>Despu\u00e9s nos iremos al mercado de San Camilo y ver la gran variedad de productos de la zona y elegir nuestros ingredientes para la preparaci\u00f3n de un plato t\u00edpico\u00a0 tradicional Arequipe\u00f1o. Ser\u00e1 una experiencia hermosa. Noche en el hotel.<\/p>\n<p>Incluye: Movilidad, gu\u00eda oficial, hotel, entradas, almuerzo segundo d\u00eda.[\/vc_column_text][vc_row_inner gap=\u00bb5&#8243;][vc_column_inner offset=\u00bbvc_hidden-lg vc_hidden-md vc_hidden-sm\u00bb][vc_gallery type=\u00bbimage_grid\u00bb images=\u00bb2506,3634,3631,3637,3636,3633,3632,3630,3639,3638,4019,4018&#8243; img_size=\u00bbmedium\u00bb onclick=\u00bbcustom_link\u00bb css_animation=\u00bbfadeIn\u00bb][\/vc_column_inner][\/vc_row_inner][\/vc_column][\/vc_row][vc_row][vc_column][vc_media_grid element_width=\u00bb2&#8243; grid_id=\u00bbvc_gid:1567461011152-9ba32eff-fe52-4&#8243; include=\u00bb3634,3630,2506,3637,3631,3632,3633,3636,3638,3639,4018,4019&#8243;][\/vc_column][\/vc_row][vc_row content_placement=\u00bbmiddle\u00bb][vc_column][vc_btn title=\u00bbCOTIZAR\u00bb color=\u00bbdanger\u00bb align=\u00bbcenter\u00bb css_animation=\u00bbzoomInRight\u00bb link=\u00bburl:http%3A%2F%2Fbit.ly%2FAcuarelaTourPeru|||\u00bb][\/vc_column][\/vc_row]","protected":false},"excerpt":{"rendered":"<p>[vc_row][vc_column][vc_column_text] AREQUIPA TRADICIONAL \u2022 \u00a0Duraci\u00f3n: 2 d\u00edas Cuando hablamos de Arequipa Tradicional, es entender al habitante residente que en ellos alberga una fusi\u00f3n de tradiciones. Seguir este recorrido es aprender&#8230;<\/p>\n","protected":false},"author":1,"featured_media":0,"parent":0,"menu_order":0,"comment_status":"closed","ping_status":"closed","template":"","meta":{"_acf_changed":false,"footnotes":""},"class_list":["post-3627","page","type-page","status-publish","hentry"],"acf":[],"_links":{"self":[{"href":"https:\/\/acuarelatourperu.com\/es\/wp-json\/wp\/v2\/pages\/3627","targetHints":{"allow":["GET"]}}],"collection":[{"href":"https:\/\/acuarelatourperu.com\/es\/wp-json\/wp\/v2\/pages"}],"about":[{"href":"https:\/\/acuarelatourperu.com\/es\/wp-json\/wp\/v2\/types\/page"}],"author":[{"embeddable":true,"href":"https:\/\/acuarelatourperu.com\/es\/wp-json\/wp\/v2\/users\/1"}],"replies":[{"embeddable":true,"href":"https:\/\/acuarelatourperu.com\/es\/wp-json\/wp\/v2\/comments?post=3627"}],"version-history":[{"count":11,"href":"https:\/\/acuarelatourperu.com\/es\/wp-json\/wp\/v2\/pages\/3627\/revisions"}],"predecessor-version":[{"id":4620,"href":"https:\/\/acuarelatourperu.com\/es\/wp-json\/wp\/v2\/pages\/3627\/revisions\/4620"}],"wp:attachment":[{"href":"https:\/\/acuarelatourperu.com\/es\/wp-json\/wp\/v2\/media?parent=3627"}],"curies":[{"name":"wp","href":"https:\/\/api.w.org\/{rel}","templated":true}]}}