{"id":3644,"date":"2019-07-24T19:09:48","date_gmt":"2019-07-24T19:09:48","guid":{"rendered":"http:\/\/www.acuarelatourperu.com\/?page_id=3644"},"modified":"2019-12-20T14:13:37","modified_gmt":"2019-12-20T14:13:37","slug":"petroglifos-de-toro-muerto","status":"publish","type":"page","link":"https:\/\/acuarelatourperu.com\/es\/petroglifos-de-toro-muerto\/","title":{"rendered":"PETROGLIFOS DE TORO MUERTO"},"content":{"rendered":"[vc_row][vc_column][vc_column_text]\n<h1 style=\"text-align: center;\"><span style=\"color: #02aea9;\">PETROGLIFOS DE TORO MUERTO<\/span><\/h1>\n<p>\u2022 \u00a0<strong>Duraci\u00f3n: <\/strong>2 d\u00edas<\/p>\n<p>Luego\u00a0del desayuno, camino hacia el Valle de Majes, descubrir\u00e1 los paisajes ins\u00f3litos del desierto de la costa de Per\u00fa y sus valles oasis. Despu\u00e9s cerca de 2:30 horas de viaje. Visita del yacimiento arqueol\u00f3gico de Toro Muerto, donde millares de figuras son grabados en la piedra desde los tiempos prehisp\u00e1nicos, m\u00e1s tarde disfrutaremos de un delicioso almuerzo. Tarde libre, pernocte en una Hacienda Rural.<\/p>\n<p>El segundo visitaremos las huellas de dinosaurios (Querullpa), as\u00ed como la visita de una bodega donde se destila el pisco, el alcohol nacional de Per\u00fa. Almuerzo t\u00edpico hecho con camarones. Luego retorno a Arequipa. Noche en el hotel.<\/p>\n<p>Incluye: Movilidad privada, gu\u00eda, almuerzo (primer d\u00eda), Alojamiento, cena, desayuno, entradas.[\/vc_column_text][vc_row_inner gap=\u00bb5&#8243;][vc_column_inner offset=\u00bbvc_hidden-lg vc_hidden-md vc_hidden-sm\u00bb][vc_gallery type=\u00bbimage_grid\u00bb images=\u00bb3652,4025,3651,3650,4027,3649,4026,3647,3646,3648&#8243; img_size=\u00bbmedium\u00bb onclick=\u00bbcustom_link\u00bb css_animation=\u00bbfadeIn\u00bb][\/vc_column_inner][\/vc_row_inner][\/vc_column][\/vc_row][vc_row][vc_column offset=\u00bbvc_hidden-xs\u00bb][vc_media_grid element_width=\u00bb2&#8243; grid_id=\u00bbvc_gid:1567461975516-e2736ac2-69a8-6&#8243; include=\u00bb3646,4026,3647,3649,4025,3650,4027,3651,3652,3648&#8243;][\/vc_column][\/vc_row][vc_row content_placement=\u00bbmiddle\u00bb][vc_column][vc_btn title=\u00bbCOTIZAR\u00bb color=\u00bbdanger\u00bb align=\u00bbcenter\u00bb css_animation=\u00bbzoomInRight\u00bb link=\u00bburl:http%3A%2F%2Fbit.ly%2FAcuarelaTourPeru|||\u00bb][\/vc_column][\/vc_row]","protected":false},"excerpt":{"rendered":"<p>[vc_row][vc_column][vc_column_text] PETROGLIFOS DE TORO MUERTO \u2022 \u00a0Duraci\u00f3n: 2 d\u00edas Luego\u00a0del desayuno, camino hacia el Valle de Majes, descubrir\u00e1 los paisajes ins\u00f3litos del desierto de la costa de Per\u00fa y sus&#8230;<\/p>\n","protected":false},"author":1,"featured_media":0,"parent":0,"menu_order":0,"comment_status":"closed","ping_status":"closed","template":"","meta":{"_acf_changed":false,"footnotes":""},"class_list":["post-3644","page","type-page","status-publish","hentry"],"acf":[],"_links":{"self":[{"href":"https:\/\/acuarelatourperu.com\/es\/wp-json\/wp\/v2\/pages\/3644","targetHints":{"allow":["GET"]}}],"collection":[{"href":"https:\/\/acuarelatourperu.com\/es\/wp-json\/wp\/v2\/pages"}],"about":[{"href":"https:\/\/acuarelatourperu.com\/es\/wp-json\/wp\/v2\/types\/page"}],"author":[{"embeddable":true,"href":"https:\/\/acuarelatourperu.com\/es\/wp-json\/wp\/v2\/users\/1"}],"replies":[{"embeddable":true,"href":"https:\/\/acuarelatourperu.com\/es\/wp-json\/wp\/v2\/comments?post=3644"}],"version-history":[{"count":9,"href":"https:\/\/acuarelatourperu.com\/es\/wp-json\/wp\/v2\/pages\/3644\/revisions"}],"predecessor-version":[{"id":4621,"href":"https:\/\/acuarelatourperu.com\/es\/wp-json\/wp\/v2\/pages\/3644\/revisions\/4621"}],"wp:attachment":[{"href":"https:\/\/acuarelatourperu.com\/es\/wp-json\/wp\/v2\/media?parent=3644"}],"curies":[{"name":"wp","href":"https:\/\/api.w.org\/{rel}","templated":true}]}}