{"id":4330,"date":"2019-09-09T15:52:14","date_gmt":"2019-09-09T15:52:14","guid":{"rendered":"http:\/\/www.acuarelatourperu.com\/?page_id=4330"},"modified":"2019-09-15T20:03:30","modified_gmt":"2019-09-15T20:03:30","slug":"por-que-viajar-a-bolivia","status":"publish","type":"page","link":"https:\/\/acuarelatourperu.com\/es\/por-que-viajar-a-bolivia\/","title":{"rendered":"Porque viajar a Bolivia"},"content":{"rendered":"[vc_row][vc_column][vc_column_text]\n<h1 class=\"Cuerpo\" style=\"text-align: center;\"><span style=\"color: #02aea9;\"><b>Porque viajar a Bolivia?<\/b><\/span><\/h1>\n<p>Bolivia es un destino para viajeros aventureros que buscan el encuentro con una naturaleza surrealista: El bosque tropical, la Meseta Andina con sus desiertos, conos volc\u00e1nicos que se alzan a m\u00e1s de 4 mil metros, lagunas de colores habitadas por flamencos y el salar m\u00e1s grande del planeta, sin lugar a duda un pa\u00eds sorprendente a\u00a0 la vuelta de la esquina.<\/p>\n<p>Aqu\u00ed est\u00e1n algunas razones asombrosas que usted encontrar\u00e1 por casualidad durante su viaje a Bolivia:<\/p>\n<ol>\n<li>Una gran Naturaleza que ofrece una variedad de paisajes como el Salar de Uyuni, las lagunas coloradas, los picos nevados de la Cordillera Real y la exuberante selva con su Cultura Yunga.<\/li>\n<li>Lugares con una fascinante historia como Potos\u00ed con su mina explotada desde el siglo 16 hasta la actualidad; la ciudad de Sucre, declarada como Patrimonio y la interesante cultura Tiwahuanaco.<\/li>\n<li>La mejor expresi\u00f3n del Altiplano, compartida por cuatro pa\u00edses (Per\u00fa, Bolivia, Chile y Argentina), lugar maravilloso donde se domestic\u00f3 la papa y animales como la llama y la alpaca.<\/li>\n<\/ol>\n[\/vc_column_text][\/vc_column][\/vc_row][vc_row][vc_column][vc_empty_space][\/vc_column][\/vc_row][vc_row][vc_column offset=\u00bbvc_hidden-lg vc_hidden-md vc_hidden-sm\u00bb][vc_gallery type=\u00bbimage_grid\u00bb images=\u00bb4336,4335,4334,4377,4373,4376,4375,4374,4481,4480,4479,4478,4477,4461,4462,4463,4472,4471,4470,4469,4468,4467,4476,4475,4474,4473,4464,4465,4466&#8243; img_size=\u00bbmedium\u00bb][\/vc_column][\/vc_row][vc_row][vc_column offset=\u00bbvc_hidden-xs\u00bb][vc_media_grid element_width=\u00bb2&#8243; item=\u00bb4491&#8243; grid_id=\u00bbvc_gid:1568308376859-2e62793b-863f-9&#8243; include=\u00bb4334,4335,4336,4373,4374,4376,4375,4377,4461,4462,4463,4464,4465,4466,4467,4468,4469,4470,4471,4472,4473,4474,4475,4476,4477,4478,4479,4480,4481&#8243;][\/vc_column][\/vc_row]","protected":false},"excerpt":{"rendered":"<p>[vc_row][vc_column][vc_column_text] Porque viajar a Bolivia? Bolivia es un destino para viajeros aventureros que buscan el encuentro con una naturaleza surrealista: El bosque tropical, la Meseta Andina con sus desiertos, conos&#8230;<\/p>\n","protected":false},"author":1,"featured_media":0,"parent":0,"menu_order":0,"comment_status":"closed","ping_status":"closed","template":"","meta":{"_acf_changed":false,"footnotes":""},"class_list":["post-4330","page","type-page","status-publish","hentry"],"acf":[],"_links":{"self":[{"href":"https:\/\/acuarelatourperu.com\/es\/wp-json\/wp\/v2\/pages\/4330","targetHints":{"allow":["GET"]}}],"collection":[{"href":"https:\/\/acuarelatourperu.com\/es\/wp-json\/wp\/v2\/pages"}],"about":[{"href":"https:\/\/acuarelatourperu.com\/es\/wp-json\/wp\/v2\/types\/page"}],"author":[{"embeddable":true,"href":"https:\/\/acuarelatourperu.com\/es\/wp-json\/wp\/v2\/users\/1"}],"replies":[{"embeddable":true,"href":"https:\/\/acuarelatourperu.com\/es\/wp-json\/wp\/v2\/comments?post=4330"}],"version-history":[{"count":18,"href":"https:\/\/acuarelatourperu.com\/es\/wp-json\/wp\/v2\/pages\/4330\/revisions"}],"predecessor-version":[{"id":4512,"href":"https:\/\/acuarelatourperu.com\/es\/wp-json\/wp\/v2\/pages\/4330\/revisions\/4512"}],"wp:attachment":[{"href":"https:\/\/acuarelatourperu.com\/es\/wp-json\/wp\/v2\/media?parent=4330"}],"curies":[{"name":"wp","href":"https:\/\/api.w.org\/{rel}","templated":true}]}}