{"id":4340,"date":"2019-09-09T16:20:07","date_gmt":"2019-09-09T16:20:07","guid":{"rendered":"http:\/\/www.acuarelatourperu.com\/?page_id=4340"},"modified":"2019-09-15T19:59:57","modified_gmt":"2019-09-15T19:59:57","slug":"porque-viajar-a-peru","status":"publish","type":"page","link":"https:\/\/acuarelatourperu.com\/es\/porque-viajar-a-peru\/","title":{"rendered":"Porque viajar a Per\u00fa"},"content":{"rendered":"[vc_row][vc_column][vc_column_text]\n<h1 class=\"Cuerpo\" style=\"text-align: center;\"><span style=\"color: #02aea9;\"><b>Porque viajar a Per\u00fa?<\/b><\/span><\/h1>\n<p>M\u00e1s que Machu Picchu, una de las maravillas del mundo, Per\u00fa tiene una gran diversidad de paisajes que justifican este hermoso viaje, junto a otros motivos que deber\u00edan atraerle para viajar a este hermoso pa\u00eds.<\/p>\n<p>Hay seis razones para visitar el Per\u00fa:<\/p>\n<ol>\n<li>Una geograf\u00eda extraordinaria, acompa\u00f1ada de contrastes diversos que va desde el desierto costero en el Pac\u00edfico, la meseta Andina, cordillera y el bosque Amaz\u00f3nico.<\/li>\n<li>Una gran herencia arqueol\u00f3gica que nos hizo so\u00f1ar desde nuestra ni\u00f1ez como Los Incas y las grandes civilizaciones, como los Nazcas y sus enormes y misteriosas l\u00edneas; los Mochica y los orfebres Chim\u00fa; luego por el Norte, los Chachapoyas con sus incre\u00edbles Sarc\u00f3fagos y la cultura Chav\u00edn por sus \u00fanicas cabezas clavas.<\/li>\n<li>La cultura Andina tiene una fuerte identidad, aun practicada y marcada por la poblaci\u00f3n, cuyo modo de vivir y visi\u00f3n del mundo a menudo sorprenden a los viajeros; es as\u00ed que se llevara recuerdos duraderos.<\/li>\n<li>La gentileza, sencillez y carisma del peruano hacia sus visitantes, se puede sentir desde el primer momento, algo que marca la diferencia entre otras culturas del mundo, llev\u00e1ndose un grato recuerdo que perdurara por siempre.<\/li>\n<li>Las sorprendentes ciudades coloniales con sus t\u00edtulos de Patrimonio Mundial de la Humanidad declarada por la UNESCO como Lima, capital del Virreinato de Per\u00fa, Arequipa, la ciudad blanca al pie de tres volcanes marcando su estilo espa\u00f1ol y Cusco, capital del Imperio Inca, donde la herencia colonial del pa\u00eds y la cultura inca vienen juntos.<\/li>\n<li>La cocina peruana es una de las m\u00e1s conocidas del mundo entero, la gran variedad de platos, sabores y aromas han hecho uno de los s\u00edmbolos de la identidad del pa\u00eds y un emblema de su crecimiento econ\u00f3mico.<\/li>\n<\/ol>\n[\/vc_column_text][\/vc_column][\/vc_row][vc_row][vc_column][vc_empty_space][\/vc_column][\/vc_row][vc_row][vc_column offset=\u00bbvc_hidden-lg vc_hidden-md vc_hidden-sm\u00bb][vc_gallery type=\u00bbimage_grid\u00bb images=\u00bb4369,4367,4366,4365,4364,4363,4362,4352,4343,4344,4354,4345,4346,4355,4347,4348,4357,4358,4350,4359,4360,4351,4342,4353,4361,4368,4494,4496,4498,4500&#8243; img_size=\u00bbmedium\u00bb][\/vc_column][\/vc_row][vc_row][vc_column offset=\u00bbvc_hidden-xs\u00bb][vc_media_grid element_width=\u00bb2&#8243; grid_id=\u00bbvc_gid:1568381123840-2e6c0fdd-fe97-4&#8243; include=\u00bb4342,4343,4344,4345,4346,4347,4348,4350,4496,4351,4352,4353,4354,4355,4357,4358,4359,4360,4361,4362,4363,4364,4365,4366,4367,4368,4369,4494,4498,4500&#8243;][\/vc_column][\/vc_row]","protected":false},"excerpt":{"rendered":"<p>[vc_row][vc_column][vc_column_text] Porque viajar a Per\u00fa? M\u00e1s que Machu Picchu, una de las maravillas del mundo, Per\u00fa tiene una gran diversidad de paisajes que justifican este hermoso viaje, junto a otros&#8230;<\/p>\n","protected":false},"author":1,"featured_media":0,"parent":0,"menu_order":0,"comment_status":"closed","ping_status":"closed","template":"","meta":{"_acf_changed":false,"footnotes":""},"class_list":["post-4340","page","type-page","status-publish","hentry"],"acf":[],"_links":{"self":[{"href":"https:\/\/acuarelatourperu.com\/es\/wp-json\/wp\/v2\/pages\/4340","targetHints":{"allow":["GET"]}}],"collection":[{"href":"https:\/\/acuarelatourperu.com\/es\/wp-json\/wp\/v2\/pages"}],"about":[{"href":"https:\/\/acuarelatourperu.com\/es\/wp-json\/wp\/v2\/types\/page"}],"author":[{"embeddable":true,"href":"https:\/\/acuarelatourperu.com\/es\/wp-json\/wp\/v2\/users\/1"}],"replies":[{"embeddable":true,"href":"https:\/\/acuarelatourperu.com\/es\/wp-json\/wp\/v2\/comments?post=4340"}],"version-history":[{"count":8,"href":"https:\/\/acuarelatourperu.com\/es\/wp-json\/wp\/v2\/pages\/4340\/revisions"}],"predecessor-version":[{"id":4511,"href":"https:\/\/acuarelatourperu.com\/es\/wp-json\/wp\/v2\/pages\/4340\/revisions\/4511"}],"wp:attachment":[{"href":"https:\/\/acuarelatourperu.com\/es\/wp-json\/wp\/v2\/media?parent=4340"}],"curies":[{"name":"wp","href":"https:\/\/api.w.org\/{rel}","templated":true}]}}