{"id":125,"date":"2016-04-25T03:03:05","date_gmt":"2016-04-25T03:03:05","guid":{"rendered":"http:\/\/demo.themeton.com\/travel\/?page_id=125"},"modified":"2019-09-15T19:55:30","modified_gmt":"2019-09-15T19:55:30","slug":"nosotros","status":"publish","type":"page","link":"https:\/\/acuarelatourperu.com\/fr\/nosotros\/","title":{"rendered":"\u00c0 propos de nous"},"content":{"rendered":"[vc_row][vc_column]\n<div id=\"rev_slider_5_3_wrapper\" class=\"rev_slider_wrapper fullwidthbanner-container\" data-source=\"gallery\" style=\"margin:0px auto;background:transparent;padding:0px;margin-top:0px;margin-bottom:0px;\">\n<!-- START REVOLUTION SLIDER 5.4.8.2 fullwidth mode -->\n\t<div id=\"rev_slider_5_3\" class=\"rev_slider fullwidthabanner\" style=\"display:none;\" data-version=\"5.4.8.2\">\n<ul>\t<!-- SLIDE  -->\n\t<li data-index=\"rs-17\" data-transition=\"fade\" data-slotamount=\"default\" data-hideafterloop=\"0\" data-hideslideonmobile=\"off\"  data-easein=\"default\" data-easeout=\"default\" data-masterspeed=\"610\"  data-thumb=\"https:\/\/acuarelatourperu.com\/wp-content\/uploads\/2019\/04\/plantilla-portadas-acuarela-1-100x50.jpg\"  data-delay=\"3500\"  data-rotate=\"0\"  data-saveperformance=\"off\"  data-title=\"Slide\" data-param1=\"\" data-param2=\"\" data-param3=\"\" data-param4=\"\" data-param5=\"\" data-param6=\"\" data-param7=\"\" data-param8=\"\" data-param9=\"\" data-param10=\"\" data-description=\"\">\n\t\t<!-- MAIN IMAGE -->\n\t\t<img loading=\"lazy\" decoding=\"async\" src=\"https:\/\/acuarelatourperu.com\/wp-content\/uploads\/2019\/04\/plantilla-portadas-acuarela-1.jpg\"  alt=\"\" title=\"plantilla-portadas-acuarela\"  width=\"2000\" height=\"700\" data-bgposition=\"center center\" data-bgfit=\"cover\" data-bgrepeat=\"no-repeat\" class=\"rev-slidebg\" data-no-retina>\n\t\t<!-- LAYERS -->\n\t<\/li>\n\t<!-- SLIDE  -->\n\t<li data-index=\"rs-38\" data-transition=\"fade\" data-slotamount=\"default\" data-hideafterloop=\"0\" data-hideslideonmobile=\"off\"  data-easein=\"default\" data-easeout=\"default\" data-masterspeed=\"300\"  data-thumb=\"https:\/\/acuarelatourperu.com\/wp-content\/uploads\/2019\/04\/plantilla-portadas-acuarela5-100x50.jpg\"  data-delay=\"3500\"  data-rotate=\"0\"  data-saveperformance=\"off\"  data-title=\"Slide\" data-param1=\"\" data-param2=\"\" data-param3=\"\" data-param4=\"\" data-param5=\"\" data-param6=\"\" data-param7=\"\" data-param8=\"\" data-param9=\"\" data-param10=\"\" data-description=\"\">\n\t\t<!-- MAIN IMAGE -->\n\t\t<img loading=\"lazy\" decoding=\"async\" src=\"https:\/\/acuarelatourperu.com\/wp-content\/uploads\/2019\/04\/plantilla-portadas-acuarela5.jpg\"  alt=\"\" title=\"plantilla-portadas-acuarela5\"  width=\"2000\" height=\"700\" data-bgposition=\"center center\" data-bgfit=\"cover\" data-bgrepeat=\"no-repeat\" class=\"rev-slidebg\" data-no-retina>\n\t\t<!-- LAYERS -->\n\t<\/li>\n\t<!-- SLIDE  -->\n\t<li data-index=\"rs-18\" data-transition=\"fade\" data-slotamount=\"default\" data-hideafterloop=\"0\" data-hideslideonmobile=\"off\"  data-easein=\"default\" data-easeout=\"default\" data-masterspeed=\"300\"  data-thumb=\"https:\/\/acuarelatourperu.com\/wp-content\/uploads\/2019\/04\/plantilla-portadas-acuarela2-1-100x50.jpg\"  data-delay=\"3500\"  data-rotate=\"0\"  data-saveperformance=\"off\"  data-title=\"Slide\" data-param1=\"\" data-param2=\"\" data-param3=\"\" data-param4=\"\" data-param5=\"\" data-param6=\"\" data-param7=\"\" data-param8=\"\" data-param9=\"\" data-param10=\"\" data-description=\"\">\n\t\t<!-- MAIN IMAGE -->\n\t\t<img loading=\"lazy\" decoding=\"async\" src=\"https:\/\/acuarelatourperu.com\/wp-content\/uploads\/2019\/04\/plantilla-portadas-acuarela2-1.jpg\"  alt=\"\" title=\"plantilla-portadas-acuarela2\"  width=\"2000\" height=\"700\" data-bgposition=\"center center\" data-bgfit=\"cover\" data-bgrepeat=\"no-repeat\" class=\"rev-slidebg\" data-no-retina>\n\t\t<!-- LAYERS -->\n\t<\/li>\n\t<!-- SLIDE  -->\n\t<li data-index=\"rs-19\" data-transition=\"fade\" data-slotamount=\"default\" data-hideafterloop=\"0\" data-hideslideonmobile=\"off\"  data-easein=\"default\" data-easeout=\"default\" data-masterspeed=\"300\"  data-thumb=\"https:\/\/acuarelatourperu.com\/wp-content\/uploads\/2019\/09\/1-2-100x50.jpg\"  data-delay=\"3500\"  data-rotate=\"0\"  data-saveperformance=\"off\"  data-title=\"Slide\" data-param1=\"\" data-param2=\"\" data-param3=\"\" data-param4=\"\" data-param5=\"\" data-param6=\"\" data-param7=\"\" data-param8=\"\" data-param9=\"\" data-param10=\"\" data-description=\"\">\n\t\t<!-- MAIN IMAGE -->\n\t\t<img loading=\"lazy\" decoding=\"async\" src=\"https:\/\/acuarelatourperu.com\/wp-content\/uploads\/2019\/09\/1-2.jpg\"  alt=\"\" title=\"1\"  width=\"2000\" height=\"700\" data-bgposition=\"center center\" data-bgfit=\"cover\" data-bgrepeat=\"no-repeat\" class=\"rev-slidebg\" data-no-retina>\n\t\t<!-- LAYERS -->\n\t<\/li>\n\t<!-- SLIDE  -->\n\t<li data-index=\"rs-37\" data-transition=\"fade\" data-slotamount=\"default\" data-hideafterloop=\"0\" data-hideslideonmobile=\"off\"  data-easein=\"default\" data-easeout=\"default\" data-masterspeed=\"300\"  data-thumb=\"https:\/\/acuarelatourperu.com\/wp-content\/uploads\/2019\/04\/plantilla-portadas-acuarela4-1-100x50.jpg\"  data-delay=\"3500\"  data-rotate=\"0\"  data-saveperformance=\"off\"  data-title=\"Slide\" data-param1=\"\" data-param2=\"\" data-param3=\"\" data-param4=\"\" data-param5=\"\" data-param6=\"\" data-param7=\"\" data-param8=\"\" data-param9=\"\" data-param10=\"\" data-description=\"\">\n\t\t<!-- MAIN IMAGE -->\n\t\t<img loading=\"lazy\" decoding=\"async\" src=\"https:\/\/acuarelatourperu.com\/wp-content\/uploads\/2019\/04\/plantilla-portadas-acuarela4-1.jpg\"  alt=\"\" title=\"plantilla-portadas-acuarela4\"  width=\"2000\" height=\"700\" data-bgposition=\"center center\" data-bgfit=\"cover\" data-bgrepeat=\"no-repeat\" class=\"rev-slidebg\" data-no-retina>\n\t\t<!-- LAYERS -->\n\t<\/li>\n\t<!-- SLIDE  -->\n\t<li data-index=\"rs-139\" data-transition=\"fade\" data-slotamount=\"default\" data-hideafterloop=\"0\" data-hideslideonmobile=\"off\"  data-easein=\"default\" data-easeout=\"default\" data-masterspeed=\"300\"  data-thumb=\"https:\/\/acuarelatourperu.com\/wp-content\/uploads\/2019\/09\/2-100x50.jpg\"  data-delay=\"3500\"  data-rotate=\"0\"  data-saveperformance=\"off\"  data-title=\"Slide\" data-param1=\"\" data-param2=\"\" data-param3=\"\" data-param4=\"\" data-param5=\"\" data-param6=\"\" data-param7=\"\" data-param8=\"\" data-param9=\"\" data-param10=\"\" data-description=\"\">\n\t\t<!-- MAIN IMAGE -->\n\t\t<img loading=\"lazy\" decoding=\"async\" src=\"https:\/\/acuarelatourperu.com\/wp-content\/uploads\/2019\/09\/2.jpg\"  alt=\"\" title=\"2\"  width=\"2000\" height=\"700\" data-bgposition=\"center center\" data-bgfit=\"cover\" data-bgrepeat=\"no-repeat\" class=\"rev-slidebg\" data-no-retina>\n\t\t<!-- LAYERS -->\n\t<\/li>\n<\/ul>\n<script>var htmlDiv = document.getElementById(\"rs-plugin-settings-inline-css\"); var htmlDivCss=\"\";\r\n\t\t\t\t\t\tif(htmlDiv) {\r\n\t\t\t\t\t\t\thtmlDiv.innerHTML = htmlDiv.innerHTML + htmlDivCss;\r\n\t\t\t\t\t\t}else{\r\n\t\t\t\t\t\t\tvar htmlDiv = document.createElement(\"div\");\r\n\t\t\t\t\t\t\thtmlDiv.innerHTML = \"<style>\" + htmlDivCss + \"<\/style>\";\r\n\t\t\t\t\t\t\tdocument.getElementsByTagName(\"head\")[0].appendChild(htmlDiv.childNodes[0]);\r\n\t\t\t\t\t\t}\r\n\t\t\t\t\t<\/script>\n<div class=\"tp-bannertimer tp-bottom\" style=\"visibility: hidden !important;\"><\/div>\t<\/div>\n<script>var htmlDiv = document.getElementById(\"rs-plugin-settings-inline-css\"); var htmlDivCss=\"\";\r\n\t\t\t\tif(htmlDiv) {\r\n\t\t\t\t\thtmlDiv.innerHTML = htmlDiv.innerHTML + htmlDivCss;\r\n\t\t\t\t}else{\r\n\t\t\t\t\tvar htmlDiv = document.createElement(\"div\");\r\n\t\t\t\t\thtmlDiv.innerHTML = \"<style>\" + htmlDivCss + \"<\/style>\";\r\n\t\t\t\t\tdocument.getElementsByTagName(\"head\")[0].appendChild(htmlDiv.childNodes[0]);\r\n\t\t\t\t}\r\n\t\t\t<\/script>\n\t\t<script type=\"text\/javascript\">\r\nif (setREVStartSize!==undefined) setREVStartSize(\r\n\t{c: '#rev_slider_5_3', gridwidth: [2000], gridheight: [500], sliderLayout: 'fullwidth'});\r\n\t\t\t\r\nvar revapi5,\r\n\ttpj;\t\r\n(function() {\t\t\t\r\n\tif (!\/loaded|interactive|complete\/.test(document.readyState)) document.addEventListener(\"DOMContentLoaded\",onLoad); else onLoad();\t\r\n\tfunction onLoad() {\t\t\t\t\r\n\t\tif (tpj===undefined) { tpj = jQuery; if(\"off\" == \"on\") tpj.noConflict();}\r\n\tif(tpj(\"#rev_slider_5_3\").revolution == undefined){\n\t\trevslider_showDoubleJqueryError(\"#rev_slider_5_3\");\n\t}else{\n\t\trevapi5 = tpj(\"#rev_slider_5_3\").show().revolution({\n\t\t\tsliderType:\"standard\",\n\t\t\tjsFileLocation:\"\/\/acuarelatourperu.com\/wp-content\/plugins\/revslider\/public\/assets\/js\/\",\n\t\t\tsliderLayout:\"fullwidth\",\n\t\t\tdottedOverlay:\"none\",\n\t\t\tdelay:9000,\n\t\t\tnavigation: {\n\t\t\t\tkeyboardNavigation:\"off\",\n\t\t\t\tkeyboard_direction: \"horizontal\",\n\t\t\t\tmouseScrollNavigation:\"off\",\n \t\t\t\t\t\t\tmouseScrollReverse:\"default\",\n\t\t\t\tonHoverStop:\"off\",\n\t\t\t\tarrows: {\n\t\t\t\t\tstyle:\"hesperiden\",\n\t\t\t\t\tenable:true,\n\t\t\t\t\thide_onmobile:false,\n\t\t\t\t\thide_onleave:false,\n\t\t\t\t\ttmp:'',\n\t\t\t\t\tleft: {\n\t\t\t\t\t\th_align:\"left\",\n\t\t\t\t\t\tv_align:\"center\",\n\t\t\t\t\t\th_offset:20,\n\t\t\t\t\t\tv_offset:0\n\t\t\t\t\t},\n\t\t\t\t\tright: {\n\t\t\t\t\t\th_align:\"right\",\n\t\t\t\t\t\tv_align:\"center\",\n\t\t\t\t\t\th_offset:20,\n\t\t\t\t\t\tv_offset:0\n\t\t\t\t\t}\n\t\t\t\t}\n\t\t\t},\n\t\t\tvisibilityLevels:[1240,1024,778,480],\n\t\t\tgridwidth:2000,\n\t\t\tgridheight:500,\n\t\t\tlazyType:\"none\",\n\t\t\tshadow:0,\n\t\t\tspinner:\"spinner0\",\n\t\t\tstopLoop:\"off\",\n\t\t\tstopAfterLoops:-1,\n\t\t\tstopAtSlide:-1,\n\t\t\tshuffle:\"off\",\n\t\t\tautoHeight:\"off\",\n\t\t\tdisableProgressBar:\"on\",\n\t\t\thideThumbsOnMobile:\"off\",\n\t\t\thideSliderAtLimit:0,\n\t\t\thideCaptionAtLimit:0,\n\t\t\thideAllCaptionAtLilmit:0,\n\t\t\tdebugMode:false,\n\t\t\tfallbacks: {\n\t\t\t\tsimplifyAll:\"off\",\n\t\t\t\tnextSlideOnWindowFocus:\"off\",\n\t\t\t\tdisableFocusListener:false,\n\t\t\t}\n\t\t});\n\t}; \/* END OF revapi call *\/\n\t\n }; \/* END OF ON LOAD FUNCTION *\/\r\n}()); \/* END OF WRAPPING FUNCTION *\/\r\n<\/script>\r\n\t\t<script>\r\n\t\t\t\t\tvar htmlDivCss = unescape(\".hesperiden.tparrows%20%7B%0A%09cursor%3Apointer%3B%0A%09background%3Argba%280%2C0%2C0%2C0.5%29%3B%0A%09width%3A40px%3B%0A%09height%3A40px%3B%0A%09position%3Aabsolute%3B%0A%09display%3Ablock%3B%0A%09z-index%3A100%3B%0A%20%20%20%20border-radius%3A%2050%25%3B%0A%7D%0A.hesperiden.tparrows%3Ahover%20%7B%0A%09background%3Argba%280%2C%200%2C%200%2C%201%29%3B%0A%7D%0A.hesperiden.tparrows%3Abefore%20%7B%0A%09font-family%3A%20%22revicons%22%3B%0A%09font-size%3A20px%3B%0A%09color%3Argb%28255%2C%20255%2C%20255%29%3B%0A%09display%3Ablock%3B%0A%09line-height%3A%2040px%3B%0A%09text-align%3A%20center%3B%0A%7D%0A.hesperiden.tparrows.tp-leftarrow%3Abefore%20%7B%0A%09content%3A%20%22%5Ce82c%22%3B%0A%20%20%20%20margin-left%3A-3px%3B%0A%7D%0A.hesperiden.tparrows.tp-rightarrow%3Abefore%20%7B%0A%09content%3A%20%22%5Ce82d%22%3B%0A%20%20%20%20margin-right%3A-3px%3B%0A%7D%0A\");\r\n\t\t\t\t\tvar htmlDiv = document.getElementById('rs-plugin-settings-inline-css');\r\n\t\t\t\t\tif(htmlDiv) {\r\n\t\t\t\t\t\thtmlDiv.innerHTML = htmlDiv.innerHTML + htmlDivCss;\r\n\t\t\t\t\t}\r\n\t\t\t\t\telse{\r\n\t\t\t\t\t\tvar htmlDiv = document.createElement('div');\r\n\t\t\t\t\t\thtmlDiv.innerHTML = '<style>' + htmlDivCss + '<\/style>';\r\n\t\t\t\t\t\tdocument.getElementsByTagName('head')[0].appendChild(htmlDiv.childNodes[0]);\r\n\t\t\t\t\t}\r\n\t\t\t\t  <\/script>\r\n\t\t\t\t<\/div><!-- END REVOLUTION SLIDER -->[\/vc_column][\/vc_row][vc_row one_page_section=\u00a0\u00bbyes\u00a0\u00bb one_page_label=\u00a0\u00bbServices\u00a0\u00bb one_page_slug=\u00a0\u00bbservices\u00a0\u00bb css=\u00a0\u00bb.vc_custom_1561559987054{padding-top: 20px !important;padding-bottom: 120px !important;}\u00a0\u00bb][vc_column css=\u00a0\u00bb.vc_custom_1461227943574{padding-top: 0px !important;padding-bottom: 0px !important;}\u00a0\u00bb][vc_column_text]\n<h2 style=\"text-align: center;\"><strong><span style=\"color: #3db0b3;\">\u00c0 PROPOS DE NOUS<\/span><\/strong><\/h2>\n[\/vc_column_text][vc_empty_space height=\u00a0\u00bb10PX\u00a0\u00bb][vc_column_text]<strong>ACUARELA TOUR PERU<\/strong> est n\u00e9 du d\u00e9sir de deux \u201cArequipe\u00f1os\u201d , Carla Liz\u00e1rraga, et Omar Quintana, de r\u00e9v\u00e9ler les beaut\u00e9s du P\u00e9rou. Ses montagnes o\u00f9 les rochers se m\u00ealent, entre de beaux paysages de couleur qui forment une aquarelle accompagn\u00e9e par ses terrasses incas, ses plantes, ses animaux et bien sur sans oublier les chaleureux habitants fiers de leur histoire.<span class=\"Apple-converted-space\">\u00a0<\/span><\/p>\n<p>Le P\u00e9rou est \u00e0 d\u00e9couvrir absolument. Avec sa c\u00f4te d\u00e9sertique, t\u00e9moin pr\u00e9-Inca des cultures dont la magie est cach\u00e9e sous l&rsquo;aridit\u00e9 d&rsquo;un sol br\u00fblant et o\u00f9 les diff\u00e9rentes lignes de Nazca sont encore un myst\u00e8re, tout comme les p\u00e9troglyphes de Toro Muerto dans le d\u00e9sert d&rsquo;Arequipa ou ceux de Pusharo dans la for\u00eat amazonienne, une r\u00e9gion riche en biodiversit\u00e9 avec plus de 1800 esp\u00e8ces d&rsquo;oiseaux pour satisfaire la curiosit\u00e9 des ornithologues et amateurs.[\/vc_column_text][\/vc_column][\/vc_row][vc_row][vc_column width=\u00a0\u00bb1\/4&Prime; horizontal_align=\u00a0\u00bbcenter\u00a0\u00bb vertical_align=\u00a0\u00bbmiddle\u00a0\u00bb][vc_single_image image=\u00a0\u00bb2886&Prime; img_size=\u00a0\u00bbmedium\u00a0\u00bb style=\u00a0\u00bbvc_box_circle_2&Prime;][\/vc_column][vc_column width=\u00a0\u00bb3\/4&Prime;][vc_column_text]\n<p class=\"Cuerpo\"><b>Carla<\/b>, n\u00e9e a Arequipa, a grandi \u00e0 la campagne, aime la nature et une de ses passions est de profiter des propri\u00e9t\u00e9s des plantes. Elle a \u00e9tudi\u00e9 le tourisme et la gestion h\u00f4teli\u00e8re et a rapidement commenc\u00e9 \u00e0 travailler en anglais comme guide, o\u00f9 elle a acqui de l&rsquo;exp\u00e9rience dans le tourisme r\u00e9ceptif et de nombreuses agences de voyages pendant plusieurs ann\u00e9es, avant de se rendre en Europe pour travailler sur la croisi\u00e8re Costa Crocciere. Puis elle est partie pour la France, o\u00f9 elle a appris la langue avant de rentrer au P\u00e9rou pour r\u00e9veler de nouvelles destinations dans son pays bien-aim\u00e9. Enfin, elle a fond\u00e9 sa famille et a d\u00e9cid\u00e9 de travailler depuis chez elle ou comme elle dit : \u00ab\u00a0Mon bureau est o\u00f9 que je sois, que ce soit a la plage ou en montagne \u00e0 4000 m\u00e8tres d\u2019altitude\u00a0\u00bb ; elle aide chacun de ses visiteurs \u00e0 vivre une exp\u00e9rience inoubliable au P\u00e9rou avec de bons conseils et une organisation impeccable. Elle travaille aussi en tant que guide et compagne de voyage \u00e0 niveau local et national depuis 2006, toujours avec le sourire et beaucoup de professionnalisme.<\/p>\n[\/vc_column_text][\/vc_column][\/vc_row][vc_row][vc_column][vc_empty_space][\/vc_column][\/vc_row][vc_row][vc_column width=\u00a0\u00bb1\/4&Prime; horizontal_align=\u00a0\u00bbcenter\u00a0\u00bb vertical_align=\u00a0\u00bbmiddle\u00a0\u00bb][vc_single_image image=\u00a0\u00bb2888&Prime; img_size=\u00a0\u00bbmedium\u00a0\u00bb style=\u00a0\u00bbvc_box_circle_2&Prime;][\/vc_column][vc_column width=\u00a0\u00bb3\/4&Prime;][vc_column_text]\n<p class=\"Cuerpo\"><b>Omar<\/b>:\u00a0N\u00e9 \u00e0 Mollendo, il a grandi pr\u00e8s de la mer, est passsion\u00e9 de diff\u00e9rents esp\u00e8ces d&rsquo;oiseaux et est un grand fan d\u2019ornithologie. Il a \u00e9tudi\u00e9 le tourisme et la gestion h\u00f4teli\u00e8re \u00e0 Arequipa et a travaill\u00e9 pendant plusieurs ann\u00e9es dans l&rsquo;un des canyons les plus profonds du monde, le Canyon du Colca, pendant lesquelles il a acquis beaucoup d&rsquo;exp\u00e9rience. Puis il a voyag\u00e9 \u00e0 l&rsquo;\u00e9tranger pour apprendre plus d&rsquo;anglais et travailler dans les Cara\u00efbes, donnant des cours de plong\u00e9e. De retour au P\u00e9rou, sa passion pour l&rsquo;aventure l&rsquo;am\u00e8ne \u00e0 d\u00e9couvrir de nouveaux circuits \u00e0 travers les plus hautes montagnes, et en travaillant avec Carla, ils se d\u00e9dient a proposer de nouvelles destinations en plus que les itineraires conventionnels. Il est guide d&rsquo;aventure et compagnon de voyage \u00e0 niveau local et national depuis 2002, avec une grande connaissance de la culture et un grand amour pour notre plan\u00eate et lamontagne.<span class=\"Apple-converted-space\">\u00a0<\/span><\/p>\n[\/vc_column_text][\/vc_column][\/vc_row][vc_row][vc_column][vc_empty_space][vc_separator color=\u00a0\u00bbturquoise\u00a0\u00bb][vc_empty_space][\/vc_column][\/vc_row][vc_row][vc_column][vc_column_text]\n<p style=\"text-align: center;\">Nous vous invitons \u00e0 d\u00e9couvrir notre histoire ancestrale.<\/p>\n<p style=\"text-align: center;\">C\u2019est cette passion qui nous conduit \u00e0 observer cette terre avec tant d&rsquo;amour et de respect.<span class=\"Apple-converted-space\">\u00a0 <\/span>Pourquoi ne pas decouvrir le P\u00e9rou et\/ou la Bolivie avec un service personnalis\u00e9, ce qui rendra sans doute votre voyage inoubliable et extraordinaire?<\/p>\n<p style=\"text-align: center;\">C&rsquo;est le P\u00e9rou et la Bolivie que nous voulons vous faire d\u00e9couvrir d&rsquo;une mani\u00e8re sp\u00e9ciale&#8230; Allez, venez avec nous pour voir de vos propres yeux cette magie qui bat encore dans ce coin du monde.<span class=\"Apple-converted-space\">\u00a0<\/span><\/p>\n<p style=\"text-align: center;\">Pendant que vous y \u00eates, aidez-nous \u00e0 planter ! Chez Acuarela, nous avons des projets de reboisement, pour chaque client, un arbre typique du P\u00e9rou sera plant\u00e9 : Que\u00f1ua (Polylepis besserique) qui pousse dans les hautes terres, aidant les diff\u00e9rentes esp\u00e8ces \u00e0 am\u00e9liorer leur habitat. Chaque Que\u00f1ua portera le nom de nos clients: un souvenir unique et eternel de votre passage au P\u00e9rou.<span class=\"Apple-converted-space\">\u00a0<\/span><\/p>\n[\/vc_column_text][\/vc_column][\/vc_row][vc_row][vc_column][vc_facebook type=\u00a0\u00bbbutton_count\u00a0\u00bb css_animation=\u00a0\u00bbfadeIn\u00a0\u00bb][\/vc_column][\/vc_row]","protected":false},"excerpt":{"rendered":"<p>[vc_row][vc_column][\/vc_column][\/vc_row][vc_row one_page_section=\u00a0\u00bbyes\u00a0\u00bb one_page_label=\u00a0\u00bbServices\u00a0\u00bb one_page_slug=\u00a0\u00bbservices\u00a0\u00bb css=\u00a0\u00bb.vc_custom_1561559987054{padding-top: 20px !important;padding-bottom: 120px !important;}\u00a0\u00bb][vc_column css=\u00a0\u00bb.vc_custom_1461227943574{padding-top: 0px !important;padding-bottom: 0px !important;}\u00a0\u00bb][vc_column_text] \u00c0 PROPOS DE NOUS [\/vc_column_text][vc_empty_space height=\u00a0\u00bb10PX\u00a0\u00bb][vc_column_text]ACUARELA TOUR PERU est n\u00e9 du d\u00e9sir de deux \u201cArequipe\u00f1os\u201d ,&#8230;<\/p>\n","protected":false},"author":1,"featured_media":0,"parent":0,"menu_order":0,"comment_status":"closed","ping_status":"closed","template":"","meta":{"_acf_changed":false,"footnotes":""},"class_list":["post-125","page","type-page","status-publish","hentry"],"acf":[],"_links":{"self":[{"href":"https:\/\/acuarelatourperu.com\/fr\/wp-json\/wp\/v2\/pages\/125","targetHints":{"allow":["GET"]}}],"collection":[{"href":"https:\/\/acuarelatourperu.com\/fr\/wp-json\/wp\/v2\/pages"}],"about":[{"href":"https:\/\/acuarelatourperu.com\/fr\/wp-json\/wp\/v2\/types\/page"}],"author":[{"embeddable":true,"href":"https:\/\/acuarelatourperu.com\/fr\/wp-json\/wp\/v2\/users\/1"}],"replies":[{"embeddable":true,"href":"https:\/\/acuarelatourperu.com\/fr\/wp-json\/wp\/v2\/comments?post=125"}],"version-history":[{"count":23,"href":"https:\/\/acuarelatourperu.com\/fr\/wp-json\/wp\/v2\/pages\/125\/revisions"}],"predecessor-version":[{"id":4510,"href":"https:\/\/acuarelatourperu.com\/fr\/wp-json\/wp\/v2\/pages\/125\/revisions\/4510"}],"wp:attachment":[{"href":"https:\/\/acuarelatourperu.com\/fr\/wp-json\/wp\/v2\/media?parent=125"}],"curies":[{"name":"wp","href":"https:\/\/api.w.org\/{rel}","templated":true}]}}