{"id":129,"date":"2016-04-25T03:12:28","date_gmt":"2016-04-25T03:12:28","guid":{"rendered":"http:\/\/demo.themeton.com\/travel\/?page_id=129"},"modified":"2019-12-20T21:42:36","modified_gmt":"2019-12-20T21:42:36","slug":"tours","status":"publish","type":"page","link":"https:\/\/acuarelatourperu.com\/fr\/tours\/","title":{"rendered":"Tours"},"content":{"rendered":"[vc_row][vc_column][vc_column_text]\n<h2 style=\"text-align: center;\"><strong><span style=\"color: #02aea9;\">TOURS<\/span><\/strong><\/h2>\n[\/vc_column_text][\/vc_column][\/vc_row][vc_row][vc_column][vc_column_text]\n<p class=\"Cuerpo\" style=\"text-align: center;\"><strong> Nous vous invitons \u00e0 d\u00e9couvrir notre histoire ancestrale, \u00e0 observer cette terre avec tant d&rsquo;amour pour sa conservation et de respect pour la nature. <\/strong><\/p>\n<p class=\"Cuerpo\" style=\"text-align: center;\"><strong>Pourquoi ne pas r\u00e9aliser ce voyage inoubliable avec un parcours personnalis\u00e9 et sur mesure? <\/strong><\/p>\n[\/vc_column_text][\/vc_column][\/vc_row][vc_row][vc_column width=\u00a0\u00bb1\/4&Prime;][vc_single_image image=\u00a0\u00bb2877&Prime; img_size=\u00a0\u00bblarge\u00a0\u00bb alignment=\u00a0\u00bbcenter\u00a0\u00bb style=\u00a0\u00bbvc_box_rounded\u00a0\u00bb][vc_btn title=\u00a0\u00bbET \u00c7A S&rsquo;APPELLE LE P\u00c9ROU &#8211; 11 Jours\u00a0\u00bb color=\u00a0\u00bbturquoise\u00a0\u00bb align=\u00a0\u00bbcenter\u00a0\u00bb link=\u00a0\u00bburl:http%3A%2F%2Fwww.acuarelatourperu.com%2Fy-se-llama-peru%2F|||\u00a0\u00bb][\/vc_column][vc_column width=\u00a0\u00bb1\/4&Prime;][vc_single_image image=\u00a0\u00bb3842&Prime; img_size=\u00a0\u00bblarge\u00a0\u00bb alignment=\u00a0\u00bbcenter\u00a0\u00bb style=\u00a0\u00bbvc_box_rounded\u00a0\u00bb][vc_btn title=\u00a0\u00bbNORD DU P\u00c9ROU ET LE MACHU PICCHU &#8211; 13 Jours\u00a0\u00bb color=\u00a0\u00bbturquoise\u00a0\u00bb align=\u00a0\u00bbcenter\u00a0\u00bb link=\u00a0\u00bburl:http%3A%2F%2Fwww.acuarelatourperu.com%2Fperu-norte-y-machupicchu%2F|||\u00a0\u00bb][\/vc_column][vc_column width=\u00a0\u00bb1\/4&Prime;][vc_single_image image=\u00a0\u00bb3840&Prime; img_size=\u00a0\u00bblarge\u00a0\u00bb alignment=\u00a0\u00bbcenter\u00a0\u00bb style=\u00a0\u00bbvc_box_rounded\u00a0\u00bb][vc_btn title=\u00a0\u00bbP\u00c9ROU ANCESTRAL &#8211; 15 Jours\u00a0\u00bb color=\u00a0\u00bbturquoise\u00a0\u00bb align=\u00a0\u00bbcenter\u00a0\u00bb link=\u00a0\u00bburl:http%3A%2F%2Fwww.acuarelatourperu.com%2Fperu-ancestral%2F|||\u00a0\u00bb][\/vc_column][vc_column width=\u00a0\u00bb1\/4&Prime;][vc_single_image image=\u00a0\u00bb3841&Prime; img_size=\u00a0\u00bblarge\u00a0\u00bb alignment=\u00a0\u00bbcenter\u00a0\u00bb style=\u00a0\u00bbvc_box_rounded\u00a0\u00bb][vc_btn title=\u00a0\u00bbLE PEROU METIS &#8211; 17 Jours\u00a0\u00bb color=\u00a0\u00bbturquoise\u00a0\u00bb align=\u00a0\u00bbcenter\u00a0\u00bb link=\u00a0\u00bburl:http%3A%2F%2Fwww.acuarelatourperu.com%2Fperu-mestizo%2F|||\u00a0\u00bb][\/vc_column][\/vc_row][vc_row][vc_column][vc_empty_space height=\u00a0\u00bb32&Prime;][\/vc_column][\/vc_row][vc_row][vc_column width=\u00a0\u00bb1\/4&Prime;][vc_single_image image=\u00a0\u00bb3780&Prime; img_size=\u00a0\u00bblarge\u00a0\u00bb alignment=\u00a0\u00bbcenter\u00a0\u00bb style=\u00a0\u00bbvc_box_rounded\u00a0\u00bb][vc_btn title=\u00a0\u00bbAQUARELLE P\u00c9RUVIENNE &#8211; 18 Jours\u00a0\u00bb color=\u00a0\u00bbturquoise\u00a0\u00bb align=\u00a0\u00bbcenter\u00a0\u00bb link=\u00a0\u00bburl:http%3A%2F%2Fwww.acuarelatourperu.com%2Facuarela-peruana%2F|||\u00a0\u00bb][\/vc_column][vc_column width=\u00a0\u00bb1\/4&Prime;][vc_single_image image=\u00a0\u00bb3836&Prime; img_size=\u00a0\u00bblarge\u00a0\u00bb alignment=\u00a0\u00bbcenter\u00a0\u00bb style=\u00a0\u00bbvc_box_rounded\u00a0\u00bb][vc_btn title=\u00a0\u00bbAVEC TOI, P\u00c9ROU &#8211; 21 Jours\u00a0\u00bb color=\u00a0\u00bbturquoise\u00a0\u00bb align=\u00a0\u00bbcenter\u00a0\u00bb link=\u00a0\u00bburl:http%3A%2F%2Fwww.acuarelatourperu.com%2Fcontigo-peru%2F|||\u00a0\u00bb][\/vc_column][vc_column width=\u00a0\u00bb1\/4&Prime;][vc_single_image image=\u00a0\u00bb2464&Prime; img_size=\u00a0\u00bblarge\u00a0\u00bb alignment=\u00a0\u00bbcenter\u00a0\u00bb style=\u00a0\u00bbvc_box_rounded\u00a0\u00bb][vc_btn title=\u00a0\u00bbPEROU AVENTURE &#8211; 22 Jours\u00a0\u00bb color=\u00a0\u00bbturquoise\u00a0\u00bb align=\u00a0\u00bbcenter\u00a0\u00bb link=\u00a0\u00bburl:http%3A%2F%2Fwww.acuarelatourperu.com%2Fperu-aventura%2F|||\u00a0\u00bb][\/vc_column][vc_column width=\u00a0\u00bb1\/4&Prime;][vc_single_image image=\u00a0\u00bb3782&Prime; img_size=\u00a0\u00bblarge\u00a0\u00bb alignment=\u00a0\u00bbcenter\u00a0\u00bb style=\u00a0\u00bbvc_box_rounded\u00a0\u00bb][vc_btn title=\u00a0\u00bbEXTENSION AU P\u00c9ROU AMAZONIEN &#8211; 5 Jours\u00a0\u00bb color=\u00a0\u00bbturquoise\u00a0\u00bb align=\u00a0\u00bbcenter\u00a0\u00bb link=\u00a0\u00bburl:http%3A%2F%2Fwww.acuarelatourperu.com%2Fextension-en-amazonia%2F|||\u00a0\u00bb][\/vc_column][\/vc_row][vc_row][vc_column][vc_empty_space height=\u00a0\u00bb32&Prime;][\/vc_column][\/vc_row][vc_row][vc_column width=\u00a0\u00bb1\/3&Prime;][vc_single_image image=\u00a0\u00bb3975&Prime; img_size=\u00a0\u00bblarge\u00a0\u00bb alignment=\u00a0\u00bbcenter\u00a0\u00bb style=\u00a0\u00bbvc_box_rounded\u00a0\u00bb][vc_btn title=\u00a0\u00bbBOLIVIE INSOLITE &#8211; 9 Jours\u00a0\u00bb color=\u00a0\u00bbturquoise\u00a0\u00bb align=\u00a0\u00bbcenter\u00a0\u00bb link=\u00a0\u00bburl:http%3A%2F%2Fwww.acuarelatourperu.com%2Fbolivia-insolita%2F|||\u00a0\u00bb][\/vc_column][vc_column width=\u00a0\u00bb1\/3&Prime;][vc_single_image image=\u00a0\u00bb3833&Prime; img_size=\u00a0\u00bblarge\u00a0\u00bb alignment=\u00a0\u00bbcenter\u00a0\u00bb style=\u00a0\u00bbvc_box_rounded\u00a0\u00bb][vc_btn title=\u00a0\u00bbBOLIVIE ALTIPLANIQUE &#8211; 9 Jours\u00a0\u00bb color=\u00a0\u00bbturquoise\u00a0\u00bb align=\u00a0\u00bbcenter\u00a0\u00bb link=\u00a0\u00bburl:http%3A%2F%2Fwww.acuarelatourperu.com%2Fextension-a-bolivia%2F|||\u00a0\u00bb][\/vc_column][vc_column width=\u00a0\u00bb1\/3&Prime;][vc_single_image image=\u00a0\u00bb2469&Prime; img_size=\u00a0\u00bblarge\u00a0\u00bb alignment=\u00a0\u00bbcenter\u00a0\u00bb style=\u00a0\u00bbvc_box_rounded\u00a0\u00bb][vc_btn title=\u00a0\u00bbBOLIVIE ECOLOGIQUE &#8211; 10 Jours\u00a0\u00bb color=\u00a0\u00bbturquoise\u00a0\u00bb align=\u00a0\u00bbcenter\u00a0\u00bb link=\u00a0\u00bburl:http%3A%2F%2Fwww.acuarelatourperu.com%2Fextension-bolivia-con-selva%2F|||\u00a0\u00bb][\/vc_column][\/vc_row]","protected":false},"excerpt":{"rendered":"<p>[vc_row][vc_column][vc_column_text] TOURS [\/vc_column_text][\/vc_column][\/vc_row][vc_row][vc_column][vc_column_text] Nous vous invitons \u00e0 d\u00e9couvrir notre histoire ancestrale, \u00e0 observer cette terre avec tant d&rsquo;amour pour sa conservation et de respect pour la nature. Pourquoi ne pas&#8230;<\/p>\n","protected":false},"author":1,"featured_media":0,"parent":0,"menu_order":0,"comment_status":"closed","ping_status":"closed","template":"","meta":{"_acf_changed":false,"footnotes":""},"class_list":["post-129","page","type-page","status-publish","hentry"],"acf":[],"_links":{"self":[{"href":"https:\/\/acuarelatourperu.com\/fr\/wp-json\/wp\/v2\/pages\/129","targetHints":{"allow":["GET"]}}],"collection":[{"href":"https:\/\/acuarelatourperu.com\/fr\/wp-json\/wp\/v2\/pages"}],"about":[{"href":"https:\/\/acuarelatourperu.com\/fr\/wp-json\/wp\/v2\/types\/page"}],"author":[{"embeddable":true,"href":"https:\/\/acuarelatourperu.com\/fr\/wp-json\/wp\/v2\/users\/1"}],"replies":[{"embeddable":true,"href":"https:\/\/acuarelatourperu.com\/fr\/wp-json\/wp\/v2\/comments?post=129"}],"version-history":[{"count":50,"href":"https:\/\/acuarelatourperu.com\/fr\/wp-json\/wp\/v2\/pages\/129\/revisions"}],"predecessor-version":[{"id":4695,"href":"https:\/\/acuarelatourperu.com\/fr\/wp-json\/wp\/v2\/pages\/129\/revisions\/4695"}],"wp:attachment":[{"href":"https:\/\/acuarelatourperu.com\/fr\/wp-json\/wp\/v2\/media?parent=129"}],"curies":[{"name":"wp","href":"https:\/\/api.w.org\/{rel}","templated":true}]}}