{"id":2044,"date":"2019-02-22T20:01:01","date_gmt":"2019-02-22T20:01:01","guid":{"rendered":"http:\/\/www.acuarelatourperu.com\/?page_id=2044"},"modified":"2019-12-20T21:05:47","modified_gmt":"2019-12-20T21:05:47","slug":"excursiones","status":"publish","type":"page","link":"https:\/\/acuarelatourperu.com\/fr\/excursions\/","title":{"rendered":"Excursions"},"content":{"rendered":"[vc_row content_placement=\u00a0\u00bbmiddle\u00a0\u00bb][vc_column width=\u00a0\u00bb1\/2&Prime;][vc_gallery type=\u00a0\u00bbflexslider_slide\u00a0\u00bb interval=\u00a0\u00bb3&Prime; images=\u00a0\u00bb3821,3822,3824&Prime; img_size=\u00a0\u00bb600&#215;350&Prime; onclick=\u00a0\u00bb\u00a0\u00bb][\/vc_column][vc_column width=\u00a0\u00bb1\/2&Prime;][vc_column_text]\n<h3 style=\"text-align: center;\"><span style=\"color: #302f2f;\"> CONVENTIONNEL <\/span><\/h3>\n[\/vc_column_text][vc_column_text]\n<p style=\"text-align: justify;\">Un voyage sur mesure, une exp\u00e9rience loin de chez nous, une excuse pour faire nos valises et partir a l\u2019aventure.<\/p>\n[\/vc_column_text][vc_btn title=\u00a0\u00bbExplorar\u00a0\u00bb color=\u00a0\u00bbturquoise\u00a0\u00bb align=\u00a0\u00bbcenter\u00a0\u00bb link=\u00a0\u00bburl:http%3A%2F%2Fwww.acuarelatourperu.com%2Ftour-convencional%2F|||\u00a0\u00bb][\/vc_column][\/vc_row][vc_row][vc_column][vc_empty_space height=\u00a0\u00bb50px\u00a0\u00bb][\/vc_column][\/vc_row][vc_row content_placement=\u00a0\u00bbmiddle\u00a0\u00bb][vc_column width=\u00a0\u00bb1\/2&Prime;][vc_gallery type=\u00a0\u00bbflexslider_slide\u00a0\u00bb interval=\u00a0\u00bb3&Prime; images=\u00a0\u00bb3826,3828,3827&Prime; img_size=\u00a0\u00bb600&#215;350&Prime; onclick=\u00a0\u00bb\u00a0\u00bb][\/vc_column][vc_column width=\u00a0\u00bb1\/2&Prime;][vc_column_text]\n<h3 style=\"text-align: center;\"><span style=\"color: #302f2f;\"> AVENTURE <\/span><\/h3>\n[\/vc_column_text][vc_column_text]\n<p style=\"text-align: justify;\">Conqu\u00e9rir le monde \u00e0 pied, c&rsquo;est conna\u00eetre la vraie culture locale. Chaque sentier entre montagnes et canyons nous m\u00e8ne \u00e0 une aventure inoubliable.<\/p>\n[\/vc_column_text][vc_btn title=\u00a0\u00bbExplorar\u00a0\u00bb color=\u00a0\u00bbturquoise\u00a0\u00bb align=\u00a0\u00bbcenter\u00a0\u00bb link=\u00a0\u00bburl:http%3A%2F%2Fwww.acuarelatourperu.com%2Faventura%2F|||\u00a0\u00bb][\/vc_column][\/vc_row][vc_row][vc_column][vc_empty_space height=\u00a0\u00bb50px\u00a0\u00bb][\/vc_column][\/vc_row][vc_row content_placement=\u00a0\u00bbmiddle\u00a0\u00bb][vc_column width=\u00a0\u00bb1\/2&Prime;][vc_gallery type=\u00a0\u00bbflexslider_slide\u00a0\u00bb interval=\u00a0\u00bb3&Prime; images=\u00a0\u00bb3823,3829,2502,3830&Prime; img_size=\u00a0\u00bb600&#215;350&Prime; onclick=\u00a0\u00bb\u00a0\u00bb][\/vc_column][vc_column width=\u00a0\u00bb1\/2&Prime;][vc_column_text]\n<h3 style=\"text-align: center;\"><span style=\"color: #302f2f;\"> OBSERVATION DES OISEAUX <\/span><\/h3>\n[\/vc_column_text][vc_column_text]\n<p style=\"text-align: justify;\">Cette sp\u00e9cialit\u00e9 en tourisme n&rsquo;est propos\u00e9e qu&rsquo;en anglais, malheureseument. Les informations telles que les livres, les textes ne sont disponibles qu\u2019en cette langue, et les guides sp\u00e9cialis\u00e9s ne maitrisent ce sujet qu\u2019en anglais. Si vous souhaitez r\u00e9server l&rsquo;un de ces services, nous vous prions de prendre en compte qu\u2019une bonne compr\u00e9hension de la langue anglaise sera n\u00e9cessaire. Je vous remercie.<\/p>\n[\/vc_column_text][vc_btn title=\u00a0\u00bbExplorar\u00a0\u00bb color=\u00a0\u00bbturquoise\u00a0\u00bb align=\u00a0\u00bbcenter\u00a0\u00bb link=\u00a0\u00bburl:http%3A%2F%2Fwww.acuarelatourperu.com%2Fobservacion-de-aves%2F|||\u00a0\u00bb][\/vc_column][\/vc_row]","protected":false},"excerpt":{"rendered":"<p>[vc_row content_placement=\u00a0\u00bbmiddle\u00a0\u00bb][vc_column width=\u00a0\u00bb1\/2&Prime;][vc_gallery type=\u00a0\u00bbflexslider_slide\u00a0\u00bb interval=\u00a0\u00bb3&Prime; images=\u00a0\u00bb3821,3822,3824&Prime; img_size=\u00a0\u00bb600&#215;350&Prime; onclick=\u00a0\u00bb\u00a0\u00bb][\/vc_column][vc_column width=\u00a0\u00bb1\/2&Prime;][vc_column_text] CONVENTIONNEL [\/vc_column_text][vc_column_text] Un voyage sur mesure, une exp\u00e9rience loin de chez nous, une excuse pour faire nos valises et partir a&#8230;<\/p>\n","protected":false},"author":1,"featured_media":0,"parent":0,"menu_order":0,"comment_status":"closed","ping_status":"closed","template":"","meta":{"_acf_changed":false,"footnotes":""},"class_list":["post-2044","page","type-page","status-publish","hentry"],"acf":[],"_links":{"self":[{"href":"https:\/\/acuarelatourperu.com\/fr\/wp-json\/wp\/v2\/pages\/2044","targetHints":{"allow":["GET"]}}],"collection":[{"href":"https:\/\/acuarelatourperu.com\/fr\/wp-json\/wp\/v2\/pages"}],"about":[{"href":"https:\/\/acuarelatourperu.com\/fr\/wp-json\/wp\/v2\/types\/page"}],"author":[{"embeddable":true,"href":"https:\/\/acuarelatourperu.com\/fr\/wp-json\/wp\/v2\/users\/1"}],"replies":[{"embeddable":true,"href":"https:\/\/acuarelatourperu.com\/fr\/wp-json\/wp\/v2\/comments?post=2044"}],"version-history":[{"count":63,"href":"https:\/\/acuarelatourperu.com\/fr\/wp-json\/wp\/v2\/pages\/2044\/revisions"}],"predecessor-version":[{"id":4677,"href":"https:\/\/acuarelatourperu.com\/fr\/wp-json\/wp\/v2\/pages\/2044\/revisions\/4677"}],"wp:attachment":[{"href":"https:\/\/acuarelatourperu.com\/fr\/wp-json\/wp\/v2\/media?parent=2044"}],"curies":[{"name":"wp","href":"https:\/\/api.w.org\/{rel}","templated":true}]}}