{"id":2106,"date":"2019-02-25T06:12:31","date_gmt":"2019-02-25T06:12:31","guid":{"rendered":"http:\/\/www.acuarelatourperu.com\/?page_id=2106"},"modified":"2019-12-20T18:57:38","modified_gmt":"2019-12-20T18:57:38","slug":"puno","status":"publish","type":"page","link":"https:\/\/acuarelatourperu.com\/fr\/puno\/","title":{"rendered":"PUNO"},"content":{"rendered":"[vc_row][vc_column]\n<div id=\"rev_slider_13_3_wrapper\" class=\"rev_slider_wrapper fullwidthbanner-container\" data-source=\"gallery\" style=\"margin:0px auto;background:transparent;padding:0px;margin-top:0px;margin-bottom:0px;\">\n<!-- START REVOLUTION SLIDER 5.4.8.2 fullwidth mode -->\n\t<div id=\"rev_slider_13_3\" class=\"rev_slider fullwidthabanner\" style=\"display:none;\" data-version=\"5.4.8.2\">\n<ul>\t<!-- SLIDE  -->\n\t<li data-index=\"rs-41\" data-transition=\"fade\" data-slotamount=\"default\" data-hideafterloop=\"0\" data-hideslideonmobile=\"off\"  data-easein=\"default\" data-easeout=\"default\" data-masterspeed=\"300\"  data-rotate=\"0\"  data-saveperformance=\"off\"  data-title=\"Slide\" data-param1=\"\" data-param2=\"\" data-param3=\"\" data-param4=\"\" data-param5=\"\" data-param6=\"\" data-param7=\"\" data-param8=\"\" data-param9=\"\" data-param10=\"\" data-description=\"\">\n\t\t<!-- MAIN IMAGE -->\n\t\t<img loading=\"lazy\" decoding=\"async\" src=\"https:\/\/www.youtube.com\/watch?v=heaVB10NSwA\"  alt=\"\"  width=\"1920\" height=\"1080\" data-bgposition=\"center center\" data-bgfit=\"cover\" data-bgrepeat=\"no-repeat\" class=\"rev-slidebg\" data-no-retina>\n\t\t<!-- LAYERS -->\n\n\t\t<!-- LAYER NR. 1 -->\n\t\t<div class=\"tp-caption   tp-resizeme tp-videolayer\" \n\t\t\t id=\"slide-41-layer-1\" \n\t\t\t data-x=\"center\" data-hoffset=\"\" \n\t\t\t data-y=\"center\" data-voffset=\"\" \n\t\t\tdata-type=\"video\" \n\t\t\tdata-responsive_offset=\"on\" \n\n\t\t\tdata-frames='[{\"delay\":0,\"speed\":300,\"frame\":\"0\",\"from\":\"opacity:0;\",\"to\":\"o:1;\",\"ease\":\"Power3.easeInOut\"},{\"delay\":\"wait\",\"speed\":300,\"frame\":\"999\",\"to\":\"opacity:0;\",\"ease\":\"Power3.easeInOut\"}]'\n data-ytid=\"heaVB10NSwA\" data-videoattributes=\"version=3&amp;enablejsapi=1&amp;html5=1&amp;volume=100&hd=1&wmode=opaque&showinfo=0&rel=0;;origin=https:\/\/acuarelatourperu.com;\" data-videorate=\"1\" data-videowidth=\"1989px\" data-videoheight=\"689px\" data-videocontrols=\"controls\" data-videoloop=\"none\"\t\t\tdata-textAlign=\"['inherit','inherit','inherit','inherit']\"\n\t\t\tdata-paddingtop=\"[0,0,0,0]\"\n\t\t\tdata-paddingright=\"[0,0,0,0]\"\n\t\t\tdata-paddingbottom=\"[0,0,0,0]\"\n\t\t\tdata-paddingleft=\"[0,0,0,0]\"\n\t\t\tdata-autoplay=\"on\" \n\t\t\tdata-volume=\"100\"\n\t\t\tstyle=\"z-index: 5;\"> <\/div>\n\t<\/li>\n<\/ul>\n<div class=\"tp-bannertimer tp-bottom\" style=\"visibility: hidden !important;\"><\/div>\t<\/div>\n<script>var htmlDiv = document.getElementById(\"rs-plugin-settings-inline-css\"); var htmlDivCss=\"\";\r\n\t\t\t\tif(htmlDiv) {\r\n\t\t\t\t\thtmlDiv.innerHTML = htmlDiv.innerHTML + htmlDivCss;\r\n\t\t\t\t}else{\r\n\t\t\t\t\tvar htmlDiv = document.createElement(\"div\");\r\n\t\t\t\t\thtmlDiv.innerHTML = \"<style>\" + htmlDivCss + \"<\/style>\";\r\n\t\t\t\t\tdocument.getElementsByTagName(\"head\")[0].appendChild(htmlDiv.childNodes[0]);\r\n\t\t\t\t}\r\n\t\t\t<\/script>\n\t\t<script type=\"text\/javascript\">\r\nif (setREVStartSize!==undefined) setREVStartSize(\r\n\t{c: '#rev_slider_13_3', gridwidth: [2000], gridheight: [700], sliderLayout: 'fullwidth'});\r\n\t\t\t\r\nvar revapi13,\r\n\ttpj;\t\r\n(function() {\t\t\t\r\n\tif (!\/loaded|interactive|complete\/.test(document.readyState)) document.addEventListener(\"DOMContentLoaded\",onLoad); else onLoad();\t\r\n\tfunction onLoad() {\t\t\t\t\r\n\t\tif (tpj===undefined) { tpj = jQuery; if(\"off\" == \"on\") tpj.noConflict();}\r\n\tif(tpj(\"#rev_slider_13_3\").revolution == undefined){\n\t\trevslider_showDoubleJqueryError(\"#rev_slider_13_3\");\n\t}else{\n\t\trevapi13 = tpj(\"#rev_slider_13_3\").show().revolution({\n\t\t\tsliderType:\"standard\",\n\t\t\tjsFileLocation:\"\/\/acuarelatourperu.com\/wp-content\/plugins\/revslider\/public\/assets\/js\/\",\n\t\t\tsliderLayout:\"fullwidth\",\n\t\t\tdottedOverlay:\"none\",\n\t\t\tdelay:9000,\n\t\t\tnavigation: {\n\t\t\t\tonHoverStop:\"off\",\n\t\t\t},\n\t\t\tvisibilityLevels:[1240,1024,778,480],\n\t\t\tgridwidth:2000,\n\t\t\tgridheight:700,\n\t\t\tlazyType:\"none\",\n\t\t\tshadow:0,\n\t\t\tspinner:\"spinner0\",\n\t\t\tstopLoop:\"off\",\n\t\t\tstopAfterLoops:-1,\n\t\t\tstopAtSlide:-1,\n\t\t\tshuffle:\"off\",\n\t\t\tautoHeight:\"off\",\n\t\t\tdisableProgressBar:\"on\",\n\t\t\thideThumbsOnMobile:\"off\",\n\t\t\thideSliderAtLimit:0,\n\t\t\thideCaptionAtLimit:0,\n\t\t\thideAllCaptionAtLilmit:0,\n\t\t\tdebugMode:false,\n\t\t\tfallbacks: {\n\t\t\t\tsimplifyAll:\"off\",\n\t\t\t\tnextSlideOnWindowFocus:\"off\",\n\t\t\t\tdisableFocusListener:false,\n\t\t\t}\n\t\t});\n\t}; \/* END OF revapi call *\/\n\t\n }; \/* END OF ON LOAD FUNCTION *\/\r\n}()); \/* END OF WRAPPING FUNCTION *\/\r\n<\/script>\r\n\t\t<\/div><!-- END REVOLUTION SLIDER -->[vc_empty_space][\/vc_column][\/vc_row][vc_row][vc_column][vc_column_text]\n<h1 style=\"text-align: center;\"><strong><span style=\"color: #02aea9;\">Puno<\/span><\/strong><\/h1>\n[\/vc_column_text][vc_empty_space][\/vc_column][\/vc_row][vc_row][vc_column][vc_tta_tabs style=\u00a0\u00bbmodern\u00a0\u00bb color=\u00a0\u00bbturquoise\u00a0\u00bb alignment=\u00a0\u00bbcenter\u00a0\u00bb active_section=\u00a0\u00bb1&Prime;][vc_tta_section title=\u00a0\u00bbCONVENTIONNEL\u00a0\u00bb tab_id=\u00a0\u00bb1551342739523-54363bc1-96e5&Prime;][vc_column_text css=\u00a0\u00bb.vc_custom_1576867660370{padding-top: 20px !important;padding-right: 20px !important;padding-left: 20px !important;}\u00a0\u00bb]\n<p style=\"text-align: center;\">Ne manquez pas l&#8217;embl\u00e8me le plus connu de l&rsquo;altiplano: Puno, entour\u00e9 de plusieurs endroits int\u00e9ressants et charg\u00e9s d&rsquo;histoire, o\u00f9 la pr\u00e9sence de l&rsquo;homme remonte \u00e0 plusieurs si\u00e8cles et nous captive toujours autant par sa culture vivante \u00e0 plus de 3800 m\u00e8tres d&rsquo;altitude.<\/p>\n[\/vc_column_text][vc_row_inner css=\u00a0\u00bb.vc_custom_1551342893999{padding-top: 20px !important;}\u00a0\u00bb][vc_column_inner width=\u00a0\u00bb1\/4&Prime;][vc_single_image image=\u00a0\u00bb2571&Prime; img_size=\u00a0\u00bb400&#215;200&Prime;][vc_btn title=\u00a0\u00bbSILLUSTANI &#8211; 4 heures\u00a0\u00bb color=\u00a0\u00bbturquoise\u00a0\u00bb align=\u00a0\u00bbcenter\u00a0\u00bb link=\u00a0\u00bburl:http%3A%2F%2Fwww.acuarelatourperu.com%2Fsillustani%2F|||\u00a0\u00bb][\/vc_column_inner][vc_column_inner width=\u00a0\u00bb1\/4&Prime;][vc_single_image image=\u00a0\u00bb2572&Prime; img_size=\u00a0\u00bb400&#215;200&Prime;][vc_btn title=\u00a0\u00bbCHUCUITO \/ MARCH\u00c9 DE L&rsquo;ACORA (week-end) \/ ISCAPATAZA \/ CHARCAS \/ UROS &#8211; 1 Jour\u00a0\u00bb color=\u00a0\u00bbturquoise\u00a0\u00bb align=\u00a0\u00bbcenter\u00a0\u00bb link=\u00a0\u00bburl:http%3A%2F%2Fwww.acuarelatourperu.com%2Fchucuito-mercado-de-acora-fin-de-semana-iscapataza-charcas-uros%2F|||\u00a0\u00bb][\/vc_column_inner][vc_column_inner width=\u00a0\u00bb1\/4&Prime;][vc_single_image image=\u00a0\u00bb2573&Prime; img_size=\u00a0\u00bb400&#215;200&Prime;][vc_btn title=\u00a0\u00bbARAMU MURU \/ COPAMAYA \/ CHARCAS \/ UROS &#8211; 1 Jour\u00a0\u00bb color=\u00a0\u00bbturquoise\u00a0\u00bb align=\u00a0\u00bbcenter\u00a0\u00bb link=\u00a0\u00bburl:http%3A%2F%2Fwww.acuarelatourperu.com%2Ffull-day-aramu-muru-copamaya-charcas-uros%2F|||\u00a0\u00bb][\/vc_column_inner][vc_column_inner width=\u00a0\u00bb1\/4&Prime;][vc_single_image image=\u00a0\u00bb2574&Prime; img_size=\u00a0\u00bb400&#215;200&Prime;][vc_btn title=\u00a0\u00bbPUKARA \/ LAMPA &#8211; 8 HEURES\u00a0\u00bb color=\u00a0\u00bbturquoise\u00a0\u00bb align=\u00a0\u00bbcenter\u00a0\u00bb link=\u00a0\u00bburl:http%3A%2F%2Fwww.acuarelatourperu.com%2Fpukara-lampa%2F|||\u00a0\u00bb][\/vc_column_inner][\/vc_row_inner][vc_row_inner css=\u00a0\u00bb.vc_custom_1551342893999{padding-top: 20px !important;}\u00a0\u00bb][vc_column_inner width=\u00a0\u00bb1\/4&Prime;][vc_single_image image=\u00a0\u00bb2575&Prime; img_size=\u00a0\u00bb400&#215;200&Prime;][vc_btn title=\u00a0\u00bbPUKARA \/ TINAJANI &#8211; 8 HEURES\u00a0\u00bb color=\u00a0\u00bbturquoise\u00a0\u00bb align=\u00a0\u00bbcenter\u00a0\u00bb link=\u00a0\u00bburl:http%3A%2F%2Fwww.acuarelatourperu.com%2Fpukara-tinajani%2F|||\u00a0\u00bb][\/vc_column_inner][vc_column_inner width=\u00a0\u00bb1\/4&Prime;][vc_single_image image=\u00a0\u00bb2519&Prime; img_size=\u00a0\u00bb400&#215;200&Prime;][vc_btn title=\u00a0\u00bbUROS \/ LLACH\u00d3N \/ TAQUILE \/ PUNO &#8211; 2D \u2013 SEJOUR CHEZ L\u2019HABITANT\u00a0\u00bb color=\u00a0\u00bbturquoise\u00a0\u00bb align=\u00a0\u00bbcenter\u00a0\u00bb link=\u00a0\u00bburl:http%3A%2F%2Fwww.acuarelatourperu.com%2Furos-llachon-taquile-puno%2F|||\u00a0\u00bb][\/vc_column_inner][vc_column_inner width=\u00a0\u00bb1\/4&Prime;][vc_single_image image=\u00a0\u00bb2520&Prime; img_size=\u00a0\u00bb400&#215;200&Prime;][vc_btn title=\u00a0\u00bbUROS \/ AMANTANI \/ TAQUILE \/ PUNO \u2013 2 JOURS \u2013 SEJOUR CHEZ L\u2019HABITANT\u00a0\u00bb color=\u00a0\u00bbturquoise\u00a0\u00bb align=\u00a0\u00bbcenter\u00a0\u00bb link=\u00a0\u00bburl:http%3A%2F%2Fwww.acuarelatourperu.com%2Furos-amantani-taquile-puno%2F|||\u00a0\u00bb][\/vc_column_inner][\/vc_row_inner][\/vc_tta_section][vc_tta_section title=\u00a0\u00bbAVENTURE\u00a0\u00bb tab_id=\u00a0\u00bb1551343388998-990041e9-8e59&Prime;][vc_column_text css=\u00a0\u00bb.vc_custom_1576867754188{padding-top: 20px !important;padding-right: 20px !important;padding-left: 20px !important;}\u00a0\u00bb]\n<p style=\"text-align: center;\">Nous avons diff\u00e9rents itin\u00e9raires d&rsquo;exp\u00e9ditions, d&rsquo;une demi-journ\u00e9e \u00e0 plusieurs jours, toujours avec notre personnel exp\u00e9riment\u00e9 et du personnel de soutien. Ceci nous permet de travailler en toute s\u00e9curit\u00e9 et avec tout le mat\u00e9riel n\u00e9cessaire pour ce type d&rsquo;aventure.<\/p>\n[\/vc_column_text][vc_row_inner css=\u00a0\u00bb.vc_custom_1551342893999{padding-top: 20px !important;}\u00a0\u00bb][vc_column_inner width=\u00a0\u00bb1\/4&Prime;][vc_single_image image=\u00a0\u00bb2577&Prime; img_size=\u00a0\u00bb400&#215;200&Prime;][vc_btn title=\u00a0\u00bbUROS EN KAYAK &#8211; \u00bd JOUR\u00a0\u00bb color=\u00a0\u00bbturquoise\u00a0\u00bb align=\u00a0\u00bbcenter\u00a0\u00bb link=\u00a0\u00bburl:http%3A%2F%2Fwww.acuarelatourperu.com%2Furos-by-kayak%2F|||\u00a0\u00bb][\/vc_column_inner][vc_column_inner width=\u00a0\u00bb1\/4&Prime;][vc_single_image image=\u00a0\u00bb2578&Prime; img_size=\u00a0\u00bb400&#215;200&Prime;][vc_btn title=\u00a0\u00bbV\u00e9lo flottant: PUNO \u2013 ILES UROS &#8211; Demi-journ\u00e9e\u00a0\u00bb color=\u00a0\u00bbturquoise\u00a0\u00bb align=\u00a0\u00bbcenter\u00a0\u00bb link=\u00a0\u00bburl:http%3A%2F%2Fwww.acuarelatourperu.com%2Ffloating-bike-puno-isla-de-los-uros%2F|||\u00a0\u00bb][\/vc_column_inner][vc_column_inner width=\u00a0\u00bb1\/4&Prime;][vc_single_image image=\u00a0\u00bb2579&Prime; img_size=\u00a0\u00bb400&#215;200&Prime;][vc_btn title=\u00a0\u00bbVELO EN MONTAGNE VERS LES RUINS DE CUTIMBO &#8211; Demi-journ\u00e9e\u00a0\u00bb color=\u00a0\u00bbturquoise\u00a0\u00bb align=\u00a0\u00bbcenter\u00a0\u00bb link=\u00a0\u00bburl:http%3A%2F%2Fwww.acuarelatourperu.com%2Fbicicleta-montanera-hacia-las-ruinas-de-cutimbo%2F|||\u00a0\u00bb][\/vc_column_inner][vc_column_inner width=\u00a0\u00bb1\/4&Prime;][vc_single_image image=\u00a0\u00bb3759&Prime; img_size=\u00a0\u00bb400&#215;200&Prime;][vc_btn title=\u00a0\u00bbLES ILES UROS EN KAYAK \/ TAQUILE \/ PUNO &#8211; 2 JOURS\u00a0\u00bb color=\u00a0\u00bbturquoise\u00a0\u00bb align=\u00a0\u00bbcenter\u00a0\u00bb link=\u00a0\u00bburl:http%3A%2F%2Fwww.acuarelatourperu.com%2Furos-by-kayak-taquile-puno%2F|||\u00a0\u00bb][\/vc_column_inner][\/vc_row_inner][\/vc_tta_section][\/vc_tta_tabs][\/vc_column][\/vc_row]","protected":false},"excerpt":{"rendered":"<p>[vc_row][vc_column][vc_empty_space][\/vc_column][\/vc_row][vc_row][vc_column][vc_column_text] Puno [\/vc_column_text][vc_empty_space][\/vc_column][\/vc_row][vc_row][vc_column][vc_tta_tabs style=\u00a0\u00bbmodern\u00a0\u00bb color=\u00a0\u00bbturquoise\u00a0\u00bb alignment=\u00a0\u00bbcenter\u00a0\u00bb active_section=\u00a0\u00bb1&Prime;][vc_tta_section title=\u00a0\u00bbCONVENTIONNEL\u00a0\u00bb tab_id=\u00a0\u00bb1551342739523-54363bc1-96e5&Prime;][vc_column_text css=\u00a0\u00bb.vc_custom_1576867660370{padding-top: 20px !important;padding-right: 20px !important;padding-left: 20px !important;}\u00a0\u00bb] Ne manquez pas l&#8217;embl\u00e8me le plus connu de l&rsquo;altiplano: Puno, entour\u00e9 de plusieurs endroits&#8230;<\/p>\n","protected":false},"author":1,"featured_media":0,"parent":0,"menu_order":0,"comment_status":"closed","ping_status":"closed","template":"","meta":{"_acf_changed":false,"footnotes":""},"class_list":["post-2106","page","type-page","status-publish","hentry"],"acf":[],"_links":{"self":[{"href":"https:\/\/acuarelatourperu.com\/fr\/wp-json\/wp\/v2\/pages\/2106","targetHints":{"allow":["GET"]}}],"collection":[{"href":"https:\/\/acuarelatourperu.com\/fr\/wp-json\/wp\/v2\/pages"}],"about":[{"href":"https:\/\/acuarelatourperu.com\/fr\/wp-json\/wp\/v2\/types\/page"}],"author":[{"embeddable":true,"href":"https:\/\/acuarelatourperu.com\/fr\/wp-json\/wp\/v2\/users\/1"}],"replies":[{"embeddable":true,"href":"https:\/\/acuarelatourperu.com\/fr\/wp-json\/wp\/v2\/comments?post=2106"}],"version-history":[{"count":31,"href":"https:\/\/acuarelatourperu.com\/fr\/wp-json\/wp\/v2\/pages\/2106\/revisions"}],"predecessor-version":[{"id":4659,"href":"https:\/\/acuarelatourperu.com\/fr\/wp-json\/wp\/v2\/pages\/2106\/revisions\/4659"}],"wp:attachment":[{"href":"https:\/\/acuarelatourperu.com\/fr\/wp-json\/wp\/v2\/media?parent=2106"}],"curies":[{"name":"wp","href":"https:\/\/api.w.org\/{rel}","templated":true}]}}