{"id":2109,"date":"2019-02-25T06:15:37","date_gmt":"2019-02-25T06:15:37","guid":{"rendered":"http:\/\/www.acuarelatourperu.com\/?page_id=2109"},"modified":"2019-12-20T19:49:03","modified_gmt":"2019-12-20T19:49:03","slug":"destinos","status":"publish","type":"page","link":"https:\/\/acuarelatourperu.com\/fr\/destinos\/","title":{"rendered":"DESTINOS"},"content":{"rendered":"[vc_row][vc_column width=\u00a0\u00bb1\/2&Prime;][vc_gallery type=\u00a0\u00bbflexslider_slide\u00a0\u00bb interval=\u00a0\u00bb3&Prime; images=\u00a0\u00bb2504,2505,2506&Prime; img_size=\u00a0\u00bb600&#215;350&Prime; onclick=\u00a0\u00bb\u00a0\u00bb][\/vc_column][vc_column width=\u00a0\u00bb1\/2&Prime; horizontal_align=\u00a0\u00bbcenter\u00a0\u00bb vertical_align=\u00a0\u00bbmiddle\u00a0\u00bb][vc_column_text css=\u00a0\u00bb.vc_custom_1551342252578{padding-top: 20px !important;}\u00a0\u00bb]\n<h3 style=\"text-align: center;\">Arequipa<\/h3>\n[\/vc_column_text][vc_column_text]\n<p style=\"text-align: justify;\">Arequipa (2300 m\u00e8tres) est l&rsquo;une des plus belles villes du P\u00e9rou, connue sous le nom de Ville Blanche grace a la pierre volcanique utilisee lors de la construction de ses maisons coloniales dans le centre ville, a \u00e9t\u00e9 d\u00e9clar\u00e9e patrimoine mondial par l&rsquo;UNESCO. Une destination bien connue pour son bon climat, sa d\u00e9licieuse gastronomie et l\u2019endroit id\u00e9al pour s&rsquo;acclimater \u00e0 l&rsquo;altitude.<\/p>\n[\/vc_column_text][vc_btn title=\u00a0\u00bbExplorar\u00a0\u00bb color=\u00a0\u00bbturquoise\u00a0\u00bb align=\u00a0\u00bbcenter\u00a0\u00bb link=\u00a0\u00bburl:http%3A%2F%2Fwww.acuarelatourperu.com%2Farequipa%2F|||\u00a0\u00bb][\/vc_column][\/vc_row][vc_row][vc_column][vc_empty_space height=\u00a0\u00bb50&Prime;][\/vc_column][\/vc_row][vc_row][vc_column width=\u00a0\u00bb1\/2&Prime;][vc_gallery type=\u00a0\u00bbflexslider_slide\u00a0\u00bb interval=\u00a0\u00bb3&Prime; images=\u00a0\u00bb2508,2509,2510&Prime; img_size=\u00a0\u00bb600&#215;350&Prime; onclick=\u00a0\u00bb\u00a0\u00bb][\/vc_column][vc_column width=\u00a0\u00bb1\/2&Prime; horizontal_align=\u00a0\u00bbcenter\u00a0\u00bb vertical_align=\u00a0\u00bbmiddle\u00a0\u00bb][vc_column_text css=\u00a0\u00bb.vc_custom_1551342353156{padding-top: 5px !important;}\u00a0\u00bb]\n<h3 style=\"text-align: center;\">Cusco<\/h3>\n[\/vc_column_text][vc_column_text]\n<p style=\"text-align: justify;\">Nous visiterons ce lieu magique avec sa propre personnalit\u00e9, o\u00f9 ses ruelles pav\u00e9es \u00e9troites, ses murs de pierre, ses temples et ses palais parlent pour eux-m\u00eames de la grandeur d&rsquo;une culture pleine d&rsquo;\u00e9nergie et de magie. Vous aurez l\u2019occasion de d\u00e9couvrir des joyaux tels que la citadelle de Macchu Picchu, Choquequirao, Sacksaywaman, Ollantaytambo, et d&rsquo;autres parmi les grands rochers, vall\u00e9es, canyons et montagnes qui \u00e9taient autrefois l&#8217;empire des incas.<\/p>\n[\/vc_column_text][vc_btn title=\u00a0\u00bbExplorar\u00a0\u00bb color=\u00a0\u00bbturquoise\u00a0\u00bb align=\u00a0\u00bbcenter\u00a0\u00bb link=\u00a0\u00bburl:http%3A%2F%2Fwww.acuarelatourperu.com%2Fcusco%2F|||\u00a0\u00bb][\/vc_column][\/vc_row][vc_row][vc_column][vc_empty_space height=\u00a0\u00bb50&Prime;][\/vc_column][\/vc_row][vc_row][vc_column width=\u00a0\u00bb1\/2&Prime;][vc_gallery type=\u00a0\u00bbflexslider_slide\u00a0\u00bb interval=\u00a0\u00bb3&Prime; images=\u00a0\u00bb2511,2512,2513&Prime; img_size=\u00a0\u00bb600&#215;350&Prime; onclick=\u00a0\u00bb\u00a0\u00bb][\/vc_column][vc_column width=\u00a0\u00bb1\/2&Prime; horizontal_align=\u00a0\u00bbcenter\u00a0\u00bb vertical_align=\u00a0\u00bbmiddle\u00a0\u00bb][vc_column_text css=\u00a0\u00bb.vc_custom_1551342385894{padding-top: 5px !important;}\u00a0\u00bb]\n<h3 style=\"text-align: center;\">Huaraz<\/h3>\n[\/vc_column_text][vc_column_text]\n<p style=\"text-align: justify;\">Magnifique endroit, berceau des grandes montagnes du P\u00e9rou comme le Huascar\u00e1n, partie de la Cordill\u00e8re Blanche, qui renferme de nombreux paysages avec des lagunes turquoises, de belles vall\u00e9es, une grande production agricole, qui porte encore un savoir ancestral; lieu avec une grande diversit\u00e9 arch\u00e9ologique, paysage, biologique, mystique et aventureuse. Venez le d\u00e9couvrir et faites partie des protecteurs de la nature de notre plan\u00e8te.<\/p>\n[\/vc_column_text][vc_btn title=\u00a0\u00bbExplorar\u00a0\u00bb color=\u00a0\u00bbturquoise\u00a0\u00bb align=\u00a0\u00bbcenter\u00a0\u00bb link=\u00a0\u00bburl:http%3A%2F%2Fwww.acuarelatourperu.com%2Fhuaraz%2F|||\u00a0\u00bb][\/vc_column][\/vc_row][vc_row][vc_column][vc_empty_space height=\u00a0\u00bb50&Prime;][\/vc_column][\/vc_row][vc_row][vc_column width=\u00a0\u00bb1\/2&Prime;][vc_gallery type=\u00a0\u00bbflexslider_slide\u00a0\u00bb interval=\u00a0\u00bb3&Prime; images=\u00a0\u00bb2514,2515,2516&Prime; img_size=\u00a0\u00bb600&#215;350&Prime; onclick=\u00a0\u00bb\u00a0\u00bb][\/vc_column][vc_column width=\u00a0\u00bb1\/2&Prime; horizontal_align=\u00a0\u00bbcenter\u00a0\u00bb vertical_align=\u00a0\u00bbmiddle\u00a0\u00bb][vc_column_text css=\u00a0\u00bb.vc_custom_1551342460665{padding-top: 5px !important;}\u00a0\u00bb]\n<h3 style=\"text-align: center;\">Ica &#8211; Nazca<\/h3>\n[\/vc_column_text][vc_column_text]\n<p style=\"text-align: justify;\">Un lieu \u00e9nigmatique et myst\u00e9rieux, de cultures et d&rsquo;histoires qui se trouvent entre vall\u00e9es fertiles, soleil, plages et r\u00e9serves naturelles, peupl\u00e9 d&rsquo;une grande vari\u00e9t\u00e9 d&rsquo;esp\u00e8ces de flore et de faune, terre du Pisco et du bon vin, musique afrop\u00e9ruvienne et une oasis comme la Huacachina, morceau de vie au c\u0153ur du manteau de sable o\u00f9 les dunes sont dominantes. Venez d\u00e9couvrir une partie du d\u00e9sert d&rsquo;Atacama, le plus sec du monde.<\/p>\n[\/vc_column_text][vc_btn title=\u00a0\u00bbExplorar\u00a0\u00bb color=\u00a0\u00bbturquoise\u00a0\u00bb align=\u00a0\u00bbcenter\u00a0\u00bb link=\u00a0\u00bburl:http%3A%2F%2Fwww.acuarelatourperu.com%2Fica%2F|||\u00a0\u00bb][\/vc_column][\/vc_row][vc_row][vc_column][vc_empty_space height=\u00a0\u00bb50&Prime;][\/vc_column][\/vc_row][vc_row][vc_column width=\u00a0\u00bb1\/2&Prime;][vc_gallery type=\u00a0\u00bbflexslider_slide\u00a0\u00bb interval=\u00a0\u00bb3&Prime; images=\u00a0\u00bb2518,2519,2520&Prime; img_size=\u00a0\u00bb600&#215;350&Prime; onclick=\u00a0\u00bb\u00a0\u00bb][\/vc_column][vc_column width=\u00a0\u00bb1\/2&Prime; horizontal_align=\u00a0\u00bbcenter\u00a0\u00bb vertical_align=\u00a0\u00bbmiddle\u00a0\u00bb][vc_column_text css=\u00a0\u00bb.vc_custom_1551342521453{padding-top: 5px !important;}\u00a0\u00bb]\n<h3 style=\"text-align: center;\">Puno<\/h3>\n[\/vc_column_text][vc_column_text]\n<p style=\"text-align: justify;\">Lieu magique situ\u00e9 sur les rives du lac Titicaca qui \u00e9tait v\u00e9n\u00e9r\u00e9 par les cultures anciennes et aujourd&rsquo;hui consid\u00e9r\u00e9 comme un lieu pur et \u00e9nergique. Avec une incroyable tranquillit\u00e9 et l&rsquo;immensit\u00e9 des eaux sombres du soi-disant Lac Sacr\u00e9, nous d\u00e9couvrirons la vie sur ses \u00eeles naturelles, ainsi que celles faites par la main de l&rsquo;homme. Puno est la capitale folklorique du P\u00e9rou qui vous invite \u00e0 les visiter dans le P\u00e9rou Altiplano.<\/p>\n[\/vc_column_text][vc_btn title=\u00a0\u00bbExplorar\u00a0\u00bb color=\u00a0\u00bbturquoise\u00a0\u00bb align=\u00a0\u00bbcenter\u00a0\u00bb link=\u00a0\u00bburl:http%3A%2F%2Fwww.acuarelatourperu.com%2Fpuno%2F|||\u00a0\u00bb][\/vc_column][\/vc_row]","protected":false},"excerpt":{"rendered":"<p>[vc_row][vc_column width=\u00a0\u00bb1\/2&Prime;][vc_gallery type=\u00a0\u00bbflexslider_slide\u00a0\u00bb interval=\u00a0\u00bb3&Prime; images=\u00a0\u00bb2504,2505,2506&Prime; img_size=\u00a0\u00bb600&#215;350&Prime; onclick=\u00a0\u00bb\u00a0\u00bb][\/vc_column][vc_column width=\u00a0\u00bb1\/2&Prime; horizontal_align=\u00a0\u00bbcenter\u00a0\u00bb vertical_align=\u00a0\u00bbmiddle\u00a0\u00bb][vc_column_text css=\u00a0\u00bb.vc_custom_1551342252578{padding-top: 20px !important;}\u00a0\u00bb] Arequipa [\/vc_column_text][vc_column_text] Arequipa (2300 m\u00e8tres) est l&rsquo;une des plus belles villes du P\u00e9rou, connue sous le nom&#8230;<\/p>\n","protected":false},"author":1,"featured_media":0,"parent":0,"menu_order":0,"comment_status":"closed","ping_status":"closed","template":"","meta":{"_acf_changed":false,"footnotes":""},"class_list":["post-2109","page","type-page","status-publish","hentry"],"acf":[],"_links":{"self":[{"href":"https:\/\/acuarelatourperu.com\/fr\/wp-json\/wp\/v2\/pages\/2109","targetHints":{"allow":["GET"]}}],"collection":[{"href":"https:\/\/acuarelatourperu.com\/fr\/wp-json\/wp\/v2\/pages"}],"about":[{"href":"https:\/\/acuarelatourperu.com\/fr\/wp-json\/wp\/v2\/types\/page"}],"author":[{"embeddable":true,"href":"https:\/\/acuarelatourperu.com\/fr\/wp-json\/wp\/v2\/users\/1"}],"replies":[{"embeddable":true,"href":"https:\/\/acuarelatourperu.com\/fr\/wp-json\/wp\/v2\/comments?post=2109"}],"version-history":[{"count":43,"href":"https:\/\/acuarelatourperu.com\/fr\/wp-json\/wp\/v2\/pages\/2109\/revisions"}],"predecessor-version":[{"id":4672,"href":"https:\/\/acuarelatourperu.com\/fr\/wp-json\/wp\/v2\/pages\/2109\/revisions\/4672"}],"wp:attachment":[{"href":"https:\/\/acuarelatourperu.com\/fr\/wp-json\/wp\/v2\/media?parent=2109"}],"curies":[{"name":"wp","href":"https:\/\/api.w.org\/{rel}","templated":true}]}}