{"id":2129,"date":"2019-02-25T07:23:47","date_gmt":"2019-02-25T07:23:47","guid":{"rendered":"http:\/\/www.acuarelatourperu.com\/?page_id=2129"},"modified":"2019-12-20T21:52:55","modified_gmt":"2019-12-20T21:52:55","slug":"aventura","status":"publish","type":"page","link":"https:\/\/acuarelatourperu.com\/fr\/aventura\/","title":{"rendered":"AVENTURA"},"content":{"rendered":"[vc_row][vc_column][vc_column_text]\n<h1 style=\"text-align: center;\"><strong><span style=\"color: #02aea9;\"> AVENTURE <\/span><\/strong><\/h1>\n[\/vc_column_text][vc_empty_space][\/vc_column][\/vc_row][vc_row][vc_column][vc_tta_tabs style=\u00a0\u00bbmodern\u00a0\u00bb color=\u00a0\u00bbturquoise\u00a0\u00bb alignment=\u00a0\u00bbcenter\u00a0\u00bb active_section=\u00a0\u00bb1&Prime;][vc_tta_section title=\u00a0\u00bbArequipa\u00a0\u00bb tab_id=\u00a0\u00bb1551343388998-990041e9-8e59&Prime;][vc_column_text css=\u00a0\u00bb.vc_custom_1576875100837{padding-top: 20px !important;padding-right: 20px !important;padding-left: 20px !important;}\u00a0\u00bb]Conqu\u00e9rir le monde \u00e0 pied, c&rsquo;est conna\u00eetre la vraie culture locale. Chaque sentier entre montagnes et canyons nous m\u00e8ne \u00e0 une aventure inoubliable.[\/vc_column_text][vc_row_inner css=\u00a0\u00bb.vc_custom_1551342893999{padding-top: 20px !important;}\u00a0\u00bb][vc_column_inner width=\u00a0\u00bb1\/4&Prime;][vc_single_image image=\u00a0\u00bb4144&Prime; img_size=\u00a0\u00bb400&#215;200&Prime;][vc_btn title=\u00a0\u00bbTREK COLCA CANYON EN 2 JOURS\u00a0\u00bb color=\u00a0\u00bbturquoise\u00a0\u00bb align=\u00a0\u00bbcenter\u00a0\u00bb link=\u00a0\u00bburl:http%3A%2F%2Fwww.acuarelatourperu.com%2Ftrekking-canon-del-colca2dias%2F|||\u00a0\u00bb][\/vc_column_inner][vc_column_inner width=\u00a0\u00bb1\/4&Prime;][vc_single_image image=\u00a0\u00bb4145&Prime; img_size=\u00a0\u00bb400&#215;200&Prime;][vc_btn title=\u00a0\u00bbTREK CANYON DU COLCA EN 3 JOURS\u00a0\u00bb color=\u00a0\u00bbturquoise\u00a0\u00bb align=\u00a0\u00bbcenter\u00a0\u00bb link=\u00a0\u00bburl:http%3A%2F%2Fwww.acuarelatourperu.com%2Ftrekking-canon-del-colca%2F|||\u00a0\u00bb][\/vc_column_inner][\/vc_row_inner][\/vc_tta_section][vc_tta_section title=\u00a0\u00bbCusco\u00a0\u00bb tab_id=\u00a0\u00bb1551343385534-fc6cbf63-0d06&Prime;][vc_column_text css=\u00a0\u00bb.vc_custom_1576875158370{padding-top: 20px !important;padding-right: 20px !important;padding-left: 20px !important;}\u00a0\u00bb]\n<p style=\"text-align: center;\">Faire quelque chose de diff\u00e9rent et loin de la foule, c&rsquo;est visiter des lieux diff\u00e9rents, entour\u00e9s d&rsquo;imposants glaciers comme la montagne enneig\u00e9e du Salkantay ou le Humantay qui donne naissance \u00e0 cet impressionnant miroir d&rsquo;eau turquoise, le Chemin Inca ou l\u2019\u00e9tonnant Choquequirao; des lieux o\u00f9 le silence et le calme assurent une exp\u00e9rience magnifique. Chaque respiration vous rapproche de la puret\u00e9 d&rsquo;un monde en effervescence et vous eloigne de la pollution.[\/vc_column_text][vc_row_inner css=\u00a0\u00bb.vc_custom_1551342893999{padding-top: 20px !important;}\u00a0\u00bb][vc_column_inner width=\u00a0\u00bb1\/4&Prime;][vc_single_image image=\u00a0\u00bb4202&Prime; img_size=\u00a0\u00bb400&#215;200&Prime;][vc_btn title=\u00a0\u00bbChemin de l&rsquo;Inca \u2013 2 JOURS\u00a0\u00bb color=\u00a0\u00bbturquoise\u00a0\u00bb align=\u00a0\u00bbcenter\u00a0\u00bb link=\u00a0\u00bburl:http%3A%2F%2Fwww.acuarelatourperu.com%2Fcamino-inca-2-dias%2F|||\u00a0\u00bb][\/vc_column_inner][vc_column_inner width=\u00a0\u00bb1\/4&Prime;][vc_single_image image=\u00a0\u00bb2535&Prime; img_size=\u00a0\u00bb400&#215;200&Prime;][vc_btn title=\u00a0\u00bbPROMENADE DANS LE SUD DU SALKANTAY AVEC MACHU PICCHU \u2013 5J\/4N\u00a0\u00bb color=\u00a0\u00bbturquoise\u00a0\u00bb align=\u00a0\u00bbcenter\u00a0\u00bb link=\u00a0\u00bburl:http%3A%2F%2Fwww.acuarelatourperu.com%2Fcaminata-por-el-sur-de-salkantay-con-machupicchu%2F|||\u00a0\u00bb][\/vc_column_inner][vc_column_inner width=\u00a0\u00bb1\/4&Prime;][vc_single_image image=\u00a0\u00bb4203&Prime; img_size=\u00a0\u00bb400&#215;200&Prime;][vc_btn title=\u00a0\u00bbCUSCO\/ HURQUILLOS\/ MACHU PICCHU \u2013 2 JOURS\u00a0\u00bb color=\u00a0\u00bbturquoise\u00a0\u00bb align=\u00a0\u00bbcenter\u00a0\u00bb link=\u00a0\u00bburl:http%3A%2F%2Fwww.acuarelatourperu.com%2Fcusco-hurquillos-machu-picchu%2F|||\u00a0\u00bb][\/vc_column_inner][vc_column_inner width=\u00a0\u00bb1\/4&Prime;][vc_single_image image=\u00a0\u00bb2534&Prime; img_size=\u00a0\u00bb400&#215;200&Prime;][vc_btn title=\u00a0\u00bbCHEMIN INCA &#8211; 4 JOURS\u00a0\u00bb color=\u00a0\u00bbturquoise\u00a0\u00bb align=\u00a0\u00bbcenter\u00a0\u00bb link=\u00a0\u00bburl:http%3A%2F%2Fwww.acuarelatourperu.com%2Fcamino-inca%2F|||\u00a0\u00bb][\/vc_column_inner][\/vc_row_inner][vc_row_inner css=\u00a0\u00bb.vc_custom_1551342893999{padding-top: 20px !important;}\u00a0\u00bb][vc_column_inner width=\u00a0\u00bb1\/4&Prime;][vc_single_image image=\u00a0\u00bb2536&Prime; img_size=\u00a0\u00bb400&#215;200&Prime;][vc_btn title=\u00a0\u00bbCHOQUEQUIRAO \u2013 5 JOURS\u00a0\u00bb color=\u00a0\u00bbturquoise\u00a0\u00bb align=\u00a0\u00bbcenter\u00a0\u00bb link=\u00a0\u00bburl:http%3A%2F%2Fwww.acuarelatourperu.com%2Fchoquequirao%2F|||\u00a0\u00bb][\/vc_column_inner][vc_column_inner width=\u00a0\u00bb1\/4&Prime;][vc_single_image image=\u00a0\u00bb2537&Prime; img_size=\u00a0\u00bb400&#215;200&Prime;][vc_btn title=\u00a0\u00bbLAGUNE DE HUMANTAY \u2013 1 JOUR\u00a0\u00bb color=\u00a0\u00bbturquoise\u00a0\u00bb align=\u00a0\u00bbcenter\u00a0\u00bb link=\u00a0\u00bburl:http%3A%2F%2Fwww.acuarelatourperu.com%2Flaguna-humantay%2F|||\u00a0\u00bb][\/vc_column_inner][vc_column_inner width=\u00a0\u00bb1\/4&Prime;][vc_single_image image=\u00a0\u00bb2538&Prime; img_size=\u00a0\u00bb400&#215;200&Prime;][vc_btn title=\u00a0\u00bbLAGUNE AUX 7 COULEURS \u2013 1 JOUR\u00a0\u00bb color=\u00a0\u00bbturquoise\u00a0\u00bb align=\u00a0\u00bbcenter\u00a0\u00bb link=\u00a0\u00bburl:http%3A%2F%2Fwww.acuarelatourperu.com%2Fmontana-7-colores%2F|||\u00a0\u00bb][\/vc_column_inner][vc_column_inner width=\u00a0\u00bb1\/4&Prime;][vc_single_image image=\u00a0\u00bb2508&Prime; img_size=\u00a0\u00bb400&#215;200&Prime;][vc_btn title=\u00a0\u00bbCHEMIN ENNEIG\u00c9 SALKANTAY \/ PISTE INCA AVEC MACHU PICCHU EN TRANSPORT PRIV\u00c9 \u2013 5 JOURS\u00a0\u00bb color=\u00a0\u00bbturquoise\u00a0\u00bb align=\u00a0\u00bbcenter\u00a0\u00bb link=\u00a0\u00bburl:http%3A%2F%2Fwww.acuarelatourperu.com%2Fnevado-salkantay-camino-inca-con-machupicchu-en-transporte-privado%2F|||\u00a0\u00bb][\/vc_column_inner][\/vc_row_inner][vc_row_inner css=\u00a0\u00bb.vc_custom_1551342893999{padding-top: 20px !important;}\u00a0\u00bb][vc_column_inner width=\u00a0\u00bb1\/4&Prime;][vc_single_image image=\u00a0\u00bb2540&Prime; img_size=\u00a0\u00bb400&#215;200&Prime;][vc_btn title=\u00a0\u00bbAUSANGATE \u2013 4 JOURS\u00a0\u00bb color=\u00a0\u00bbturquoise\u00a0\u00bb align=\u00a0\u00bbcenter\u00a0\u00bb link=\u00a0\u00bburl:http%3A%2F%2Fwww.acuarelatourperu.com%2Fausangate%2F|||\u00a0\u00bb][\/vc_column_inner][vc_column_inner width=\u00a0\u00bb1\/4&Prime;][vc_single_image image=\u00a0\u00bb2541&Prime; img_size=\u00a0\u00bb400&#215;200&Prime;][vc_btn title=\u00a0\u00bbTREK DE LARES \u2013 4 JOURS\u00a0\u00bb color=\u00a0\u00bbturquoise\u00a0\u00bb align=\u00a0\u00bbcenter\u00a0\u00bb link=\u00a0\u00bburl:http%3A%2F%2Fwww.acuarelatourperu.com%2Fcaminata-lares%2F|||\u00a0\u00bb][\/vc_column_inner][\/vc_row_inner][\/vc_tta_section][vc_tta_section title=\u00a0\u00bbHuaraz\u00a0\u00bb tab_id=\u00a0\u00bb1551431818102-34caf1a7-e51e\u00a0\u00bb][vc_column_text css=\u00a0\u00bb.vc_custom_1576875334643{padding-top: 20px !important;padding-right: 20px !important;padding-left: 20px !important;}\u00a0\u00bb]\n<p style=\"text-align: center;\">Visiter la Cordill\u00e8re Blanche \u00e0 pied est l&rsquo;une des exp\u00e9riences les plus enrichissantes de notre vie, avec ses imprenables vues sur les sommets et son air pur qui vous fera sentir une libert\u00e9 totale&#8230; comme le vent.<\/p>\n[\/vc_column_text][vc_row_inner css=\u00a0\u00bb.vc_custom_1551342893999{padding-top: 20px !important;}\u00a0\u00bb][vc_column_inner width=\u00a0\u00bb1\/4&Prime;][vc_single_image image=\u00a0\u00bb2553&Prime; img_size=\u00a0\u00bb400&#215;200&Prime;][vc_btn title=\u00a0\u00bbSOMMET DU PASTORURI + 2 HEURES DE TREKKING &#8211; ROUTE DU CHANGEMENT CLIMATIQUE (JOURN\u00c9E COMPL\u00c8TE)\u00a0\u00bb color=\u00a0\u00bbturquoise\u00a0\u00bb align=\u00a0\u00bbcenter\u00a0\u00bb link=\u00a0\u00bburl:http%3A%2F%2Fwww.acuarelatourperu.com%2Fnevado-pastoruri-02-horas-de-trekk%2F|||\u00a0\u00bb][\/vc_column_inner][vc_column_inner width=\u00a0\u00bb1\/4&Prime;][vc_single_image image=\u00a0\u00bb2554&Prime; img_size=\u00a0\u00bb400&#215;200&Prime;][vc_btn title=\u00a0\u00bbCordill\u00e8re Blanche Santa Cruz &#8211; TREK AVEC LLAMAS &#8211; 4 \u00e0 6 JOURS\u00a0\u00bb color=\u00a0\u00bbturquoise\u00a0\u00bb align=\u00a0\u00bbcenter\u00a0\u00bb link=\u00a0\u00bburl:http%3A%2F%2Fwww.acuarelatourperu.com%2Fcordillera-blanca-santa-cruz-trekk-con-llamas%2F|||\u00a0\u00bb][\/vc_column_inner][vc_column_inner width=\u00a0\u00bb1\/4&Prime;][vc_single_image image=\u00a0\u00bb2556&Prime; img_size=\u00a0\u00bb400&#215;200&Prime;][vc_btn title=\u00a0\u00bbLAGUNE 69 \u2013 1 JOUR\u00a0\u00bb color=\u00a0\u00bbturquoise\u00a0\u00bb align=\u00a0\u00bbcenter\u00a0\u00bb link=\u00a0\u00bburl:http%3A%2F%2Fwww.acuarelatourperu.com%2Flaguna-69%2F|||\u00a0\u00bb][\/vc_column_inner][vc_column_inner width=\u00a0\u00bb1\/4&Prime;][vc_single_image image=\u00a0\u00bb2557&Prime; img_size=\u00a0\u00bb400&#215;200&Prime;][vc_btn title=\u00a0\u00bbLAGUNE CHURUP OU LAGUNE 7 COULEURS &#8211; 1 JOUR\u00a0\u00bb color=\u00a0\u00bbturquoise\u00a0\u00bb align=\u00a0\u00bbcenter\u00a0\u00bb link=\u00a0\u00bburl:http%3A%2F%2Fwww.acuarelatourperu.com%2Flaguna-churup-o-laguna-de-7-colores%2F|||\u00a0\u00bb][\/vc_column_inner][\/vc_row_inner][vc_row_inner css=\u00a0\u00bb.vc_custom_1551342893999{padding-top: 20px !important;}\u00a0\u00bb][vc_column_inner width=\u00a0\u00bb1\/4&Prime;][vc_single_image image=\u00a0\u00bb2560&Prime; img_size=\u00a0\u00bb400&#215;200&Prime;][vc_btn title=\u00a0\u00bbTREK SANTA CRUZ, CORDILLERA BLANCA &#8211; 4 JOURS\u00a0\u00bb color=\u00a0\u00bbturquoise\u00a0\u00bb align=\u00a0\u00bbcenter\u00a0\u00bb link=\u00a0\u00bburl:http%3A%2F%2Fwww.acuarelatourperu.com%2Ftrekking-santa-cruz-cordillera-blanca%2F|||\u00a0\u00bb][\/vc_column_inner][vc_column_inner width=\u00a0\u00bb1\/4&Prime;][vc_single_image image=\u00a0\u00bb2562&Prime; img_size=\u00a0\u00bb400&#215;200&Prime;][vc_btn title=\u00a0\u00bbLAGUNE PARON &#8211; JOURN\u00c9E COMPL\u00c8TE\u00a0\u00bb color=\u00a0\u00bbturquoise\u00a0\u00bb align=\u00a0\u00bbcenter\u00a0\u00bb link=\u00a0\u00bburl:http%3A%2F%2Fwww.acuarelatourperu.com%2Flaguna-paron%2F|||\u00a0\u00bb][\/vc_column_inner][\/vc_row_inner][\/vc_tta_section][vc_tta_section title=\u00a0\u00bbPuno\u00a0\u00bb tab_id=\u00a0\u00bb1551431895305-2cb7658c-90a8&Prime;][vc_column_text css=\u00a0\u00bb.vc_custom_1576875467734{padding-top: 20px !important;padding-right: 20px !important;padding-left: 20px !important;}\u00a0\u00bb]\n<p style=\"text-align: center;\">Nous avons diff\u00e9rents itin\u00e9raires d&rsquo;exp\u00e9ditions, d&rsquo;une demi-journ\u00e9e \u00e0 plusieurs jours, toujours avec notre personnel exp\u00e9riment\u00e9 et du personnel de soutien. Ceci nous permet de travailler en toute s\u00e9curit\u00e9 et avec tout le mat\u00e9riel n\u00e9cessaire pour ce type d&rsquo;aventure.<\/p>\n[\/vc_column_text][vc_row_inner css=\u00a0\u00bb.vc_custom_1551342893999{padding-top: 20px !important;}\u00a0\u00bb][vc_column_inner width=\u00a0\u00bb1\/4&Prime;][vc_single_image image=\u00a0\u00bb2577&Prime; img_size=\u00a0\u00bb400&#215;200&Prime;][vc_btn title=\u00a0\u00bbUROS EN KAYAK &#8211; \u00bd JOUR\u00a0\u00bb color=\u00a0\u00bbturquoise\u00a0\u00bb align=\u00a0\u00bbcenter\u00a0\u00bb link=\u00a0\u00bburl:http%3A%2F%2Fwww.acuarelatourperu.com%2Furos-by-kayak%2F|||\u00a0\u00bb][\/vc_column_inner][vc_column_inner width=\u00a0\u00bb1\/4&Prime;][vc_single_image image=\u00a0\u00bb2578&Prime; img_size=\u00a0\u00bb400&#215;200&Prime;][vc_btn title=\u00a0\u00bbV\u00e9lo flottant: PUNO \u2013 ILES UROS &#8211; Demi-journ\u00e9e\u00a0\u00bb color=\u00a0\u00bbturquoise\u00a0\u00bb align=\u00a0\u00bbcenter\u00a0\u00bb link=\u00a0\u00bburl:http%3A%2F%2Fwww.acuarelatourperu.com%2Ffloating-bike-puno-isla-de-los-uros%2F|||\u00a0\u00bb][\/vc_column_inner][vc_column_inner width=\u00a0\u00bb1\/4&Prime;][vc_single_image image=\u00a0\u00bb2579&Prime; img_size=\u00a0\u00bb400&#215;200&Prime;][vc_btn title=\u00a0\u00bbVELO EN MONTAGNE VERS LES RUINS DE CUTIMBO &#8211; Demi-journ\u00e9e\u00a0\u00bb color=\u00a0\u00bbturquoise\u00a0\u00bb align=\u00a0\u00bbcenter\u00a0\u00bb link=\u00a0\u00bburl:http%3A%2F%2Fwww.acuarelatourperu.com%2Fbicicleta-montanera-hacia-las-ruinas-de-cutimbo%2F|||\u00a0\u00bb][\/vc_column_inner][vc_column_inner width=\u00a0\u00bb1\/4&Prime;][vc_single_image image=\u00a0\u00bb3759&Prime; img_size=\u00a0\u00bb400&#215;200&Prime;][vc_btn title=\u00a0\u00bbLES ILES UROS EN KAYAK \/ TAQUILE \/ PUNO &#8211; 2 JOURS\u00a0\u00bb color=\u00a0\u00bbturquoise\u00a0\u00bb align=\u00a0\u00bbcenter\u00a0\u00bb link=\u00a0\u00bburl:http%3A%2F%2Fwww.acuarelatourperu.com%2Furos-by-kayak-taquile-puno%2F|||\u00a0\u00bb][\/vc_column_inner][\/vc_row_inner][\/vc_tta_section][\/vc_tta_tabs][\/vc_column][\/vc_row]","protected":false},"excerpt":{"rendered":"<p>[vc_row][vc_column][vc_column_text] AVENTURE [\/vc_column_text][vc_empty_space][\/vc_column][\/vc_row][vc_row][vc_column][vc_tta_tabs style=\u00a0\u00bbmodern\u00a0\u00bb color=\u00a0\u00bbturquoise\u00a0\u00bb alignment=\u00a0\u00bbcenter\u00a0\u00bb active_section=\u00a0\u00bb1&Prime;][vc_tta_section title=\u00a0\u00bbArequipa\u00a0\u00bb tab_id=\u00a0\u00bb1551343388998-990041e9-8e59&Prime;][vc_column_text css=\u00a0\u00bb.vc_custom_1576875100837{padding-top: 20px !important;padding-right: 20px !important;padding-left: 20px !important;}\u00a0\u00bb]Conqu\u00e9rir le monde \u00e0 pied, c&rsquo;est conna\u00eetre la vraie culture locale. Chaque sentier entre montagnes&#8230;<\/p>\n","protected":false},"author":1,"featured_media":0,"parent":0,"menu_order":0,"comment_status":"closed","ping_status":"closed","template":"","meta":{"_acf_changed":false,"footnotes":""},"class_list":["post-2129","page","type-page","status-publish","hentry"],"acf":[],"_links":{"self":[{"href":"https:\/\/acuarelatourperu.com\/fr\/wp-json\/wp\/v2\/pages\/2129","targetHints":{"allow":["GET"]}}],"collection":[{"href":"https:\/\/acuarelatourperu.com\/fr\/wp-json\/wp\/v2\/pages"}],"about":[{"href":"https:\/\/acuarelatourperu.com\/fr\/wp-json\/wp\/v2\/types\/page"}],"author":[{"embeddable":true,"href":"https:\/\/acuarelatourperu.com\/fr\/wp-json\/wp\/v2\/users\/1"}],"replies":[{"embeddable":true,"href":"https:\/\/acuarelatourperu.com\/fr\/wp-json\/wp\/v2\/comments?post=2129"}],"version-history":[{"count":36,"href":"https:\/\/acuarelatourperu.com\/fr\/wp-json\/wp\/v2\/pages\/2129\/revisions"}],"predecessor-version":[{"id":4696,"href":"https:\/\/acuarelatourperu.com\/fr\/wp-json\/wp\/v2\/pages\/2129\/revisions\/4696"}],"wp:attachment":[{"href":"https:\/\/acuarelatourperu.com\/fr\/wp-json\/wp\/v2\/media?parent=2129"}],"curies":[{"name":"wp","href":"https:\/\/api.w.org\/{rel}","templated":true}]}}