{"id":2131,"date":"2019-02-25T07:25:34","date_gmt":"2019-02-25T07:25:34","guid":{"rendered":"http:\/\/www.acuarelatourperu.com\/?page_id=2131"},"modified":"2019-12-20T21:19:55","modified_gmt":"2019-12-20T21:19:55","slug":"observacion-de-aves","status":"publish","type":"page","link":"https:\/\/acuarelatourperu.com\/fr\/observacion-de-aves\/","title":{"rendered":"OBSERVACI\u00d3N DE AVES"},"content":{"rendered":"[vc_row][vc_column][vc_column_text]\n<h1 style=\"text-align: center;\"><strong><span style=\"color: #02aea9;\"> OBSERVATION DES OISEAUX <\/span><\/strong><\/h1>\n[\/vc_column_text][vc_empty_space][\/vc_column][\/vc_row][vc_row][vc_column][vc_tta_tabs style=\u00a0\u00bbmodern\u00a0\u00bb color=\u00a0\u00bbturquoise\u00a0\u00bb alignment=\u00a0\u00bbcenter\u00a0\u00bb active_section=\u00a0\u00bb1&Prime;][vc_tta_section title=\u00a0\u00bbArequipa\u00a0\u00bb tab_id=\u00a0\u00bb1551343385534-fc6cbf63-0d06&Prime;][vc_column_text css=\u00a0\u00bb.vc_custom_1576876675399{padding-top: 20px !important;padding-right: 20px !important;padding-left: 20px !important;}\u00a0\u00bb]Le P\u00e9rou, l&rsquo;un des pays les plus diversifi\u00e9s du monde en terme de faune et de flore, abrite 1800 esp\u00e8ces d&rsquo;oiseaux sur l&rsquo;ensemble du territoire. Au d\u00e9part de notre c\u00f4te d\u00e9sertique, la jungle et les hautes terres, nous trouverons les plus belles esp\u00e8ces \u00e0 observer.[\/vc_column_text][vc_row_inner css=\u00a0\u00bb.vc_custom_1551342893999{padding-top: 20px !important;}\u00a0\u00bb][vc_column_inner width=\u00a0\u00bb1\/4&Prime;][vc_single_image image=\u00a0\u00bb4285&Prime; img_size=\u00a0\u00bb400&#215;200&Prime;][vc_btn title=\u00a0\u00bbLAGUNE DE SALINAS \u2013 1 JOUR\u00a0\u00bb color=\u00a0\u00bbturquoise\u00a0\u00bb align=\u00a0\u00bbcenter\u00a0\u00bb link=\u00a0\u00bburl:http%3A%2F%2Fwww.acuarelatourperu.com%2Flaguna-de-salinas%2F|||\u00a0\u00bb][\/vc_column_inner][vc_column_inner width=\u00a0\u00bb1\/4&Prime;][vc_single_image image=\u00a0\u00bb4286&Prime; img_size=\u00a0\u00bb400&#215;200&Prime;][vc_btn title=\u00a0\u00bbLAGUNE DE MEJ\u00cdA \u2013 1 JOUR\u00a0\u00bb color=\u00a0\u00bbturquoise\u00a0\u00bb align=\u00a0\u00bbcenter\u00a0\u00bb link=\u00a0\u00bburl:http%3A%2F%2Fwww.acuarelatourperu.com%2Flaguna-de-mejia%2F|||\u00a0\u00bb][\/vc_column_inner][vc_column_inner width=\u00a0\u00bb1\/4&Prime;][vc_single_image image=\u00a0\u00bb4287&Prime; img_size=\u00a0\u00bb400&#215;200&Prime;][vc_btn title=\u00a0\u00bbVALLEE DU COLCA &#8211; 2 ou 3 JOURS\u00a0\u00bb color=\u00a0\u00bbturquoise\u00a0\u00bb align=\u00a0\u00bbcenter\u00a0\u00bb link=\u00a0\u00bburl:http%3A%2F%2Fwww.acuarelatourperu.com%2Fruta-del-valle-del-colca%2F|||\u00a0\u00bb][\/vc_column_inner][\/vc_row_inner][\/vc_tta_section][vc_tta_section title=\u00a0\u00bbCusco\u00a0\u00bb tab_id=\u00a0\u00bb1551432253991-caa934a3-9587&Prime;][vc_column_text css=\u00a0\u00bb.vc_custom_1576876728198{padding-top: 20px !important;padding-right: 20px !important;padding-left: 20px !important;}\u00a0\u00bb]\n<p style=\"text-align: center;\">Pour les ornithologues, Cusco est sans doute un paradis gr\u00e2ce \u00e0 sa vari\u00e9t\u00e9 d&rsquo;\u00e9cor\u00e9gions, une grande vari\u00e9t\u00e9 de flore en fait l&rsquo;habitat de nombreuses esp\u00e8ces end\u00e9miques et m\u00eame migratrices d&rsquo;autres parties du monde. Parmi les lieux les plus remarquables est le sanctuaire historique de Machu Picchu, Abra Malaga, la r\u00e9serve de biosph\u00e8re de Manu. Dans cette petite r\u00e9gion, les amateurs d&rsquo;oiseaux se r\u00e9galent!<\/p>\n[\/vc_column_text][vc_row_inner css=\u00a0\u00bb.vc_custom_1551342893999{padding-top: 20px !important;}\u00a0\u00bb][vc_column_inner width=\u00a0\u00bb1\/4&Prime;][vc_single_image image=\u00a0\u00bb4415&Prime; img_size=\u00a0\u00bb400&#215;200&Prime;][vc_btn title=\u00a0\u00bbMOLLEPATA \u2013 1 JOUR\u00a0\u00bb color=\u00a0\u00bbturquoise\u00a0\u00bb align=\u00a0\u00bbcenter\u00a0\u00bb link=\u00a0\u00bburl:http%3A%2F%2Fwww.acuarelatourperu.com%2Fmollepata%2F|||\u00a0\u00bb][\/vc_column_inner][vc_column_inner width=\u00a0\u00bb1\/4&Prime;][vc_single_image image=\u00a0\u00bb2544&Prime; img_size=\u00a0\u00bb400&#215;200&Prime;][vc_btn title=\u00a0\u00bbCHONTA, CROIX DU CONDOR \u2013 1 JOUR\u00a0\u00bb color=\u00a0\u00bbturquoise\u00a0\u00bb align=\u00a0\u00bbcenter\u00a0\u00bb link=\u00a0\u00bburl:http%3A%2F%2Fwww.acuarelatourperu.com%2Fchonta-mirador-de-condores%2F|||\u00a0\u00bb][\/vc_column_inner][vc_column_inner width=\u00a0\u00bb1\/4&Prime;][vc_single_image image=\u00a0\u00bb4425&Prime; img_size=\u00a0\u00bb400&#215;200&Prime;][vc_btn title=\u00a0\u00bbABRA MALAGA &#8211; HIPAL + MACHUPICCHU \u2013 3 JOURS\u00a0\u00bb color=\u00a0\u00bbturquoise\u00a0\u00bb align=\u00a0\u00bbcenter\u00a0\u00bb link=\u00a0\u00bburl:http%3A%2F%2Fwww.acuarelatourperu.com%2Fabra-malaga-hipal-machupicchu%2F|||\u00a0\u00bb][\/vc_column_inner][vc_column_inner width=\u00a0\u00bb1\/4&Prime;][vc_single_image image=\u00a0\u00bb2546&Prime; img_size=\u00a0\u00bb400&#215;200&Prime;][vc_btn title=\u00a0\u00bbLAGUNA HUACARPAY &#8211; Demi-journ\u00e9e\u00a0\u00bb color=\u00a0\u00bbturquoise\u00a0\u00bb align=\u00a0\u00bbcenter\u00a0\u00bb link=\u00a0\u00bburl:http%3A%2F%2Fwww.acuarelatourperu.com%2Flaguna-huacarpay%2F|||\u00a0\u00bb][\/vc_column_inner][\/vc_row_inner][vc_row_inner css=\u00a0\u00bb.vc_custom_1551342893999{padding-top: 20px !important;}\u00a0\u00bb][vc_column_inner width=\u00a0\u00bb1\/4&Prime;][vc_single_image image=\u00a0\u00bb4451&Prime; img_size=\u00a0\u00bb400&#215;200&Prime;][vc_btn title=\u00a0\u00bbLAGUNE PIURAY &#8211; Demi-journ\u00e9e\u00a0\u00bb color=\u00a0\u00bbturquoise\u00a0\u00bb align=\u00a0\u00bbcenter\u00a0\u00bb link=\u00a0\u00bburl:http%3A%2F%2Fwww.acuarelatourperu.com%2Flaguna-piuray%2F|||\u00a0\u00bb][\/vc_column_inner][vc_column_inner width=\u00a0\u00bb1\/4&Prime;][vc_single_image image=\u00a0\u00bb4295&Prime; img_size=\u00a0\u00bb400&#215;200&Prime;][vc_btn title=\u00a0\u00bbTAMBOMACHAY, Route des Canasteros &#8211; Demi-journ\u00e9e\u00a0\u00bb color=\u00a0\u00bbturquoise\u00a0\u00bb align=\u00a0\u00bbcenter\u00a0\u00bb link=\u00a0\u00bburl:http%3A%2F%2Fwww.acuarelatourperu.com%2Ftambomachay%2F|||\u00a0\u00bb][\/vc_column_inner][vc_column_inner width=\u00a0\u00bb1\/4&Prime;][vc_single_image image=\u00a0\u00bb4452&Prime; img_size=\u00a0\u00bb400&#215;200&Prime;][vc_btn title=\u00a0\u00bbPARCOURS DU MANU \u2013 5 JOURS \u00a0\u00bb color=\u00a0\u00bbturquoise\u00a0\u00bb align=\u00a0\u00bbcenter\u00a0\u00bb link=\u00a0\u00bburl:http%3A%2F%2Fwww.acuarelatourperu.com%2Fruta-del-manu%2F|||\u00a0\u00bb][\/vc_column_inner][\/vc_row_inner][\/vc_tta_section][\/vc_tta_tabs][\/vc_column][\/vc_row]","protected":false},"excerpt":{"rendered":"<p>[vc_row][vc_column][vc_column_text] OBSERVATION DES OISEAUX [\/vc_column_text][vc_empty_space][\/vc_column][\/vc_row][vc_row][vc_column][vc_tta_tabs style=\u00a0\u00bbmodern\u00a0\u00bb color=\u00a0\u00bbturquoise\u00a0\u00bb alignment=\u00a0\u00bbcenter\u00a0\u00bb active_section=\u00a0\u00bb1&Prime;][vc_tta_section title=\u00a0\u00bbArequipa\u00a0\u00bb tab_id=\u00a0\u00bb1551343385534-fc6cbf63-0d06&Prime;][vc_column_text css=\u00a0\u00bb.vc_custom_1576876675399{padding-top: 20px !important;padding-right: 20px !important;padding-left: 20px !important;}\u00a0\u00bb]Le P\u00e9rou, l&rsquo;un des pays les plus diversifi\u00e9s du monde en terme de&#8230;<\/p>\n","protected":false},"author":1,"featured_media":0,"parent":0,"menu_order":0,"comment_status":"closed","ping_status":"closed","template":"","meta":{"_acf_changed":false,"footnotes":""},"class_list":["post-2131","page","type-page","status-publish","hentry"],"acf":[],"_links":{"self":[{"href":"https:\/\/acuarelatourperu.com\/fr\/wp-json\/wp\/v2\/pages\/2131","targetHints":{"allow":["GET"]}}],"collection":[{"href":"https:\/\/acuarelatourperu.com\/fr\/wp-json\/wp\/v2\/pages"}],"about":[{"href":"https:\/\/acuarelatourperu.com\/fr\/wp-json\/wp\/v2\/types\/page"}],"author":[{"embeddable":true,"href":"https:\/\/acuarelatourperu.com\/fr\/wp-json\/wp\/v2\/users\/1"}],"replies":[{"embeddable":true,"href":"https:\/\/acuarelatourperu.com\/fr\/wp-json\/wp\/v2\/comments?post=2131"}],"version-history":[{"count":28,"href":"https:\/\/acuarelatourperu.com\/fr\/wp-json\/wp\/v2\/pages\/2131\/revisions"}],"predecessor-version":[{"id":4683,"href":"https:\/\/acuarelatourperu.com\/fr\/wp-json\/wp\/v2\/pages\/2131\/revisions\/4683"}],"wp:attachment":[{"href":"https:\/\/acuarelatourperu.com\/fr\/wp-json\/wp\/v2\/media?parent=2131"}],"curies":[{"name":"wp","href":"https:\/\/api.w.org\/{rel}","templated":true}]}}