{"id":2975,"date":"2019-07-20T14:36:43","date_gmt":"2019-07-20T14:36:43","guid":{"rendered":"http:\/\/www.acuarelatourperu.com\/?page_id=2975"},"modified":"2019-12-20T21:34:28","modified_gmt":"2019-12-20T21:34:28","slug":"ruta-del-manu","status":"publish","type":"page","link":"https:\/\/acuarelatourperu.com\/fr\/ruta-del-manu\/","title":{"rendered":"RUTA DEL MANU"},"content":{"rendered":"[vc_row][vc_column][vc_column_text]\n<h1 style=\"text-align: center;\"><span style=\"color: #02aea9;\"> PARCOURS DU MANU <\/span><\/h1>\n<p>\u2022 \u00a0<strong>Dur\u00e9e: <\/strong>\u00a05 JOURS<\/p>\n<p>Manu, gr\u00e2ce \u00e0 sa grande diversit\u00e9 de paysages et de climats est sans aucun doute l&rsquo;un des sites ayant la plus grande diversit\u00e9 biologique. Un endroit id\u00e9al pour ceux qui cherchent \u00e0 d\u00e9couvrir la vie dans la for\u00eat. En effet, elle prot\u00e8ge l&rsquo;une des \u00e9cor\u00e9gions les plus importantes du pays, de la puna glaciale de plus de 4000 m\u00e8tres, \u00e0 des montagnes escarp\u00e9es qui donnent naissance \u00e0 une multitude de vall\u00e9es bris\u00e9es, jusqu&rsquo;\u00e0 la plaine de l&rsquo;Amazonie, v\u00e9ritable paradis d&rsquo;une m\u00e9ga-diversit\u00e9.<br \/>\n[\/vc_column_text][vc_row_inner gap=\u00a0\u00bb5&Prime;][vc_column_inner offset=\u00a0\u00bbvc_hidden-lg vc_hidden-md vc_hidden-sm\u00a0\u00bb][vc_gallery type=\u00a0\u00bbimage_grid\u00a0\u00bb images=\u00a0\u00bb4191,2973,2972,2971,2970,2966,2967,2969,2965,2964,2963,2962,2958,2959,2960,2961,4449,4448,4447,4446,4445,4444,4443&Prime; img_size=\u00a0\u00bbmedium\u00a0\u00bb onclick=\u00a0\u00bbcustom_link\u00a0\u00bb css_animation=\u00a0\u00bbfadeIn\u00a0\u00bb][\/vc_column_inner][\/vc_row_inner][\/vc_column][\/vc_row][vc_row][vc_column offset=\u00a0\u00bbvc_hidden-xs\u00a0\u00bb][vc_media_grid element_width=\u00a0\u00bb2&Prime; grid_id=\u00a0\u00bbvc_gid:1576877632891-2f635cbe-50a5-9&Prime; include=\u00a0\u00bb4191,2973,2972,2971,2970,2969,2967,2960,2961,2962,2963,2964,2965,2966,2959,2958,4443,4444,4445,4446,4447,4448,4449&Prime;][\/vc_column][\/vc_row][vc_row content_placement=\u00a0\u00bbmiddle\u00a0\u00bb][vc_column][vc_btn title=\u00a0\u00bbCOTIZAR\u00a0\u00bb color=\u00a0\u00bbdanger\u00a0\u00bb align=\u00a0\u00bbcenter\u00a0\u00bb css_animation=\u00a0\u00bbzoomInRight\u00a0\u00bb link=\u00a0\u00bburl:http%3A%2F%2Fbit.ly%2FAcuarelaTourPeru|||\u00a0\u00bb][\/vc_column][\/vc_row]","protected":false},"excerpt":{"rendered":"<p>[vc_row][vc_column][vc_column_text] PARCOURS DU MANU \u2022 \u00a0Dur\u00e9e: \u00a05 JOURS Manu, gr\u00e2ce \u00e0 sa grande diversit\u00e9 de paysages et de climats est sans aucun doute l&rsquo;un des sites ayant la plus grande&#8230;<\/p>\n","protected":false},"author":1,"featured_media":0,"parent":0,"menu_order":0,"comment_status":"closed","ping_status":"closed","template":"","meta":{"_acf_changed":false,"footnotes":""},"class_list":["post-2975","page","type-page","status-publish","hentry"],"acf":[],"_links":{"self":[{"href":"https:\/\/acuarelatourperu.com\/fr\/wp-json\/wp\/v2\/pages\/2975","targetHints":{"allow":["GET"]}}],"collection":[{"href":"https:\/\/acuarelatourperu.com\/fr\/wp-json\/wp\/v2\/pages"}],"about":[{"href":"https:\/\/acuarelatourperu.com\/fr\/wp-json\/wp\/v2\/types\/page"}],"author":[{"embeddable":true,"href":"https:\/\/acuarelatourperu.com\/fr\/wp-json\/wp\/v2\/users\/1"}],"replies":[{"embeddable":true,"href":"https:\/\/acuarelatourperu.com\/fr\/wp-json\/wp\/v2\/comments?post=2975"}],"version-history":[{"count":36,"href":"https:\/\/acuarelatourperu.com\/fr\/wp-json\/wp\/v2\/pages\/2975\/revisions"}],"predecessor-version":[{"id":4693,"href":"https:\/\/acuarelatourperu.com\/fr\/wp-json\/wp\/v2\/pages\/2975\/revisions\/4693"}],"wp:attachment":[{"href":"https:\/\/acuarelatourperu.com\/fr\/wp-json\/wp\/v2\/media?parent=2975"}],"curies":[{"name":"wp","href":"https:\/\/api.w.org\/{rel}","templated":true}]}}