{"id":3008,"date":"2019-07-20T16:35:40","date_gmt":"2019-07-20T16:35:40","guid":{"rendered":"http:\/\/www.acuarelatourperu.com\/?page_id=3008"},"modified":"2019-12-20T21:33:28","modified_gmt":"2019-12-20T21:33:28","slug":"tambomachay","status":"publish","type":"page","link":"https:\/\/acuarelatourperu.com\/fr\/tambomachay\/","title":{"rendered":"TAMBOMACHAY"},"content":{"rendered":"[vc_row][vc_column][vc_column_text]\n<h1 style=\"text-align: center;\"><span style=\"color: #02aea9;\"> TAMBOMACHAY, Route des Canasteros <\/span><\/h1>\n<p>\u2022 \u00a0<strong>Dur\u00e9e: <\/strong>\u00a0Demi-journ\u00e9e<\/p>\n<p>Il est situ\u00e9 \u00e0 20 minutes de la ville de Cusco et peut atteindre plus de 4000 m\u00e8tres. C\u2019est un itin\u00e9raire int\u00e9ressant pour l&rsquo;observation des canasteros dans les prairies des montagnes et vous aurez la possibilit\u00e9 d&rsquo;apercevoir certains \u00ab\u00a0nighjar\u00a0\u00bb dans la for\u00eat polilepis, car c\u2019est un endroit tr\u00e8s calme et peu fr\u00e9quent\u00e9.<br \/>\n[\/vc_column_text][vc_row_inner gap=\u00a0\u00bb5&Prime;][vc_column_inner offset=\u00a0\u00bbvc_hidden-lg vc_hidden-md vc_hidden-sm\u00a0\u00bb][vc_gallery type=\u00a0\u00bbimage_grid\u00a0\u00bb images=\u00a0\u00bb3017,4297,4441,4440,4439,4438,4437&Prime; img_size=\u00a0\u00bbmedium\u00a0\u00bb onclick=\u00a0\u00bbcustom_link\u00a0\u00bb css_animation=\u00a0\u00bbfadeIn\u00a0\u00bb][\/vc_column_inner][\/vc_row_inner][\/vc_column][\/vc_row][vc_row][vc_column offset=\u00a0\u00bbvc_hidden-xs\u00a0\u00bb][vc_media_grid element_width=\u00a0\u00bb2&Prime; grid_id=\u00a0\u00bbvc_gid:1576877561942-888d03bf-018e-3&Prime; include=\u00a0\u00bb4440,3017,4297,4437,4438,4439,4441&Prime;][\/vc_column][\/vc_row][vc_row content_placement=\u00a0\u00bbmiddle\u00a0\u00bb][vc_column][vc_btn title=\u00a0\u00bbCOTIZAR\u00a0\u00bb color=\u00a0\u00bbdanger\u00a0\u00bb align=\u00a0\u00bbcenter\u00a0\u00bb css_animation=\u00a0\u00bbzoomInRight\u00a0\u00bb link=\u00a0\u00bburl:http%3A%2F%2Fbit.ly%2FAcuarelaTourPeru|||\u00a0\u00bb][\/vc_column][\/vc_row]","protected":false},"excerpt":{"rendered":"<p>[vc_row][vc_column][vc_column_text] TAMBOMACHAY, Route des Canasteros \u2022 \u00a0Dur\u00e9e: \u00a0Demi-journ\u00e9e Il est situ\u00e9 \u00e0 20 minutes de la ville de Cusco et peut atteindre plus de 4000 m\u00e8tres. C\u2019est un itin\u00e9raire int\u00e9ressant&#8230;<\/p>\n","protected":false},"author":1,"featured_media":0,"parent":0,"menu_order":0,"comment_status":"closed","ping_status":"closed","template":"","meta":{"_acf_changed":false,"footnotes":""},"class_list":["post-3008","page","type-page","status-publish","hentry"],"acf":[],"_links":{"self":[{"href":"https:\/\/acuarelatourperu.com\/fr\/wp-json\/wp\/v2\/pages\/3008","targetHints":{"allow":["GET"]}}],"collection":[{"href":"https:\/\/acuarelatourperu.com\/fr\/wp-json\/wp\/v2\/pages"}],"about":[{"href":"https:\/\/acuarelatourperu.com\/fr\/wp-json\/wp\/v2\/types\/page"}],"author":[{"embeddable":true,"href":"https:\/\/acuarelatourperu.com\/fr\/wp-json\/wp\/v2\/users\/1"}],"replies":[{"embeddable":true,"href":"https:\/\/acuarelatourperu.com\/fr\/wp-json\/wp\/v2\/comments?post=3008"}],"version-history":[{"count":13,"href":"https:\/\/acuarelatourperu.com\/fr\/wp-json\/wp\/v2\/pages\/3008\/revisions"}],"predecessor-version":[{"id":4692,"href":"https:\/\/acuarelatourperu.com\/fr\/wp-json\/wp\/v2\/pages\/3008\/revisions\/4692"}],"wp:attachment":[{"href":"https:\/\/acuarelatourperu.com\/fr\/wp-json\/wp\/v2\/media?parent=3008"}],"curies":[{"name":"wp","href":"https:\/\/api.w.org\/{rel}","templated":true}]}}