{"id":3026,"date":"2019-07-20T17:37:40","date_gmt":"2019-07-20T17:37:40","guid":{"rendered":"http:\/\/www.acuarelatourperu.com\/?page_id=3026"},"modified":"2019-12-20T21:32:08","modified_gmt":"2019-12-20T21:32:08","slug":"laguna-piuray","status":"publish","type":"page","link":"https:\/\/acuarelatourperu.com\/fr\/laguna-piuray\/","title":{"rendered":"LAGUNA PIURAY"},"content":{"rendered":"[vc_row][vc_column][vc_column_text]\n<h1 style=\"text-align: center;\"><span style=\"color: #02aea9;\">LAGUNE PIURAY<\/span><\/h1>\n<p>\u2022 \u00a0<strong>Dur\u00e9e: <\/strong>\u00a0Demi-journ\u00e9e<\/p>\n<p>Situ\u00e9 \u00e0 plus de 3700 m\u00e8tres, en route vers le quartier de Chincheros. C&rsquo;est un endroit id\u00e9al pour l&rsquo;observation des oiseaux, car c&rsquo;est un endroit o\u00f9 les oiseaux migrateurs de la for\u00eat bor\u00e9ale arrivent habituellement. Lieu important pour le repos et l&rsquo;alimentation de ces esp\u00e8ces.[\/vc_column_text][vc_row_inner gap=\u00a0\u00bb5&Prime;][vc_column_inner offset=\u00a0\u00bbvc_hidden-lg vc_hidden-md vc_hidden-sm\u00a0\u00bb][vc_gallery type=\u00a0\u00bbimage_grid\u00a0\u00bb images=\u00a0\u00bb4432,3031,4433,3030,4431,3029,4434,4428,2591&Prime; img_size=\u00a0\u00bbmedium\u00a0\u00bb onclick=\u00a0\u00bbcustom_link\u00a0\u00bb css_animation=\u00a0\u00bbfadeIn\u00a0\u00bb][\/vc_column_inner][\/vc_row_inner][\/vc_column][\/vc_row][vc_row][vc_column offset=\u00a0\u00bbvc_hidden-xs\u00a0\u00bb][vc_media_grid element_width=\u00a0\u00bb2&Prime; grid_id=\u00a0\u00bbvc_gid:1576877493758-11b03631-9e74-9&Prime; include=\u00a0\u00bb4432,3029,4433,3030,4431,3031,4435,4434,2591&Prime;][\/vc_column][\/vc_row][vc_row content_placement=\u00a0\u00bbmiddle\u00a0\u00bb][vc_column][vc_btn title=\u00a0\u00bbCOTIZAR\u00a0\u00bb color=\u00a0\u00bbdanger\u00a0\u00bb align=\u00a0\u00bbcenter\u00a0\u00bb css_animation=\u00a0\u00bbzoomInRight\u00a0\u00bb link=\u00a0\u00bburl:http%3A%2F%2Fbit.ly%2FAcuarelaTourPeru|||\u00a0\u00bb][\/vc_column][\/vc_row]","protected":false},"excerpt":{"rendered":"<p>[vc_row][vc_column][vc_column_text] LAGUNE PIURAY \u2022 \u00a0Dur\u00e9e: \u00a0Demi-journ\u00e9e Situ\u00e9 \u00e0 plus de 3700 m\u00e8tres, en route vers le quartier de Chincheros. C&rsquo;est un endroit id\u00e9al pour l&rsquo;observation des oiseaux, car c&rsquo;est un&#8230;<\/p>\n","protected":false},"author":1,"featured_media":0,"parent":0,"menu_order":0,"comment_status":"closed","ping_status":"closed","template":"","meta":{"_acf_changed":false,"footnotes":""},"class_list":["post-3026","page","type-page","status-publish","hentry"],"acf":[],"_links":{"self":[{"href":"https:\/\/acuarelatourperu.com\/fr\/wp-json\/wp\/v2\/pages\/3026","targetHints":{"allow":["GET"]}}],"collection":[{"href":"https:\/\/acuarelatourperu.com\/fr\/wp-json\/wp\/v2\/pages"}],"about":[{"href":"https:\/\/acuarelatourperu.com\/fr\/wp-json\/wp\/v2\/types\/page"}],"author":[{"embeddable":true,"href":"https:\/\/acuarelatourperu.com\/fr\/wp-json\/wp\/v2\/users\/1"}],"replies":[{"embeddable":true,"href":"https:\/\/acuarelatourperu.com\/fr\/wp-json\/wp\/v2\/comments?post=3026"}],"version-history":[{"count":7,"href":"https:\/\/acuarelatourperu.com\/fr\/wp-json\/wp\/v2\/pages\/3026\/revisions"}],"predecessor-version":[{"id":4691,"href":"https:\/\/acuarelatourperu.com\/fr\/wp-json\/wp\/v2\/pages\/3026\/revisions\/4691"}],"wp:attachment":[{"href":"https:\/\/acuarelatourperu.com\/fr\/wp-json\/wp\/v2\/media?parent=3026"}],"curies":[{"name":"wp","href":"https:\/\/api.w.org\/{rel}","templated":true}]}}