{"id":3036,"date":"2019-07-20T18:07:27","date_gmt":"2019-07-20T18:07:27","guid":{"rendered":"http:\/\/www.acuarelatourperu.com\/?page_id=3036"},"modified":"2019-12-20T21:31:04","modified_gmt":"2019-12-20T21:31:04","slug":"laguna-huacarpay","status":"publish","type":"page","link":"https:\/\/acuarelatourperu.com\/fr\/laguna-huacarpay\/","title":{"rendered":"LAGUNA HUACARPAY"},"content":{"rendered":"[vc_row][vc_column][vc_column_text]\n<h1 style=\"text-align: center;\"><span style=\"color: #02aea9;\">LAGUNA HUACARPAY<\/span><\/h1>\n<p>\u2022 \u00a0<strong>Dur\u00e9e: <\/strong>\u00a0Demi-journ\u00e9e<\/p>\n<p>C&rsquo;est un site pour les amateurs d&rsquo;observation d&rsquo;oiseaux migrateurs, de zones humides et de nature exceptionnelle. Il ser\u00e1 n\u00e9cessaire de partir tr\u00e8s t\u00f4t pour pouvoir arriver \u00e0 l&rsquo;heure et chercher \u00e0 la fois des esp\u00e8ces des zones humides et des esp\u00e8ces lagunaires. Huacarpay est un site Ramsar, pour l&rsquo;observation d&rsquo;un colibri end\u00e9mique, l&rsquo;alpiniste barbu, entre autres esp\u00e8ces des zones humides andines.<br \/>\n[\/vc_column_text][vc_row_inner gap=\u00a0\u00bb5&Prime;][vc_column_inner offset=\u00a0\u00bbvc_hidden-lg vc_hidden-md vc_hidden-sm\u00a0\u00bb][vc_gallery type=\u00a0\u00bbimage_grid\u00a0\u00bb images=\u00a0\u00bb4182,4187,4183,4185,4188,4189,4184&Prime; img_size=\u00a0\u00bbmedium\u00a0\u00bb onclick=\u00a0\u00bbcustom_link\u00a0\u00bb css_animation=\u00a0\u00bbfadeIn\u00a0\u00bb][\/vc_column_inner][\/vc_row_inner][\/vc_column][\/vc_row][vc_row][vc_column offset=\u00a0\u00bbvc_hidden-xs\u00a0\u00bb][vc_media_grid element_width=\u00a0\u00bb2&Prime; grid_id=\u00a0\u00bbvc_gid:1576877419231-b1b0f462-840e-6&Prime; include=\u00a0\u00bb4182,4183,4184,4185,4186,4187,4188,4189&Prime;][\/vc_column][\/vc_row][vc_row content_placement=\u00a0\u00bbmiddle\u00a0\u00bb][vc_column][vc_btn title=\u00a0\u00bbCOTIZAR\u00a0\u00bb color=\u00a0\u00bbdanger\u00a0\u00bb align=\u00a0\u00bbcenter\u00a0\u00bb css_animation=\u00a0\u00bbzoomInRight\u00a0\u00bb link=\u00a0\u00bburl:http%3A%2F%2Fbit.ly%2FAcuarelaTourPeru|||\u00a0\u00bb][\/vc_column][\/vc_row]","protected":false},"excerpt":{"rendered":"<p>[vc_row][vc_column][vc_column_text] LAGUNA HUACARPAY \u2022 \u00a0Dur\u00e9e: \u00a0Demi-journ\u00e9e C&rsquo;est un site pour les amateurs d&rsquo;observation d&rsquo;oiseaux migrateurs, de zones humides et de nature exceptionnelle. Il ser\u00e1 n\u00e9cessaire de partir tr\u00e8s t\u00f4t pour&#8230;<\/p>\n","protected":false},"author":1,"featured_media":0,"parent":0,"menu_order":0,"comment_status":"closed","ping_status":"closed","template":"","meta":{"_acf_changed":false,"footnotes":""},"class_list":["post-3036","page","type-page","status-publish","hentry"],"acf":[],"_links":{"self":[{"href":"https:\/\/acuarelatourperu.com\/fr\/wp-json\/wp\/v2\/pages\/3036","targetHints":{"allow":["GET"]}}],"collection":[{"href":"https:\/\/acuarelatourperu.com\/fr\/wp-json\/wp\/v2\/pages"}],"about":[{"href":"https:\/\/acuarelatourperu.com\/fr\/wp-json\/wp\/v2\/types\/page"}],"author":[{"embeddable":true,"href":"https:\/\/acuarelatourperu.com\/fr\/wp-json\/wp\/v2\/users\/1"}],"replies":[{"embeddable":true,"href":"https:\/\/acuarelatourperu.com\/fr\/wp-json\/wp\/v2\/comments?post=3036"}],"version-history":[{"count":7,"href":"https:\/\/acuarelatourperu.com\/fr\/wp-json\/wp\/v2\/pages\/3036\/revisions"}],"predecessor-version":[{"id":4690,"href":"https:\/\/acuarelatourperu.com\/fr\/wp-json\/wp\/v2\/pages\/3036\/revisions\/4690"}],"wp:attachment":[{"href":"https:\/\/acuarelatourperu.com\/fr\/wp-json\/wp\/v2\/media?parent=3036"}],"curies":[{"name":"wp","href":"https:\/\/api.w.org\/{rel}","templated":true}]}}