{"id":3055,"date":"2019-07-20T19:10:48","date_gmt":"2019-07-20T19:10:48","guid":{"rendered":"http:\/\/www.acuarelatourperu.com\/?page_id=3055"},"modified":"2019-12-20T21:28:27","modified_gmt":"2019-12-20T21:28:27","slug":"chonta-mirador-de-condores","status":"publish","type":"page","link":"https:\/\/acuarelatourperu.com\/fr\/chonta-mirador-de-condores\/","title":{"rendered":"CHONTA, MIRADOR DE CONDORES"},"content":{"rendered":"[vc_row][vc_column][vc_column_text]\n<h1 style=\"text-align: center;\"><span style=\"color: #02aea9;\"> CHONTA, CROIX DU CONDOR <\/span><\/h1>\n<p>\u2022 \u00a0<strong>Dur\u00e9e: <\/strong>\u00a02 JOURS<\/p>\n<p>1er JOUR: Cusco &#8211; Communaut\u00e9 Chonta<\/p>\n<p>D\u00e9part de l&rsquo;h\u00f4tel \u00e0 5 heures du matin pour une travers\u00e9e de 3 heures des hauts plateaux pour rejoindre la communaut\u00e9 de Chonta. Une fois sur place, nous ferons une pause caf\u00e9 avant de commencer la promenade d\u2019une heure et demie en direction du canyon d&rsquo;Apurimac et de visualiser le paysage spectaculaire. En chemin, nous rencontrerons des oiseaux de montagne. Ce tour sera une exp\u00e9rience r\u00e9ellement inoubliable, surtout au moment du survol des condors au dessus du canyon Apurimac. Les condors sont sur\u00e9lev\u00e9s gr\u00e2ce aux courants de vent thermiques. Ce sera le moment de montrer vos talents de photographe! Vous passerez la plus grande partie de la journ\u00e9e ici. Une fois nos activit\u00e9s termin\u00e9es, nous nous installerons dans le camping pour passer la nuit dans la communaut\u00e9 de Chonta (3,600 m.).<\/p>\n<p>2e JOUR : Communaut\u00e9 Chonta &#8211; Cusco<\/p>\n<p>R\u00e9veil t\u00f4t le matin et pour faire un trajet \u00e0 pied vers la ville de Chonta pour observer les oiseaux locaux et profiter d\u2019une vue spectaculaire du sommet enneig\u00e9 de Humantay, un moment id\u00e9al pour photographier la nature et le lever du soleil. Apr\u00e8s cette visite matinale, ce sera l\u2019heure du petit d\u00e9jeuner. Nous nous rendrons ensuite \u00e0 Limatambo et nous nous arr\u00eaterons au site Inca de Tarawasi, l&rsquo;un des impressionnants ouvrages en pierre r\u00e9alis\u00e9s par la civilisation andine, avant de finalement retourner \u00e0 Cusco.[\/vc_column_text][vc_row_inner gap=\u00a0\u00bb5&Prime;][vc_column_inner offset=\u00a0\u00bbvc_hidden-lg vc_hidden-md vc_hidden-sm\u00a0\u00bb][vc_gallery type=\u00a0\u00bbimage_grid\u00a0\u00bb images=\u00a0\u00bb4180,4177,4176,4179,4178,4419,4418&Prime; img_size=\u00a0\u00bbmedium\u00a0\u00bb onclick=\u00a0\u00bbcustom_link\u00a0\u00bb css_animation=\u00a0\u00bbfadeIn\u00a0\u00bb][\/vc_column_inner][\/vc_row_inner][\/vc_column][\/vc_row][vc_row][vc_column offset=\u00a0\u00bbvc_hidden-xs\u00a0\u00bb][vc_media_grid element_width=\u00a0\u00bb2&Prime; grid_id=\u00a0\u00bbvc_gid:1576877241083-22e05860-7d5e-7&Prime; include=\u00a0\u00bb4176,4177,4178,4179,4180,4419,4418&Prime;][\/vc_column][\/vc_row][vc_row content_placement=\u00a0\u00bbmiddle\u00a0\u00bb][vc_column][vc_btn title=\u00a0\u00bbCOTIZAR\u00a0\u00bb color=\u00a0\u00bbdanger\u00a0\u00bb align=\u00a0\u00bbcenter\u00a0\u00bb css_animation=\u00a0\u00bbzoomInRight\u00a0\u00bb link=\u00a0\u00bburl:http%3A%2F%2Fbit.ly%2FAcuarelaTourPeru|||\u00a0\u00bb][\/vc_column][\/vc_row]","protected":false},"excerpt":{"rendered":"<p>[vc_row][vc_column][vc_column_text] CHONTA, CROIX DU CONDOR \u2022 \u00a0Dur\u00e9e: \u00a02 JOURS 1er JOUR: Cusco &#8211; Communaut\u00e9 Chonta D\u00e9part de l&rsquo;h\u00f4tel \u00e0 5 heures du matin pour une travers\u00e9e de 3 heures des&#8230;<\/p>\n","protected":false},"author":1,"featured_media":0,"parent":0,"menu_order":0,"comment_status":"closed","ping_status":"closed","template":"","meta":{"_acf_changed":false,"footnotes":""},"class_list":["post-3055","page","type-page","status-publish","hentry"],"acf":[],"_links":{"self":[{"href":"https:\/\/acuarelatourperu.com\/fr\/wp-json\/wp\/v2\/pages\/3055","targetHints":{"allow":["GET"]}}],"collection":[{"href":"https:\/\/acuarelatourperu.com\/fr\/wp-json\/wp\/v2\/pages"}],"about":[{"href":"https:\/\/acuarelatourperu.com\/fr\/wp-json\/wp\/v2\/types\/page"}],"author":[{"embeddable":true,"href":"https:\/\/acuarelatourperu.com\/fr\/wp-json\/wp\/v2\/users\/1"}],"replies":[{"embeddable":true,"href":"https:\/\/acuarelatourperu.com\/fr\/wp-json\/wp\/v2\/comments?post=3055"}],"version-history":[{"count":9,"href":"https:\/\/acuarelatourperu.com\/fr\/wp-json\/wp\/v2\/pages\/3055\/revisions"}],"predecessor-version":[{"id":4688,"href":"https:\/\/acuarelatourperu.com\/fr\/wp-json\/wp\/v2\/pages\/3055\/revisions\/4688"}],"wp:attachment":[{"href":"https:\/\/acuarelatourperu.com\/fr\/wp-json\/wp\/v2\/media?parent=3055"}],"curies":[{"name":"wp","href":"https:\/\/api.w.org\/{rel}","templated":true}]}}