{"id":3066,"date":"2019-07-20T19:24:03","date_gmt":"2019-07-20T19:24:03","guid":{"rendered":"http:\/\/www.acuarelatourperu.com\/?page_id=3066"},"modified":"2019-12-20T21:26:55","modified_gmt":"2019-12-20T21:26:55","slug":"mollepata","status":"publish","type":"page","link":"https:\/\/acuarelatourperu.com\/fr\/mollepata\/","title":{"rendered":"MOLLEPATA"},"content":{"rendered":"[vc_row][vc_column][vc_column_text]\n<h1 style=\"text-align: center;\"><span style=\"color: #02aea9;\">MOLLEPATA<\/span><\/h1>\n<p>\u2022 \u00a0<strong>Dur\u00e9e: <\/strong>\u00a01 JOUR<\/p>\n<p>Situ\u00e9 \u00e0 2 976 m\u00e8tres, se trouve \u00e0 90 km. de la ville imp\u00e9riale de Cusco.<\/p>\n<p>Pour cette route il sera n\u00e9cessaire de partir \u00e0 4 heures du matin poue profiter pleinement de l&rsquo;esp\u00e8ce que l\u2019on verra sur le chemin, lors de notre travers\u00e9e des vall\u00e9es et des hauteurs diff\u00e9rentes. Nous verrons des esp\u00e8ces telles que le \u201cChestnut Breasted Mountain Finch\u201d et le \u201cRusty Fronted Canastero\u201d. Au-del\u00e0 de l&rsquo;observation des oiseaux, le paysage est tr\u00e8s vari\u00e9 pour les amoureux de la nature puisque nous aurons aussi la chance de voir deux montagnes enneig\u00e9es tr\u00e8s importantes, le Salkantay et Humantay.[\/vc_column_text][vc_row_inner gap=\u00a0\u00bb5&Prime;][vc_column_inner offset=\u00a0\u00bbvc_hidden-lg vc_hidden-md vc_hidden-sm\u00a0\u00bb][vc_gallery type=\u00a0\u00bbimage_grid\u00a0\u00bb images=\u00a0\u00bb3072,3071,3070,3069,4411,4410,4409,4408,4407&Prime; img_size=\u00a0\u00bbmedium\u00a0\u00bb onclick=\u00a0\u00bbcustom_link\u00a0\u00bb css_animation=\u00a0\u00bbfadeIn\u00a0\u00bb][\/vc_column_inner][\/vc_row_inner][\/vc_column][\/vc_row][vc_row][vc_column offset=\u00a0\u00bbvc_hidden-xs\u00a0\u00bb][vc_media_grid element_width=\u00a0\u00bb2&Prime; grid_id=\u00a0\u00bbvc_gid:1576877182237-0ee9206c-78ab-3&Prime; include=\u00a0\u00bb3070,3071,3072,3069,4407,4408,4409,4410,4411&Prime;][\/vc_column][\/vc_row][vc_row content_placement=\u00a0\u00bbmiddle\u00a0\u00bb][vc_column][vc_btn title=\u00a0\u00bbCOTIZAR\u00a0\u00bb color=\u00a0\u00bbdanger\u00a0\u00bb align=\u00a0\u00bbcenter\u00a0\u00bb css_animation=\u00a0\u00bbzoomInRight\u00a0\u00bb link=\u00a0\u00bburl:http%3A%2F%2Fbit.ly%2FAcuarelaTourPeru|||\u00a0\u00bb][\/vc_column][\/vc_row]","protected":false},"excerpt":{"rendered":"<p>[vc_row][vc_column][vc_column_text] MOLLEPATA \u2022 \u00a0Dur\u00e9e: \u00a01 JOUR Situ\u00e9 \u00e0 2 976 m\u00e8tres, se trouve \u00e0 90 km. de la ville imp\u00e9riale de Cusco. Pour cette route il sera n\u00e9cessaire de partir&#8230;<\/p>\n","protected":false},"author":1,"featured_media":0,"parent":0,"menu_order":0,"comment_status":"closed","ping_status":"closed","template":"","meta":{"_acf_changed":false,"footnotes":""},"class_list":["post-3066","page","type-page","status-publish","hentry"],"acf":[],"_links":{"self":[{"href":"https:\/\/acuarelatourperu.com\/fr\/wp-json\/wp\/v2\/pages\/3066","targetHints":{"allow":["GET"]}}],"collection":[{"href":"https:\/\/acuarelatourperu.com\/fr\/wp-json\/wp\/v2\/pages"}],"about":[{"href":"https:\/\/acuarelatourperu.com\/fr\/wp-json\/wp\/v2\/types\/page"}],"author":[{"embeddable":true,"href":"https:\/\/acuarelatourperu.com\/fr\/wp-json\/wp\/v2\/users\/1"}],"replies":[{"embeddable":true,"href":"https:\/\/acuarelatourperu.com\/fr\/wp-json\/wp\/v2\/comments?post=3066"}],"version-history":[{"count":9,"href":"https:\/\/acuarelatourperu.com\/fr\/wp-json\/wp\/v2\/pages\/3066\/revisions"}],"predecessor-version":[{"id":4687,"href":"https:\/\/acuarelatourperu.com\/fr\/wp-json\/wp\/v2\/pages\/3066\/revisions\/4687"}],"wp:attachment":[{"href":"https:\/\/acuarelatourperu.com\/fr\/wp-json\/wp\/v2\/media?parent=3066"}],"curies":[{"name":"wp","href":"https:\/\/api.w.org\/{rel}","templated":true}]}}