{"id":3077,"date":"2019-07-20T19:35:05","date_gmt":"2019-07-20T19:35:05","guid":{"rendered":"http:\/\/www.acuarelatourperu.com\/?page_id=3077"},"modified":"2019-12-20T21:26:00","modified_gmt":"2019-12-20T21:26:00","slug":"ruta-del-valle-del-colca","status":"publish","type":"page","link":"https:\/\/acuarelatourperu.com\/fr\/ruta-del-valle-del-colca\/","title":{"rendered":"RUTA DEL VALLE DEL COLCA"},"content":{"rendered":"[vc_row][vc_column][vc_column_text]\n<h1 style=\"text-align: center;\"><span style=\"color: #02aea9;\"> VALLEE DU COLCA <\/span><\/h1>\n<p>\u2022 \u00a0<strong>Dur\u00e9e: <\/strong> 2 ou 3 JOURS<\/p>\n<p>Nous quitterons Arequipa t\u00f4t le matin pour profiter de l&rsquo;absence de touristes et d\u00e9couvrir des esp\u00e8ces communes telles que le Condor des Andes, l\u2019oie des Andes, la b\u00e9cassine \u00e0 poitrine grise, l\u2019avocet des Andes, le colibri g\u00e9ant, des esp\u00e8ces rares telles que le canard torrent, le martinet des Andes, l\u2019hibou nain du P\u00e9rou et esp\u00e8ces rares comme l\u2019ibis noir, le pluvier diad\u00e8me, la renou\u00e9e des sarments \u00e0 ventre rous, le p\u00e9pistac\u00e9 \u00e0 gorge plate.<\/p>\n<p>Ce tour nous donnera plus de temps dans le Colca et nous permettra de mieux conna\u00eetre ce magnifique endroit.<\/p>\n<p>Inclus: Transport, guide, pique-nique, h\u00f4tel, petit d\u00e9jeuner.<\/p>\n<p>Non inclus: Billets, d\u00eener, d\u00e9jeuners, boissons.[\/vc_column_text][vc_row_inner gap=\u00a0\u00bb5&Prime;][vc_column_inner offset=\u00a0\u00bbvc_hidden-lg vc_hidden-md vc_hidden-sm\u00a0\u00bb][vc_gallery type=\u00a0\u00bbimage_grid\u00a0\u00bb images=\u00a0\u00bb4174,4172,4173,4171,4168,4169,4170,4291&Prime; img_size=\u00a0\u00bbmedium\u00a0\u00bb onclick=\u00a0\u00bbcustom_link\u00a0\u00bb css_animation=\u00a0\u00bbfadeIn\u00a0\u00bb][\/vc_column_inner][\/vc_row_inner][\/vc_column][\/vc_row][vc_row][vc_column offset=\u00a0\u00bbvc_hidden-xs\u00a0\u00bb][vc_media_grid element_width=\u00a0\u00bb2&Prime; grid_id=\u00a0\u00bbvc_gid:1576877104522-5b1f76ee-87cd-10&Prime; include=\u00a0\u00bb4168,4169,4170,4171,4172,4173,4174,4291&Prime;][\/vc_column][\/vc_row][vc_row content_placement=\u00a0\u00bbmiddle\u00a0\u00bb][vc_column][vc_btn title=\u00a0\u00bbCOTIZAR\u00a0\u00bb color=\u00a0\u00bbdanger\u00a0\u00bb align=\u00a0\u00bbcenter\u00a0\u00bb css_animation=\u00a0\u00bbzoomInRight\u00a0\u00bb link=\u00a0\u00bburl:http%3A%2F%2Fbit.ly%2FAcuarelaTourPeru|||\u00a0\u00bb][\/vc_column][\/vc_row]","protected":false},"excerpt":{"rendered":"<p>[vc_row][vc_column][vc_column_text] VALLEE DU COLCA \u2022 \u00a0Dur\u00e9e: 2 ou 3 JOURS Nous quitterons Arequipa t\u00f4t le matin pour profiter de l&rsquo;absence de touristes et d\u00e9couvrir des esp\u00e8ces communes telles que le&#8230;<\/p>\n","protected":false},"author":1,"featured_media":0,"parent":0,"menu_order":0,"comment_status":"closed","ping_status":"closed","template":"","meta":{"_acf_changed":false,"footnotes":""},"class_list":["post-3077","page","type-page","status-publish","hentry"],"acf":[],"_links":{"self":[{"href":"https:\/\/acuarelatourperu.com\/fr\/wp-json\/wp\/v2\/pages\/3077","targetHints":{"allow":["GET"]}}],"collection":[{"href":"https:\/\/acuarelatourperu.com\/fr\/wp-json\/wp\/v2\/pages"}],"about":[{"href":"https:\/\/acuarelatourperu.com\/fr\/wp-json\/wp\/v2\/types\/page"}],"author":[{"embeddable":true,"href":"https:\/\/acuarelatourperu.com\/fr\/wp-json\/wp\/v2\/users\/1"}],"replies":[{"embeddable":true,"href":"https:\/\/acuarelatourperu.com\/fr\/wp-json\/wp\/v2\/comments?post=3077"}],"version-history":[{"count":8,"href":"https:\/\/acuarelatourperu.com\/fr\/wp-json\/wp\/v2\/pages\/3077\/revisions"}],"predecessor-version":[{"id":4686,"href":"https:\/\/acuarelatourperu.com\/fr\/wp-json\/wp\/v2\/pages\/3077\/revisions\/4686"}],"wp:attachment":[{"href":"https:\/\/acuarelatourperu.com\/fr\/wp-json\/wp\/v2\/media?parent=3077"}],"curies":[{"name":"wp","href":"https:\/\/api.w.org\/{rel}","templated":true}]}}