{"id":3090,"date":"2019-07-21T16:11:30","date_gmt":"2019-07-21T16:11:30","guid":{"rendered":"http:\/\/www.acuarelatourperu.com\/?page_id=3090"},"modified":"2019-12-20T21:24:05","modified_gmt":"2019-12-20T21:24:05","slug":"laguna-de-mejia","status":"publish","type":"page","link":"https:\/\/acuarelatourperu.com\/fr\/laguna-de-mejia\/","title":{"rendered":"LAGUNA DE MEJ\u00cdA"},"content":{"rendered":"[vc_row][vc_column][vc_column_text]\n<h1 style=\"text-align: center;\"><span style=\"color: #02aea9;\"> LAGUNE DE MEJ\u00cdA <\/span><\/h1>\n<p>\u2022 \u00a0<strong>Dur\u00e9e: <\/strong>\u00a01 JOUR<\/p>\n<p>Le Sanctuaire de Mej\u00eda a \u00e9t\u00e9 cr\u00e9\u00e9 en 1984 et d\u00e9sign\u00e9 comme site RAMSAR, dans le but de prot\u00e9ger la faune et la flore menac\u00e9e. Cet endroit est id\u00e9al pour les amoureux de la nature, en particulier les ornithologues. Il y a plus de 2000 kilom\u00e8tres de d\u00e9sert o\u00f9 les oiseaux migrateurs de la for\u00eat bor\u00e9ale et du sud arrivent pour se reposer et poursuivre leur voyage.<\/p>\n<p>Inclus: Transport, guide, pique-nique.<\/p>\n<p>Non inclus: Entr\u00e9e, d\u00eener, d\u00e9jeuners, boissons.[\/vc_column_text][vc_row_inner gap=\u00a0\u00bb5&Prime;][vc_column_inner offset=\u00a0\u00bbvc_hidden-lg vc_hidden-md vc_hidden-sm\u00a0\u00bb][vc_gallery type=\u00a0\u00bbimage_grid\u00a0\u00bb images=\u00a0\u00bb4166,4164,4165,4162,4163,4159,4160,4157,4158,4161,4405&Prime; img_size=\u00a0\u00bbmedium\u00a0\u00bb onclick=\u00a0\u00bbcustom_link\u00a0\u00bb css_animation=\u00a0\u00bbfadeIn\u00a0\u00bb][\/vc_column_inner][\/vc_row_inner][\/vc_column][\/vc_row][vc_row][vc_column offset=\u00a0\u00bbvc_hidden-xs\u00a0\u00bb][vc_media_grid element_width=\u00a0\u00bb2&Prime; grid_id=\u00a0\u00bbvc_gid:1576877000364-102c6fe1-e10f-10&Prime; include=\u00a0\u00bb4157,4158,4159,4160,4161,4162,4163,4164,4165,4166,4405&Prime;][\/vc_column][\/vc_row][vc_row content_placement=\u00a0\u00bbmiddle\u00a0\u00bb][vc_column][vc_btn title=\u00a0\u00bbCOTIZAR\u00a0\u00bb color=\u00a0\u00bbdanger\u00a0\u00bb align=\u00a0\u00bbcenter\u00a0\u00bb css_animation=\u00a0\u00bbzoomInRight\u00a0\u00bb link=\u00a0\u00bburl:http%3A%2F%2Fbit.ly%2FAcuarelaTourPeru|||\u00a0\u00bb][\/vc_column][\/vc_row]","protected":false},"excerpt":{"rendered":"<p>[vc_row][vc_column][vc_column_text] LAGUNE DE MEJ\u00cdA \u2022 \u00a0Dur\u00e9e: \u00a01 JOUR Le Sanctuaire de Mej\u00eda a \u00e9t\u00e9 cr\u00e9\u00e9 en 1984 et d\u00e9sign\u00e9 comme site RAMSAR, dans le but de prot\u00e9ger la faune et&#8230;<\/p>\n","protected":false},"author":1,"featured_media":0,"parent":0,"menu_order":0,"comment_status":"closed","ping_status":"closed","template":"","meta":{"_acf_changed":false,"footnotes":""},"class_list":["post-3090","page","type-page","status-publish","hentry"],"acf":[],"_links":{"self":[{"href":"https:\/\/acuarelatourperu.com\/fr\/wp-json\/wp\/v2\/pages\/3090","targetHints":{"allow":["GET"]}}],"collection":[{"href":"https:\/\/acuarelatourperu.com\/fr\/wp-json\/wp\/v2\/pages"}],"about":[{"href":"https:\/\/acuarelatourperu.com\/fr\/wp-json\/wp\/v2\/types\/page"}],"author":[{"embeddable":true,"href":"https:\/\/acuarelatourperu.com\/fr\/wp-json\/wp\/v2\/users\/1"}],"replies":[{"embeddable":true,"href":"https:\/\/acuarelatourperu.com\/fr\/wp-json\/wp\/v2\/comments?post=3090"}],"version-history":[{"count":8,"href":"https:\/\/acuarelatourperu.com\/fr\/wp-json\/wp\/v2\/pages\/3090\/revisions"}],"predecessor-version":[{"id":4685,"href":"https:\/\/acuarelatourperu.com\/fr\/wp-json\/wp\/v2\/pages\/3090\/revisions\/4685"}],"wp:attachment":[{"href":"https:\/\/acuarelatourperu.com\/fr\/wp-json\/wp\/v2\/media?parent=3090"}],"curies":[{"name":"wp","href":"https:\/\/api.w.org\/{rel}","templated":true}]}}