{"id":3102,"date":"2019-07-21T16:38:02","date_gmt":"2019-07-21T16:38:02","guid":{"rendered":"http:\/\/www.acuarelatourperu.com\/?page_id=3102"},"modified":"2019-12-20T21:22:58","modified_gmt":"2019-12-20T21:22:58","slug":"laguna-de-salinas","status":"publish","type":"page","link":"https:\/\/acuarelatourperu.com\/fr\/laguna-de-salinas\/","title":{"rendered":"LAGUNA DE SALINAS"},"content":{"rendered":"[vc_row][vc_column][vc_column_text]\n<h1 style=\"text-align: center;\"><span style=\"color: #02aea9;\"> LAGUNE DE SALINAS <\/span><\/h1>\n<p>\u2022 \u00a0<strong>Dur\u00e9e: <\/strong>\u00a01 JOUR<\/p>\n<p>Un des sites RAMSAR cr\u00e9\u00e9 en 1979 dans le but de prot\u00e9ger les esp\u00e8ces de flore et de faune. Ce bel endroit est connu pour abriter les 3 types de flamants roses, o\u00f9 parfois vous pouvez voir plus de 20,000 flamants roses en une journ\u00e9e et d&rsquo;autres esp\u00e8ces migratrices bor\u00e9ales du sud. C&rsquo;est aussi un endroit o\u00f9 les communaut\u00e9s se consacrent \u00e0 la collecte du sel comme dans le pass\u00e9, et de nos jours on y trouve une importante extraction de borate, qui est utilis\u00e9 dans les tanneries.<\/p>\n<p>Inclus: Transport, guide, pique-nique.<\/p>\n<p>Non inclus: Entr\u00e9e, d\u00eener, d\u00e9jeuners, boissons.[\/vc_column_text][vc_row_inner gap=\u00a0\u00bb5&Prime;][vc_column_inner offset=\u00a0\u00bbvc_hidden-lg vc_hidden-md vc_hidden-sm\u00a0\u00bb][vc_gallery type=\u00a0\u00bbimage_grid\u00a0\u00bb images=\u00a0\u00bb4154,4153,4150,4151,4152,4148,4149,4289&Prime; img_size=\u00a0\u00bbmedium\u00a0\u00bb onclick=\u00a0\u00bbcustom_link\u00a0\u00bb css_animation=\u00a0\u00bbfadeIn\u00a0\u00bb][\/vc_column_inner][\/vc_row_inner][\/vc_column][\/vc_row][vc_row][vc_column offset=\u00a0\u00bbvc_hidden-xs\u00a0\u00bb][vc_media_grid element_width=\u00a0\u00bb2&Prime; grid_id=\u00a0\u00bbvc_gid:1576876916771-c4ed287f-7a7f-0&Prime; include=\u00a0\u00bb4148,4153,4149,4151,4152,4154,4150,4289&Prime;][\/vc_column][\/vc_row][vc_row content_placement=\u00a0\u00bbmiddle\u00a0\u00bb][vc_column][vc_btn title=\u00a0\u00bbCOTIZAR\u00a0\u00bb color=\u00a0\u00bbdanger\u00a0\u00bb align=\u00a0\u00bbcenter\u00a0\u00bb css_animation=\u00a0\u00bbzoomInRight\u00a0\u00bb link=\u00a0\u00bburl:http%3A%2F%2Fbit.ly%2FAcuarelaTourPeru|||\u00a0\u00bb][\/vc_column][\/vc_row]","protected":false},"excerpt":{"rendered":"<p>[vc_row][vc_column][vc_column_text] LAGUNE DE SALINAS \u2022 \u00a0Dur\u00e9e: \u00a01 JOUR Un des sites RAMSAR cr\u00e9\u00e9 en 1979 dans le but de prot\u00e9ger les esp\u00e8ces de flore et de faune. Ce bel endroit&#8230;<\/p>\n","protected":false},"author":1,"featured_media":0,"parent":0,"menu_order":0,"comment_status":"closed","ping_status":"closed","template":"","meta":{"_acf_changed":false,"footnotes":""},"class_list":["post-3102","page","type-page","status-publish","hentry"],"acf":[],"_links":{"self":[{"href":"https:\/\/acuarelatourperu.com\/fr\/wp-json\/wp\/v2\/pages\/3102","targetHints":{"allow":["GET"]}}],"collection":[{"href":"https:\/\/acuarelatourperu.com\/fr\/wp-json\/wp\/v2\/pages"}],"about":[{"href":"https:\/\/acuarelatourperu.com\/fr\/wp-json\/wp\/v2\/types\/page"}],"author":[{"embeddable":true,"href":"https:\/\/acuarelatourperu.com\/fr\/wp-json\/wp\/v2\/users\/1"}],"replies":[{"embeddable":true,"href":"https:\/\/acuarelatourperu.com\/fr\/wp-json\/wp\/v2\/comments?post=3102"}],"version-history":[{"count":9,"href":"https:\/\/acuarelatourperu.com\/fr\/wp-json\/wp\/v2\/pages\/3102\/revisions"}],"predecessor-version":[{"id":4684,"href":"https:\/\/acuarelatourperu.com\/fr\/wp-json\/wp\/v2\/pages\/3102\/revisions\/4684"}],"wp:attachment":[{"href":"https:\/\/acuarelatourperu.com\/fr\/wp-json\/wp\/v2\/media?parent=3102"}],"curies":[{"name":"wp","href":"https:\/\/api.w.org\/{rel}","templated":true}]}}