{"id":3114,"date":"2019-07-22T03:36:50","date_gmt":"2019-07-22T03:36:50","guid":{"rendered":"http:\/\/www.acuarelatourperu.com\/?page_id=3114"},"modified":"2019-12-20T19:39:57","modified_gmt":"2019-12-20T19:39:57","slug":"uros-by-kayak-taquile-puno","status":"publish","type":"page","link":"https:\/\/acuarelatourperu.com\/fr\/uros-by-kayak-taquile-puno\/","title":{"rendered":"UROS BY KAYAK \/ TAQUILE \/ PUNO"},"content":{"rendered":"[vc_row][vc_column][vc_column_text]\n<h1 style=\"text-align: center;\"><span style=\"color: #02aea9;\"> LES ILES UROS EN KAYAK \/ TAQUILE \/ PUNO <\/span><\/h1>\n<p>\u2022 \u00a0<strong>Dur\u00e9e: <\/strong>\u00a02 JOURS<\/p>\n<p>6h45. Apr\u00e8s avoir fini toute la tourn\u00e9e du programme Uros en Kayak \u00bd journ\u00e9e, la connexion se fait en bateau \u00e0 moteur pour continuer vers l\u2019\u00eele de Taquile, o\u00f9 les habitants portent des costumes traditionnels faits de beaux tissus color\u00e9s.<\/p>\n<p>Retour \u00e0 Puno \u00e0 17h00. Transfert et nuit \u00e0 l&rsquo;h\u00f4tel.<\/p>\n<p>Comprend: H\u00f4tel, guide, personnel de soutien, entr\u00e9es, transferts: h\u00f4tel\/port\/h\u00f4tel. Bateau de soutien, mat\u00e9riel d&rsquo;aventure, trousse de premiers secours, d\u00e9jeuner \u00e0 Taquile.[\/vc_column_text][vc_row_inner gap=\u00a0\u00bb5&Prime;][vc_column_inner offset=\u00a0\u00bbvc_hidden-lg vc_hidden-md vc_hidden-sm\u00a0\u00bb][vc_gallery type=\u00a0\u00bbimage_grid\u00a0\u00bb images=\u00a0\u00bb3122,3121,3120,3119,3118,3117&Prime; img_size=\u00a0\u00bbmedium\u00a0\u00bb onclick=\u00a0\u00bbcustom_link\u00a0\u00bb css_animation=\u00a0\u00bbfadeIn\u00a0\u00bb][\/vc_column_inner][\/vc_row_inner][\/vc_column][\/vc_row][vc_row][vc_column offset=\u00a0\u00bbvc_hidden-xs\u00a0\u00bb][vc_media_grid element_width=\u00a0\u00bb2&Prime; grid_id=\u00a0\u00bbvc_gid:1576870755825-fab4fcbd-0b91-0&Prime; include=\u00a0\u00bb3118,3119,3120,3121,3122,3117&Prime;][\/vc_column][\/vc_row][vc_row content_placement=\u00a0\u00bbmiddle\u00a0\u00bb][vc_column][vc_btn title=\u00a0\u00bbCOTIZAR\u00a0\u00bb color=\u00a0\u00bbdanger\u00a0\u00bb align=\u00a0\u00bbcenter\u00a0\u00bb css_animation=\u00a0\u00bbzoomInRight\u00a0\u00bb link=\u00a0\u00bburl:http%3A%2F%2Fbit.ly%2FAcuarelaTourPeru|||\u00a0\u00bb][\/vc_column][\/vc_row]","protected":false},"excerpt":{"rendered":"<p>[vc_row][vc_column][vc_column_text] LES ILES UROS EN KAYAK \/ TAQUILE \/ PUNO \u2022 \u00a0Dur\u00e9e: \u00a02 JOURS 6h45. Apr\u00e8s avoir fini toute la tourn\u00e9e du programme Uros en Kayak \u00bd journ\u00e9e, la connexion&#8230;<\/p>\n","protected":false},"author":1,"featured_media":0,"parent":0,"menu_order":0,"comment_status":"closed","ping_status":"closed","template":"","meta":{"_acf_changed":false,"footnotes":""},"class_list":["post-3114","page","type-page","status-publish","hentry"],"acf":[],"_links":{"self":[{"href":"https:\/\/acuarelatourperu.com\/fr\/wp-json\/wp\/v2\/pages\/3114","targetHints":{"allow":["GET"]}}],"collection":[{"href":"https:\/\/acuarelatourperu.com\/fr\/wp-json\/wp\/v2\/pages"}],"about":[{"href":"https:\/\/acuarelatourperu.com\/fr\/wp-json\/wp\/v2\/types\/page"}],"author":[{"embeddable":true,"href":"https:\/\/acuarelatourperu.com\/fr\/wp-json\/wp\/v2\/users\/1"}],"replies":[{"embeddable":true,"href":"https:\/\/acuarelatourperu.com\/fr\/wp-json\/wp\/v2\/comments?post=3114"}],"version-history":[{"count":7,"href":"https:\/\/acuarelatourperu.com\/fr\/wp-json\/wp\/v2\/pages\/3114\/revisions"}],"predecessor-version":[{"id":4670,"href":"https:\/\/acuarelatourperu.com\/fr\/wp-json\/wp\/v2\/pages\/3114\/revisions\/4670"}],"wp:attachment":[{"href":"https:\/\/acuarelatourperu.com\/fr\/wp-json\/wp\/v2\/media?parent=3114"}],"curies":[{"name":"wp","href":"https:\/\/api.w.org\/{rel}","templated":true}]}}