{"id":3127,"date":"2019-07-22T04:14:09","date_gmt":"2019-07-22T04:14:09","guid":{"rendered":"http:\/\/www.acuarelatourperu.com\/?page_id=3127"},"modified":"2019-12-20T19:37:13","modified_gmt":"2019-12-20T19:37:13","slug":"bicicleta-montanera-hacia-las-ruinas-de-cutimbo","status":"publish","type":"page","link":"https:\/\/acuarelatourperu.com\/fr\/bicicleta-montanera-hacia-las-ruinas-de-cutimbo\/","title":{"rendered":"BICICLETA MONTA\u00d1ERA HACIA LAS RUINAS DE CUTIMBO"},"content":{"rendered":"[vc_row][vc_column][vc_column_text]\n<h1 style=\"text-align: center;\"><span style=\"color: #02aea9;\"> VELO EN MONTAGNE VERS LES RUINS DE CUTIMBO <\/span><\/h1>\n<p>\u2022 \u00a0<strong>Dur\u00e9e: <\/strong>\u00a0Demi-journ\u00e9e<\/p>\n<p>8 h ou 13 h 45. Transfert de l&rsquo;h\u00f4tel \u00e0 la sortie de Puno c\u00f4t\u00e9 sud. Le guide vous donnera un bref aper\u00e7u de l&rsquo;aventure avant de commencer le parcours en v\u00e9lo, p\u00e9dalant 2 heures, tandis que nous observons de beaux paysages, le b\u00e9tail, diff\u00e9rents paysages rocheux, la zone de la for\u00eat de pierres et un panorama du complexe arch\u00e9ologique de Cutimbo. Nous ferons ensuite une promenade vers les ruines.<\/p>\n<p>Retour \u00e0 Puno, et nuit \u00e0 l&rsquo;h\u00f4tel.<br \/>\nComprend: guide, personnel de soutien, v\u00e9lo de montagne avec suspension avant, casque, gants, transport de soutien, billet d&rsquo;entr\u00e9e, trousse de premiers soins.<\/p>\n<p><strong>\u00a0<\/strong>[\/vc_column_text][vc_row_inner gap=\u00a0\u00bb5&Prime;][vc_column_inner offset=\u00a0\u00bbvc_hidden-lg vc_hidden-md vc_hidden-sm\u00a0\u00bb][vc_gallery type=\u00a0\u00bbimage_grid\u00a0\u00bb images=\u00a0\u00bb2579,3796,3795,3794,3130,3792,3793,3132,3791,3790,3789,3788,3131,3787,3786,3785,3784&Prime; img_size=\u00a0\u00bbmedium\u00a0\u00bb onclick=\u00a0\u00bbcustom_link\u00a0\u00bb css_animation=\u00a0\u00bbfadeIn\u00a0\u00bb][\/vc_column_inner][\/vc_row_inner][\/vc_column][\/vc_row][vc_row][vc_column offset=\u00a0\u00bbvc_hidden-xs\u00a0\u00bb][vc_media_grid element_width=\u00a0\u00bb2&Prime; grid_id=\u00a0\u00bbvc_gid:1576870586292-cf066cda-1871-7&Prime; include=\u00a0\u00bb2579,3784,3785,3786,3787,3788,3789,3790,3791,3792,3793,3794,3795,3796,3131,3132,3130&Prime;][\/vc_column][\/vc_row][vc_row content_placement=\u00a0\u00bbmiddle\u00a0\u00bb][vc_column][vc_btn title=\u00a0\u00bbCOTIZAR\u00a0\u00bb color=\u00a0\u00bbdanger\u00a0\u00bb align=\u00a0\u00bbcenter\u00a0\u00bb css_animation=\u00a0\u00bbzoomInRight\u00a0\u00bb link=\u00a0\u00bburl:http%3A%2F%2Fbit.ly%2FAcuarelaTourPeru|||\u00a0\u00bb][\/vc_column][\/vc_row]","protected":false},"excerpt":{"rendered":"<p>[vc_row][vc_column][vc_column_text] VELO EN MONTAGNE VERS LES RUINS DE CUTIMBO \u2022 \u00a0Dur\u00e9e: \u00a0Demi-journ\u00e9e 8 h ou 13 h 45. Transfert de l&rsquo;h\u00f4tel \u00e0 la sortie de Puno c\u00f4t\u00e9 sud. Le guide&#8230;<\/p>\n","protected":false},"author":1,"featured_media":0,"parent":0,"menu_order":0,"comment_status":"closed","ping_status":"closed","template":"","meta":{"_acf_changed":false,"footnotes":""},"class_list":["post-3127","page","type-page","status-publish","hentry"],"acf":[],"_links":{"self":[{"href":"https:\/\/acuarelatourperu.com\/fr\/wp-json\/wp\/v2\/pages\/3127","targetHints":{"allow":["GET"]}}],"collection":[{"href":"https:\/\/acuarelatourperu.com\/fr\/wp-json\/wp\/v2\/pages"}],"about":[{"href":"https:\/\/acuarelatourperu.com\/fr\/wp-json\/wp\/v2\/types\/page"}],"author":[{"embeddable":true,"href":"https:\/\/acuarelatourperu.com\/fr\/wp-json\/wp\/v2\/users\/1"}],"replies":[{"embeddable":true,"href":"https:\/\/acuarelatourperu.com\/fr\/wp-json\/wp\/v2\/comments?post=3127"}],"version-history":[{"count":8,"href":"https:\/\/acuarelatourperu.com\/fr\/wp-json\/wp\/v2\/pages\/3127\/revisions"}],"predecessor-version":[{"id":4669,"href":"https:\/\/acuarelatourperu.com\/fr\/wp-json\/wp\/v2\/pages\/3127\/revisions\/4669"}],"wp:attachment":[{"href":"https:\/\/acuarelatourperu.com\/fr\/wp-json\/wp\/v2\/media?parent=3127"}],"curies":[{"name":"wp","href":"https:\/\/api.w.org\/{rel}","templated":true}]}}