{"id":3136,"date":"2019-07-22T04:43:50","date_gmt":"2019-07-22T04:43:50","guid":{"rendered":"http:\/\/www.acuarelatourperu.com\/?page_id=3136"},"modified":"2019-12-20T19:35:12","modified_gmt":"2019-12-20T19:35:12","slug":"floating-bike-puno-isla-de-los-uros","status":"publish","type":"page","link":"https:\/\/acuarelatourperu.com\/fr\/floating-bike-puno-isla-de-los-uros\/","title":{"rendered":"FLOATING BIKE: PUNO \u2013 ISLA DE LOS UROS"},"content":{"rendered":"[vc_row][vc_column][vc_column_text]\n<h1 style=\"text-align: center;\"><span style=\"color: #02aea9;\">V\u00e9lo flottant: PUNO \u2013 ILES UROS<\/span><\/h1>\n<p>\u2022 \u00a0<strong>Dur\u00e9e: <\/strong>\u00a0Demi-journ\u00e9e<\/p>\n<p>8 h ou 13 h 45. Transfert de l&rsquo;h\u00f4tel \u00e0 la baie de l&rsquo;\u00eele d&rsquo;Esteves, o\u00f9 le guide vous expliquera vite fait comment va se d\u00e9rouler l&rsquo;aventure, puis commence l&rsquo;itin\u00e9raire en kayak, en pagayant 1 heure et demie environ.<\/p>\n<p>Tout le long parcours vous pourrez contempler de beaux paysages, une vari\u00e9t\u00e9 d&rsquo;oiseaux, la flore et la faune et une \u00eele de formation rocheuse (Foroba Island, surnomm\u00e9e Devil&rsquo;s Island). En arrivant aux Uros, le guide commencera par les explications puis vous aurez du temps libre pour explorer l&rsquo;\u00eele, visiter la famille d\u2019acceuil, prendre des photos, etc.<\/p>\n<p>Comprend: H\u00f4tel, guide de l&rsquo;instructeur, personnel de soutien, entr\u00e9es.<\/p>\n<p>Transfert : H\u00f4tel\/port\/h\u00f4tel, bateau de soutien, materiel d&rsquo;aventure, trousse de premiers soins.[\/vc_column_text][vc_row_inner gap=\u00a0\u00bb5&Prime;][vc_column_inner offset=\u00a0\u00bbvc_hidden-lg vc_hidden-md vc_hidden-sm\u00a0\u00bb][vc_gallery type=\u00a0\u00bbimage_grid\u00a0\u00bb images=\u00a0\u00bb3142,3798,3799,3800,3801,3802,3803,3804,3805,3806,3807,3808,3139,3141,3140&Prime; img_size=\u00a0\u00bbmedium\u00a0\u00bb onclick=\u00a0\u00bbcustom_link\u00a0\u00bb css_animation=\u00a0\u00bbfadeIn\u00a0\u00bb][\/vc_column_inner][\/vc_row_inner][\/vc_column][\/vc_row][vc_row][vc_column offset=\u00a0\u00bbvc_hidden-xs\u00a0\u00bb][vc_media_grid element_width=\u00a0\u00bb2&Prime; grid_id=\u00a0\u00bbvc_gid:1576870361549-856e175c-dd4f-5&Prime; include=\u00a0\u00bb3142,3807,3804,3808,3140,3802,3803,3800,3141,3798,3799,3139,3801,3805,3806&Prime;][\/vc_column][\/vc_row][vc_row content_placement=\u00a0\u00bbmiddle\u00a0\u00bb][vc_column][vc_btn title=\u00a0\u00bbCOTIZAR\u00a0\u00bb color=\u00a0\u00bbdanger\u00a0\u00bb align=\u00a0\u00bbcenter\u00a0\u00bb css_animation=\u00a0\u00bbzoomInRight\u00a0\u00bb link=\u00a0\u00bburl:http%3A%2F%2Fbit.ly%2FAcuarelaTourPeru|||\u00a0\u00bb][\/vc_column][\/vc_row]","protected":false},"excerpt":{"rendered":"<p>[vc_row][vc_column][vc_column_text] V\u00e9lo flottant: PUNO \u2013 ILES UROS \u2022 \u00a0Dur\u00e9e: \u00a0Demi-journ\u00e9e 8 h ou 13 h 45. Transfert de l&rsquo;h\u00f4tel \u00e0 la baie de l&rsquo;\u00eele d&rsquo;Esteves, o\u00f9 le guide vous expliquera&#8230;<\/p>\n","protected":false},"author":1,"featured_media":0,"parent":0,"menu_order":0,"comment_status":"closed","ping_status":"closed","template":"","meta":{"_acf_changed":false,"footnotes":""},"class_list":["post-3136","page","type-page","status-publish","hentry"],"acf":[],"_links":{"self":[{"href":"https:\/\/acuarelatourperu.com\/fr\/wp-json\/wp\/v2\/pages\/3136","targetHints":{"allow":["GET"]}}],"collection":[{"href":"https:\/\/acuarelatourperu.com\/fr\/wp-json\/wp\/v2\/pages"}],"about":[{"href":"https:\/\/acuarelatourperu.com\/fr\/wp-json\/wp\/v2\/types\/page"}],"author":[{"embeddable":true,"href":"https:\/\/acuarelatourperu.com\/fr\/wp-json\/wp\/v2\/users\/1"}],"replies":[{"embeddable":true,"href":"https:\/\/acuarelatourperu.com\/fr\/wp-json\/wp\/v2\/comments?post=3136"}],"version-history":[{"count":8,"href":"https:\/\/acuarelatourperu.com\/fr\/wp-json\/wp\/v2\/pages\/3136\/revisions"}],"predecessor-version":[{"id":4668,"href":"https:\/\/acuarelatourperu.com\/fr\/wp-json\/wp\/v2\/pages\/3136\/revisions\/4668"}],"wp:attachment":[{"href":"https:\/\/acuarelatourperu.com\/fr\/wp-json\/wp\/v2\/media?parent=3136"}],"curies":[{"name":"wp","href":"https:\/\/api.w.org\/{rel}","templated":true}]}}