{"id":3157,"date":"2019-07-22T05:52:43","date_gmt":"2019-07-22T05:52:43","guid":{"rendered":"http:\/\/www.acuarelatourperu.com\/?page_id=3157"},"modified":"2019-12-20T19:25:26","modified_gmt":"2019-12-20T19:25:26","slug":"uros-amantani-taquile-puno","status":"publish","type":"page","link":"https:\/\/acuarelatourperu.com\/fr\/uros-amantani-taquile-puno\/","title":{"rendered":"UROS \/ AMANTANI \/ TAQUILE \/ PUNO"},"content":{"rendered":"[vc_row][vc_column][vc_column_text]\n<h1 style=\"text-align: center;\"><span style=\"color: #02aea9;\">UROS \/ AMANTANI \/ TAQUILE \/ PUNO<\/span><\/h1>\n<p>\u2022 \u00a0<strong>Dur\u00e9e: <\/strong>\u00a02 JOURS \u2013 SEJOUR CHEZ L\u2019HABITANT<\/p>\n<p>Nous quitterons maintenant Puno pour conna\u00eetre la communaut\u00e9 des Uros et ses \u00eeles flottantes, et continuer vers Amantani, o\u00f9 nous passerons la nuit et marcherons jusqu&rsquo;aux points les plus \u00e9lev\u00e9s de l&rsquo;\u00eele, avec un coucher de soleil tr\u00e8s agr\u00e9able sur la vue. Le lendemain, nous visiterons l&rsquo;\u00eele de Taquile et ses textiles qui repr\u00e9sentent une grande histoire de ses habitants. Retour \u00e0 Puno en bateau.<\/p>\n<p>Comprend: bateau, guide, entr\u00e9es, h\u00e9bergement, pension compl\u00e8te, activit\u00e9s familiales.<br \/>\n[\/vc_column_text][vc_row_inner gap=\u00a0\u00bb5&Prime;][vc_column_inner offset=\u00a0\u00bbvc_hidden-lg vc_hidden-md vc_hidden-sm\u00a0\u00bb][vc_gallery type=\u00a0\u00bbimage_grid\u00a0\u00bb images=\u00a0\u00bb2616,3160,4120,3164,3165,4121,3166,3162,4047,3163,4122&Prime; img_size=\u00a0\u00bbmedium\u00a0\u00bb onclick=\u00a0\u00bbcustom_link\u00a0\u00bb css_animation=\u00a0\u00bbfadeIn\u00a0\u00bb][\/vc_column_inner][\/vc_row_inner][\/vc_column][\/vc_row][vc_row][vc_column offset=\u00a0\u00bbvc_hidden-xs\u00a0\u00bb][vc_media_grid element_width=\u00a0\u00bb2&Prime; grid_id=\u00a0\u00bbvc_gid:1576869890727-73d39de4-6f2e-4&Prime; include=\u00a0\u00bb2616,3160,3162,4121,3166,4120,3164,3165,4047,3163,4122&Prime;][\/vc_column][\/vc_row][vc_row content_placement=\u00a0\u00bbmiddle\u00a0\u00bb][vc_column][vc_btn title=\u00a0\u00bbCOTIZAR\u00a0\u00bb color=\u00a0\u00bbdanger\u00a0\u00bb align=\u00a0\u00bbcenter\u00a0\u00bb css_animation=\u00a0\u00bbzoomInRight\u00a0\u00bb link=\u00a0\u00bburl:http%3A%2F%2Fbit.ly%2FAcuarelaTourPeru|||\u00a0\u00bb][\/vc_column][\/vc_row]","protected":false},"excerpt":{"rendered":"<p>[vc_row][vc_column][vc_column_text] UROS \/ AMANTANI \/ TAQUILE \/ PUNO \u2022 \u00a0Dur\u00e9e: \u00a02 JOURS \u2013 SEJOUR CHEZ L\u2019HABITANT Nous quitterons maintenant Puno pour conna\u00eetre la communaut\u00e9 des Uros et ses \u00eeles flottantes,&#8230;<\/p>\n","protected":false},"author":1,"featured_media":0,"parent":0,"menu_order":0,"comment_status":"closed","ping_status":"closed","template":"","meta":{"_acf_changed":false,"footnotes":""},"class_list":["post-3157","page","type-page","status-publish","hentry"],"acf":[],"_links":{"self":[{"href":"https:\/\/acuarelatourperu.com\/fr\/wp-json\/wp\/v2\/pages\/3157","targetHints":{"allow":["GET"]}}],"collection":[{"href":"https:\/\/acuarelatourperu.com\/fr\/wp-json\/wp\/v2\/pages"}],"about":[{"href":"https:\/\/acuarelatourperu.com\/fr\/wp-json\/wp\/v2\/types\/page"}],"author":[{"embeddable":true,"href":"https:\/\/acuarelatourperu.com\/fr\/wp-json\/wp\/v2\/users\/1"}],"replies":[{"embeddable":true,"href":"https:\/\/acuarelatourperu.com\/fr\/wp-json\/wp\/v2\/comments?post=3157"}],"version-history":[{"count":8,"href":"https:\/\/acuarelatourperu.com\/fr\/wp-json\/wp\/v2\/pages\/3157\/revisions"}],"predecessor-version":[{"id":4665,"href":"https:\/\/acuarelatourperu.com\/fr\/wp-json\/wp\/v2\/pages\/3157\/revisions\/4665"}],"wp:attachment":[{"href":"https:\/\/acuarelatourperu.com\/fr\/wp-json\/wp\/v2\/media?parent=3157"}],"curies":[{"name":"wp","href":"https:\/\/api.w.org\/{rel}","templated":true}]}}