{"id":3171,"date":"2019-07-22T06:13:32","date_gmt":"2019-07-22T06:13:32","guid":{"rendered":"http:\/\/www.acuarelatourperu.com\/?page_id=3171"},"modified":"2019-12-20T19:27:22","modified_gmt":"2019-12-20T19:27:22","slug":"uros-llachon-taquile-puno","status":"publish","type":"page","link":"https:\/\/acuarelatourperu.com\/fr\/uros-llachon-taquile-puno\/","title":{"rendered":"UROS \/ LLACH\u00d3N \/ TAQUILE \/ PUNO"},"content":{"rendered":"[vc_row][vc_column][vc_column_text]\n<h1 style=\"text-align: center;\"><span style=\"color: #02aea9;\">UROS \/ LLACH\u00d3N \/ TAQUILE \/ PUNO<\/span><\/h1>\n<p>\u2022 \u00a0<strong>Dur\u00e9e: <\/strong>\u00a0 2D \u2013 SEJOUR CHEZ L\u2019HABITANT<\/p>\n<p>D\u00e9part de Puno en bateau, vers les \u00eeles flottantes des Uros uniques au monde, o\u00f9 nous apprendrons les techniques anciennes pour sa construction, puis nous continuerons vers la presqu&rsquo;\u00eele de Llachon o\u00f9 nous passerons la nuit dans la maison des villageois en d\u00e9couvrant leurs coutumes et traditions. Le lendemain, nous arriverons sur l&rsquo;\u00eele de Taquile, connue pour ses beaux textiles et ses paysages. Plus tard, nous reprendrons le bateau pour Puno.<\/p>\n<p>Inclus : Bateau, guide, entr\u00e9es, h\u00e9bergement, repas, activit\u00e9s avec la famille. [\/vc_column_text][vc_row_inner gap=\u00a0\u00bb5&Prime;][vc_column_inner offset=\u00a0\u00bbvc_hidden-lg vc_hidden-md vc_hidden-sm\u00a0\u00bb][vc_gallery type=\u00a0\u00bbimage_grid\u00a0\u00bb images=\u00a0\u00bb4116,2578,4044,3175,3166,4115,3177,3174,3176,4117,4045&Prime; img_size=\u00a0\u00bbmedium\u00a0\u00bb onclick=\u00a0\u00bbcustom_link\u00a0\u00bb css_animation=\u00a0\u00bbfadeIn\u00a0\u00bb][\/vc_column_inner][\/vc_row_inner][\/vc_column][\/vc_row][vc_row][vc_column offset=\u00a0\u00bbvc_hidden-xs\u00a0\u00bb][vc_media_grid element_width=\u00a0\u00bb2&Prime; grid_id=\u00a0\u00bbvc_gid:1576870002696-1befff16-3fef-3&Prime; include=\u00a0\u00bb4116,2578,4044,3175,3177,4115,3174,3176,4045,4117&Prime;][\/vc_column][\/vc_row][vc_row content_placement=\u00a0\u00bbmiddle\u00a0\u00bb][vc_column][vc_btn title=\u00a0\u00bbCOTIZAR\u00a0\u00bb color=\u00a0\u00bbdanger\u00a0\u00bb align=\u00a0\u00bbcenter\u00a0\u00bb css_animation=\u00a0\u00bbzoomInRight\u00a0\u00bb link=\u00a0\u00bburl:http%3A%2F%2Fbit.ly%2FAcuarelaTourPeru|||\u00a0\u00bb][\/vc_column][\/vc_row]","protected":false},"excerpt":{"rendered":"<p>[vc_row][vc_column][vc_column_text] UROS \/ LLACH\u00d3N \/ TAQUILE \/ PUNO \u2022 \u00a0Dur\u00e9e: \u00a0 2D \u2013 SEJOUR CHEZ L\u2019HABITANT D\u00e9part de Puno en bateau, vers les \u00eeles flottantes des Uros uniques au monde,&#8230;<\/p>\n","protected":false},"author":1,"featured_media":0,"parent":0,"menu_order":0,"comment_status":"closed","ping_status":"closed","template":"","meta":{"_acf_changed":false,"footnotes":""},"class_list":["post-3171","page","type-page","status-publish","hentry"],"acf":[],"_links":{"self":[{"href":"https:\/\/acuarelatourperu.com\/fr\/wp-json\/wp\/v2\/pages\/3171","targetHints":{"allow":["GET"]}}],"collection":[{"href":"https:\/\/acuarelatourperu.com\/fr\/wp-json\/wp\/v2\/pages"}],"about":[{"href":"https:\/\/acuarelatourperu.com\/fr\/wp-json\/wp\/v2\/types\/page"}],"author":[{"embeddable":true,"href":"https:\/\/acuarelatourperu.com\/fr\/wp-json\/wp\/v2\/users\/1"}],"replies":[{"embeddable":true,"href":"https:\/\/acuarelatourperu.com\/fr\/wp-json\/wp\/v2\/comments?post=3171"}],"version-history":[{"count":10,"href":"https:\/\/acuarelatourperu.com\/fr\/wp-json\/wp\/v2\/pages\/3171\/revisions"}],"predecessor-version":[{"id":4666,"href":"https:\/\/acuarelatourperu.com\/fr\/wp-json\/wp\/v2\/pages\/3171\/revisions\/4666"}],"wp:attachment":[{"href":"https:\/\/acuarelatourperu.com\/fr\/wp-json\/wp\/v2\/media?parent=3171"}],"curies":[{"name":"wp","href":"https:\/\/api.w.org\/{rel}","templated":true}]}}