{"id":3184,"date":"2019-07-22T06:44:45","date_gmt":"2019-07-22T06:44:45","guid":{"rendered":"http:\/\/www.acuarelatourperu.com\/?page_id=3184"},"modified":"2019-12-20T19:22:57","modified_gmt":"2019-12-20T19:22:57","slug":"pukara-tinajani","status":"publish","type":"page","link":"https:\/\/acuarelatourperu.com\/fr\/pukara-tinajani\/","title":{"rendered":"PUKARA \/ TINAJANI"},"content":{"rendered":"[vc_row][vc_column][vc_column_text]\n<h1 style=\"text-align: center;\"><span style=\"color: #02aea9;\">PUKARA \/ TINAJANI<\/span><\/h1>\n<p>\u2022 \u00a0<strong>Dur\u00e9e: <\/strong>\u00a08 HEURES<\/p>\n<p>Nous visiterons le complexe arch\u00e9ologique de Pukara, qui se compose d&rsquo;une s\u00e9rie de b\u00e2timents de forme pyramidale tronqu\u00e9e, ainsi que des plates-formes superpos\u00e9es, dans la pyramide de Kalasaya. On peut aussi visiter le Mus\u00e9e du Site, o\u00f9 se trouvent la totalit\u00e9 des vestiges de la r\u00e9gion.<\/p>\n<p>Plus tard dans la journ\u00e9e, nous visiterons Tinajani, c\u00e9l\u00e8bre pour sa for\u00eat de roches volcaniques de plus de 50 m\u00e8tres, sculptant diff\u00e9rentes formations g\u00e9ologiques. Dans la r\u00e9gion il y a 3 fontaines lithiques (bains) creus\u00e9es par la chute d&rsquo;eau, qui donnent le nom \u00e0 l&rsquo;endroit, o\u00f9 selon la l\u00e9gende les \u00eatres surnaturels ont tendance \u00e0 se baigner.<\/p>\n<p>Retour et nuit \u00e0 l&rsquo;h\u00f4tel \u00e0 Puno.<\/p>\n<p>Comprend: Transport priv\u00e9, guide, entr\u00e9es, h\u00f4tel.<br \/>\n[\/vc_column_text][vc_row_inner gap=\u00a0\u00bb5&Prime;][vc_column_inner offset=\u00a0\u00bbvc_hidden-lg vc_hidden-md vc_hidden-sm\u00a0\u00bb][vc_gallery type=\u00a0\u00bbimage_grid\u00a0\u00bb images=\u00a0\u00bb2575,3190,4125,3187,3191,3188,3189,4124&Prime; img_size=\u00a0\u00bbmedium\u00a0\u00bb onclick=\u00a0\u00bbcustom_link\u00a0\u00bb css_animation=\u00a0\u00bbfadeIn\u00a0\u00bb][\/vc_column_inner][\/vc_row_inner][\/vc_column][\/vc_row][vc_row][vc_column offset=\u00a0\u00bbvc_hidden-xs\u00a0\u00bb][vc_media_grid element_width=\u00a0\u00bb2&Prime; grid_id=\u00a0\u00bbvc_gid:1576869737099-2ab3dbf2-cf70-9&Prime; include=\u00a0\u00bb3190,3187,4125,3188,3189,3191,2575,4124&Prime;][\/vc_column][\/vc_row][vc_row content_placement=\u00a0\u00bbmiddle\u00a0\u00bb][vc_column][vc_btn title=\u00a0\u00bbCOTIZAR\u00a0\u00bb color=\u00a0\u00bbdanger\u00a0\u00bb align=\u00a0\u00bbcenter\u00a0\u00bb css_animation=\u00a0\u00bbzoomInRight\u00a0\u00bb link=\u00a0\u00bburl:http%3A%2F%2Fbit.ly%2FAcuarelaTourPeru|||\u00a0\u00bb][\/vc_column][\/vc_row]","protected":false},"excerpt":{"rendered":"<p>[vc_row][vc_column][vc_column_text] PUKARA \/ TINAJANI \u2022 \u00a0Dur\u00e9e: \u00a08 HEURES Nous visiterons le complexe arch\u00e9ologique de Pukara, qui se compose d&rsquo;une s\u00e9rie de b\u00e2timents de forme pyramidale tronqu\u00e9e, ainsi que des plates-formes&#8230;<\/p>\n","protected":false},"author":1,"featured_media":0,"parent":0,"menu_order":0,"comment_status":"closed","ping_status":"closed","template":"","meta":{"_acf_changed":false,"footnotes":""},"class_list":["post-3184","page","type-page","status-publish","hentry"],"acf":[],"_links":{"self":[{"href":"https:\/\/acuarelatourperu.com\/fr\/wp-json\/wp\/v2\/pages\/3184","targetHints":{"allow":["GET"]}}],"collection":[{"href":"https:\/\/acuarelatourperu.com\/fr\/wp-json\/wp\/v2\/pages"}],"about":[{"href":"https:\/\/acuarelatourperu.com\/fr\/wp-json\/wp\/v2\/types\/page"}],"author":[{"embeddable":true,"href":"https:\/\/acuarelatourperu.com\/fr\/wp-json\/wp\/v2\/users\/1"}],"replies":[{"embeddable":true,"href":"https:\/\/acuarelatourperu.com\/fr\/wp-json\/wp\/v2\/comments?post=3184"}],"version-history":[{"count":9,"href":"https:\/\/acuarelatourperu.com\/fr\/wp-json\/wp\/v2\/pages\/3184\/revisions"}],"predecessor-version":[{"id":4664,"href":"https:\/\/acuarelatourperu.com\/fr\/wp-json\/wp\/v2\/pages\/3184\/revisions\/4664"}],"wp:attachment":[{"href":"https:\/\/acuarelatourperu.com\/fr\/wp-json\/wp\/v2\/media?parent=3184"}],"curies":[{"name":"wp","href":"https:\/\/api.w.org\/{rel}","templated":true}]}}