{"id":3196,"date":"2019-07-22T07:04:55","date_gmt":"2019-07-22T07:04:55","guid":{"rendered":"http:\/\/www.acuarelatourperu.com\/?page_id=3196"},"modified":"2019-12-20T19:20:53","modified_gmt":"2019-12-20T19:20:53","slug":"pukara-lampa","status":"publish","type":"page","link":"https:\/\/acuarelatourperu.com\/fr\/pukara-lampa\/","title":{"rendered":"PUKARA \/ LAMPA"},"content":{"rendered":"[vc_row][vc_column][vc_column_text]\n<h1 style=\"text-align: center;\"><span style=\"color: #02aea9;\">PUKARA \/ LAMPA<\/span><\/h1>\n<p>\u2022 \u00a0<strong>Dur\u00e9e: <\/strong>\u00a08 HEURES<\/p>\n<p>Situ\u00e9 \u00e0 104 km. au nord de la ville de Puno, nous trouverons un centre arch\u00e9ologique avec une antiquit\u00e9 d&rsquo;environ 800 avant JC, qui se compose d&rsquo;une s\u00e9rie de b\u00e2timents de forme pyramidale tronqu\u00e9e, ainsi que des plates-formes superpos\u00e9es, le plus important \u00e9tant la pyramide de Kalasaya. On peut aussi visiter le Mus\u00e9e du Site, o\u00f9 se trouvent la totalit\u00e9 des vestiges de la r\u00e9gion. En outre, ce site est bien connu pour sa fabrication du Torito de Pukara, porteur de chance et d&rsquo;abondance.<\/p>\n<p>Pour terminer cette visite, nous irons \u00e0 Lampa, la ville rose avec son \u00e9glise et ses catacombes, ainsi qu&rsquo;une r\u00e9plique de \u00ab\u00a0La Piedad\u00a0\u00bb de Michel-Ange, et de pr\u00e9cieuses peintures de l&rsquo;\u00e9cole de Cusco.<\/p>\n<p>Incluts Transport priv\u00e9, guide, pique-nique, billets, h\u00f4tel.<br \/>\n[\/vc_column_text][vc_row_inner gap=\u00a0\u00bb5&Prime;][vc_column_inner offset=\u00a0\u00bbvc_hidden-lg vc_hidden-md vc_hidden-sm\u00a0\u00bb][vc_gallery type=\u00a0\u00bbimage_grid\u00a0\u00bb images=\u00a0\u00bb2619,3201,4111,3199,4040,4037,4110,4038,4041,4042&Prime; img_size=\u00a0\u00bbmedium\u00a0\u00bb onclick=\u00a0\u00bbcustom_link\u00a0\u00bb css_animation=\u00a0\u00bbfadeIn\u00a0\u00bb][\/vc_column_inner][\/vc_row_inner][\/vc_column][\/vc_row][vc_row][vc_column offset=\u00a0\u00bbvc_hidden-xs\u00a0\u00bb][vc_media_grid element_width=\u00a0\u00bb2&Prime; grid_id=\u00a0\u00bbvc_gid:1576869608056-f1a83358-458b-5&Prime; include=\u00a0\u00bb2619,3201,3199,4037,4111,4038,4040,4041,4042,4110&Prime;][\/vc_column][\/vc_row][vc_row content_placement=\u00a0\u00bbmiddle\u00a0\u00bb][vc_column][vc_btn title=\u00a0\u00bbCOTIZAR\u00a0\u00bb color=\u00a0\u00bbdanger\u00a0\u00bb align=\u00a0\u00bbcenter\u00a0\u00bb css_animation=\u00a0\u00bbzoomInRight\u00a0\u00bb link=\u00a0\u00bburl:http%3A%2F%2Fbit.ly%2FAcuarelaTourPeru|||\u00a0\u00bb][\/vc_column][\/vc_row]","protected":false},"excerpt":{"rendered":"<p>[vc_row][vc_column][vc_column_text] PUKARA \/ LAMPA \u2022 \u00a0Dur\u00e9e: \u00a08 HEURES Situ\u00e9 \u00e0 104 km. au nord de la ville de Puno, nous trouverons un centre arch\u00e9ologique avec une antiquit\u00e9 d&rsquo;environ 800 avant&#8230;<\/p>\n","protected":false},"author":1,"featured_media":0,"parent":0,"menu_order":0,"comment_status":"closed","ping_status":"closed","template":"","meta":{"_acf_changed":false,"footnotes":""},"class_list":["post-3196","page","type-page","status-publish","hentry"],"acf":[],"_links":{"self":[{"href":"https:\/\/acuarelatourperu.com\/fr\/wp-json\/wp\/v2\/pages\/3196","targetHints":{"allow":["GET"]}}],"collection":[{"href":"https:\/\/acuarelatourperu.com\/fr\/wp-json\/wp\/v2\/pages"}],"about":[{"href":"https:\/\/acuarelatourperu.com\/fr\/wp-json\/wp\/v2\/types\/page"}],"author":[{"embeddable":true,"href":"https:\/\/acuarelatourperu.com\/fr\/wp-json\/wp\/v2\/users\/1"}],"replies":[{"embeddable":true,"href":"https:\/\/acuarelatourperu.com\/fr\/wp-json\/wp\/v2\/comments?post=3196"}],"version-history":[{"count":7,"href":"https:\/\/acuarelatourperu.com\/fr\/wp-json\/wp\/v2\/pages\/3196\/revisions"}],"predecessor-version":[{"id":4663,"href":"https:\/\/acuarelatourperu.com\/fr\/wp-json\/wp\/v2\/pages\/3196\/revisions\/4663"}],"wp:attachment":[{"href":"https:\/\/acuarelatourperu.com\/fr\/wp-json\/wp\/v2\/media?parent=3196"}],"curies":[{"name":"wp","href":"https:\/\/api.w.org\/{rel}","templated":true}]}}