{"id":3206,"date":"2019-07-22T13:38:22","date_gmt":"2019-07-22T13:38:22","guid":{"rendered":"http:\/\/www.acuarelatourperu.com\/?page_id=3206"},"modified":"2019-12-20T19:18:31","modified_gmt":"2019-12-20T19:18:31","slug":"full-day-aramu-muru-copamaya-charcas-uros","status":"publish","type":"page","link":"https:\/\/acuarelatourperu.com\/fr\/full-day-aramu-muru-copamaya-charcas-uros\/","title":{"rendered":"FULL DAY ARAMU MURU \/ COPAMAYA \/ CHARCAS \/ UROS"},"content":{"rendered":"[vc_row][vc_column][vc_column_text]\n<h1 style=\"text-align: center;\"><span style=\"color: #02aea9;\">FULL DAY ARAMU MURU \/ COPAMAYA \/ CHARCAS \/ UROS<\/span><\/h1>\n<p>\u2022 \u00a0<strong>Dur\u00e9e: <\/strong>\u00a01 jour<\/p>\n<p><strong><u> Autels andins: une nouvelle alternative pour conna\u00eetre le monde andin <\/u><\/strong><\/p>\n<p>Il s&rsquo;agit d&rsquo;un nouveau voyage, orient\u00e9 vers un vrai contact avec le monde andin et son peuple Aymara. Visite de quelques lieux de pouvoir.<br \/>\nPrise en charge \u00e0 l&rsquo;h\u00f4tel \u00e0 7 heures du matin pour nous rendre au Temple des Semences, nous continuerons la visite \u00e0 Amaru Muru, lieu magique et int\u00e9ressant avec sa porte tridimensionnelle, puis nous arriverons \u00e0 Copamaya Altars. D\u00e9jeuner typique \u00e0 Iscapataza (\u201captapi\u201d + \u201chuatia\u201d + \u201ct\u00e9\u201d de mu\u00f1a). Sur le chemin du retour, nous traverserons Santa Rosa et les plages de Charcas du lac Titicaca. Aux alentours de 15 heures, nous embarquerons \u00e0 bord d&rsquo;un bateau pour visiter les \u00eeles flottantes des Uros et d\u00e9couvrir le travail des seuls locuteurs d&rsquo;aymara au P\u00e9rou.<\/p>\n<p>Retour et nuit \u00e0 l&rsquo;h\u00f4tel \u00e0 18h00.<\/p>\n<p>Inclus: Transport priv\u00e9, guide officiel, billets, d\u00e9jeuner, visite d&rsquo;Uros, h\u00f4tel \u00e0 Puno.<br \/>\n[\/vc_column_text][vc_row_inner gap=\u00a0\u00bb5&Prime;][vc_column_inner offset=\u00a0\u00bbvc_hidden-lg vc_hidden-md vc_hidden-sm\u00a0\u00bb][vc_gallery type=\u00a0\u00bbimage_grid\u00a0\u00bb images=\u00a0\u00bb2573,3212,3213,3210,3214,3211,3209&Prime; img_size=\u00a0\u00bbmedium\u00a0\u00bb onclick=\u00a0\u00bbcustom_link\u00a0\u00bb css_animation=\u00a0\u00bbfadeIn\u00a0\u00bb][\/vc_column_inner][\/vc_row_inner][\/vc_column][\/vc_row][vc_row][vc_column offset=\u00a0\u00bbvc_hidden-xs\u00a0\u00bb][vc_media_grid element_width=\u00a0\u00bb2&Prime; grid_id=\u00a0\u00bbvc_gid:1576869459383-bce707a3-e22d-8&Prime; include=\u00a0\u00bb2573,3212,3213,3209,3210,3211,3214&Prime;][\/vc_column][\/vc_row][vc_row content_placement=\u00a0\u00bbmiddle\u00a0\u00bb][vc_column][vc_btn title=\u00a0\u00bbCOTIZAR\u00a0\u00bb color=\u00a0\u00bbdanger\u00a0\u00bb align=\u00a0\u00bbcenter\u00a0\u00bb css_animation=\u00a0\u00bbzoomInRight\u00a0\u00bb link=\u00a0\u00bburl:http%3A%2F%2Fbit.ly%2FAcuarelaTourPeru|||\u00a0\u00bb][\/vc_column][\/vc_row]","protected":false},"excerpt":{"rendered":"<p>[vc_row][vc_column][vc_column_text] FULL DAY ARAMU MURU \/ COPAMAYA \/ CHARCAS \/ UROS \u2022 \u00a0Dur\u00e9e: \u00a01 jour Autels andins: une nouvelle alternative pour conna\u00eetre le monde andin Il s&rsquo;agit d&rsquo;un nouveau voyage,&#8230;<\/p>\n","protected":false},"author":1,"featured_media":0,"parent":0,"menu_order":0,"comment_status":"closed","ping_status":"closed","template":"","meta":{"_acf_changed":false,"footnotes":""},"class_list":["post-3206","page","type-page","status-publish","hentry"],"acf":[],"_links":{"self":[{"href":"https:\/\/acuarelatourperu.com\/fr\/wp-json\/wp\/v2\/pages\/3206","targetHints":{"allow":["GET"]}}],"collection":[{"href":"https:\/\/acuarelatourperu.com\/fr\/wp-json\/wp\/v2\/pages"}],"about":[{"href":"https:\/\/acuarelatourperu.com\/fr\/wp-json\/wp\/v2\/types\/page"}],"author":[{"embeddable":true,"href":"https:\/\/acuarelatourperu.com\/fr\/wp-json\/wp\/v2\/users\/1"}],"replies":[{"embeddable":true,"href":"https:\/\/acuarelatourperu.com\/fr\/wp-json\/wp\/v2\/comments?post=3206"}],"version-history":[{"count":6,"href":"https:\/\/acuarelatourperu.com\/fr\/wp-json\/wp\/v2\/pages\/3206\/revisions"}],"predecessor-version":[{"id":4662,"href":"https:\/\/acuarelatourperu.com\/fr\/wp-json\/wp\/v2\/pages\/3206\/revisions\/4662"}],"wp:attachment":[{"href":"https:\/\/acuarelatourperu.com\/fr\/wp-json\/wp\/v2\/media?parent=3206"}],"curies":[{"name":"wp","href":"https:\/\/api.w.org\/{rel}","templated":true}]}}