{"id":3218,"date":"2019-07-22T13:59:14","date_gmt":"2019-07-22T13:59:14","guid":{"rendered":"http:\/\/www.acuarelatourperu.com\/?page_id=3218"},"modified":"2019-12-20T19:14:54","modified_gmt":"2019-12-20T19:14:54","slug":"chucuito-mercado-de-acora-fin-de-semana-iscapataza-charcas-uros","status":"publish","type":"page","link":"https:\/\/acuarelatourperu.com\/fr\/chucuito-mercado-de-acora-fin-de-semana-iscapataza-charcas-uros\/","title":{"rendered":"CHUCUITO \/ MERCADO DE ACORA (fin de semana) \/ ISCAPATAZA \/ CHARCAS \/ UROS"},"content":{"rendered":"[vc_row][vc_column][vc_column_text]\n<h1 style=\"text-align: center;\"><span style=\"color: #02aea9;\"> CHUCUITO \/ MARCH\u00c9 DE L&rsquo;ACORA (week-end) \/ ISCAPATAZA \/ CHARCAS \/ UROS <\/span><\/h1>\n<p>\u2022 \u00a0<strong>Dur\u00e9e: <\/strong>\u00a01 jour<\/p>\n<p>Il s&rsquo;agit d&rsquo;un nouvel itin\u00e9raire, destin\u00e9 \u00e0 l&rsquo;interaction des touristes avec la culture aymara et les paysages de la r\u00e9gion.<\/p>\n<p>Accueil \u00e0 l&rsquo;h\u00f4tel \u00e0 7 heures du matin pour visiter le temple de la fertilit\u00e9; selon d\u2019anciennes croyances, si une femme s&rsquo;y assoit, elle aura des enfants tr\u00e8s bient\u00f4t. En continuant notre chemin nous arriverons au pittoresque march\u00e9 d&rsquo;Acora (seulement le dimanche), o\u00f9 nous verrons les diff\u00e9rents produits typiques de la r\u00e9gion ainsi que les divers costumes color\u00e9s de leurs femmes, le troc est toujours pratiqu\u00e9 dans ce lieu. Plus tard, nous entrerons dans la r\u00e9gion circumlacustre en passant par diff\u00e9rentes communaut\u00e9s, o\u00f9 nous aurons l&rsquo;occasion de nous arr\u00eater et d&rsquo;apprendre le mode de vie des colons Aymara.<\/p>\n<p>D\u00e9jeuner typique dans la communaut\u00e9 d&rsquo;Iscapataza (soupe de quinoa ou \u201cchayro\u201d+ huatia + Mate de mu\u00f1a). Sur le chemin du retour, nous traverserons les plages de Santa Rosa et de Charcas.<\/p>\n<p>Vers 15h00, nous prendrons un bateau pour visiter les \u00eeles flottantes des Uros, o\u00f9 nous apprendrons cette technique int\u00e9ressante des temps pr\u00e9-inca.<br \/>\nRetour \u00e0 l&rsquo;h\u00f4tel vers 18h00.<br \/>\nNuit \u00e0 Puno.<\/p>\n<p>Inclus: Transport priv\u00e9, guide officiel, billets, box lunch, h\u00f4tel \u00e0 Puno. [\/vc_column_text][vc_row_inner gap=\u00a0\u00bb5&Prime;][vc_column_inner offset=\u00a0\u00bbvc_hidden-lg vc_hidden-md vc_hidden-sm\u00a0\u00bb][vc_gallery type=\u00a0\u00bbimage_grid\u00a0\u00bb images=\u00a0\u00bb4103,2622,4105,3225,3223,3946,4104,4106,4107&Prime; img_size=\u00a0\u00bbmedium\u00a0\u00bb onclick=\u00a0\u00bbcustom_link\u00a0\u00bb css_animation=\u00a0\u00bbfadeIn\u00a0\u00bb][\/vc_column_inner][\/vc_row_inner][\/vc_column][\/vc_row][vc_row][vc_column offset=\u00a0\u00bbvc_hidden-xs\u00a0\u00bb][vc_media_grid element_width=\u00a0\u00bb2&Prime; grid_id=\u00a0\u00bbvc_gid:1576869239731-b79ac6b8-d5af-0&Prime; include=\u00a0\u00bb2622,4105,3223,4103,3225,3946,4104,4107,4106&Prime;][\/vc_column][\/vc_row][vc_row content_placement=\u00a0\u00bbmiddle\u00a0\u00bb][vc_column][vc_btn title=\u00a0\u00bbCOTIZAR\u00a0\u00bb color=\u00a0\u00bbdanger\u00a0\u00bb align=\u00a0\u00bbcenter\u00a0\u00bb css_animation=\u00a0\u00bbzoomInRight\u00a0\u00bb link=\u00a0\u00bburl:http%3A%2F%2Fbit.ly%2FAcuarelaTourPeru|||\u00a0\u00bb][\/vc_column][\/vc_row]","protected":false},"excerpt":{"rendered":"<p>[vc_row][vc_column][vc_column_text] CHUCUITO \/ MARCH\u00c9 DE L&rsquo;ACORA (week-end) \/ ISCAPATAZA \/ CHARCAS \/ UROS \u2022 \u00a0Dur\u00e9e: \u00a01 jour Il s&rsquo;agit d&rsquo;un nouvel itin\u00e9raire, destin\u00e9 \u00e0 l&rsquo;interaction des touristes avec la culture&#8230;<\/p>\n","protected":false},"author":1,"featured_media":0,"parent":0,"menu_order":0,"comment_status":"closed","ping_status":"closed","template":"","meta":{"_acf_changed":false,"footnotes":""},"class_list":["post-3218","page","type-page","status-publish","hentry"],"acf":[],"_links":{"self":[{"href":"https:\/\/acuarelatourperu.com\/fr\/wp-json\/wp\/v2\/pages\/3218","targetHints":{"allow":["GET"]}}],"collection":[{"href":"https:\/\/acuarelatourperu.com\/fr\/wp-json\/wp\/v2\/pages"}],"about":[{"href":"https:\/\/acuarelatourperu.com\/fr\/wp-json\/wp\/v2\/types\/page"}],"author":[{"embeddable":true,"href":"https:\/\/acuarelatourperu.com\/fr\/wp-json\/wp\/v2\/users\/1"}],"replies":[{"embeddable":true,"href":"https:\/\/acuarelatourperu.com\/fr\/wp-json\/wp\/v2\/comments?post=3218"}],"version-history":[{"count":9,"href":"https:\/\/acuarelatourperu.com\/fr\/wp-json\/wp\/v2\/pages\/3218\/revisions"}],"predecessor-version":[{"id":4661,"href":"https:\/\/acuarelatourperu.com\/fr\/wp-json\/wp\/v2\/pages\/3218\/revisions\/4661"}],"wp:attachment":[{"href":"https:\/\/acuarelatourperu.com\/fr\/wp-json\/wp\/v2\/media?parent=3218"}],"curies":[{"name":"wp","href":"https:\/\/api.w.org\/{rel}","templated":true}]}}