{"id":3231,"date":"2019-07-22T14:35:32","date_gmt":"2019-07-22T14:35:32","guid":{"rendered":"http:\/\/www.acuarelatourperu.com\/?page_id=3231"},"modified":"2019-12-20T18:59:59","modified_gmt":"2019-12-20T18:59:59","slug":"sillustani","status":"publish","type":"page","link":"https:\/\/acuarelatourperu.com\/fr\/sillustani\/","title":{"rendered":"SILLUSTANI"},"content":{"rendered":"[vc_row][vc_column][vc_column_text]\n<h1 style=\"text-align: center;\"><span style=\"color: #02aea9;\">SILLUSTANI<\/span><\/h1>\n<p>\u2022 \u00a0<strong>Dur\u00e9e: <\/strong>\u00a04 heures<\/p>\n<p>Osez d\u00e9couvrir les tours ou Chullpas de Sillustani, situ\u00e9es dans la p\u00e9ninsule d&rsquo;Umayo, un endroit d\u00e9bordant d&rsquo;\u00e9nergie et de tranquillit\u00e9, habit\u00e9 par son peuple amical. Leurs constructions gardent une histoire int\u00e9ressante et une fa\u00e7on d&rsquo;enterrer les nobles de l&rsquo;\u00e9poque pr\u00e9-Inca, Inca. Ensuite, nous passerons devant les maisons des habitants, en apprenant plus sur leur mode de vie et de travail: retour et nuit \u00e0 Puno.<\/p>\n<p>Comprend: Transport priv\u00e9, guide officiel, billets, h\u00f4tel.<br \/>\n[\/vc_column_text][vc_row_inner gap=\u00a0\u00bb5&Prime;][vc_column_inner offset=\u00a0\u00bbvc_hidden-lg vc_hidden-md vc_hidden-sm\u00a0\u00bb][vc_gallery type=\u00a0\u00bbimage_grid\u00a0\u00bb images=\u00a0\u00bb2571,3234,3236,3233,3235&Prime; img_size=\u00a0\u00bbmedium\u00a0\u00bb onclick=\u00a0\u00bbcustom_link\u00a0\u00bb css_animation=\u00a0\u00bbfadeIn\u00a0\u00bb][\/vc_column_inner][\/vc_row_inner][\/vc_column][\/vc_row][vc_row][vc_column offset=\u00a0\u00bbvc_hidden-xs\u00a0\u00bb][vc_media_grid element_width=\u00a0\u00bb2&Prime; grid_id=\u00a0\u00bbvc_gid:1576868367346-91defc7a-19b5-4&Prime; include=\u00a0\u00bb2579,3234,3236,3233,3235&Prime;][\/vc_column][\/vc_row][vc_row content_placement=\u00a0\u00bbmiddle\u00a0\u00bb][vc_column][vc_btn title=\u00a0\u00bbCOTIZAR\u00a0\u00bb color=\u00a0\u00bbdanger\u00a0\u00bb align=\u00a0\u00bbcenter\u00a0\u00bb css_animation=\u00a0\u00bbzoomInRight\u00a0\u00bb link=\u00a0\u00bburl:http%3A%2F%2Fbit.ly%2FAcuarelaTourPeru|||\u00a0\u00bb][\/vc_column][\/vc_row]","protected":false},"excerpt":{"rendered":"<p>[vc_row][vc_column][vc_column_text] SILLUSTANI \u2022 \u00a0Dur\u00e9e: \u00a04 heures Osez d\u00e9couvrir les tours ou Chullpas de Sillustani, situ\u00e9es dans la p\u00e9ninsule d&rsquo;Umayo, un endroit d\u00e9bordant d&rsquo;\u00e9nergie et de tranquillit\u00e9, habit\u00e9 par son peuple&#8230;<\/p>\n","protected":false},"author":1,"featured_media":0,"parent":0,"menu_order":0,"comment_status":"closed","ping_status":"closed","template":"","meta":{"_acf_changed":false,"footnotes":""},"class_list":["post-3231","page","type-page","status-publish","hentry"],"acf":[],"_links":{"self":[{"href":"https:\/\/acuarelatourperu.com\/fr\/wp-json\/wp\/v2\/pages\/3231","targetHints":{"allow":["GET"]}}],"collection":[{"href":"https:\/\/acuarelatourperu.com\/fr\/wp-json\/wp\/v2\/pages"}],"about":[{"href":"https:\/\/acuarelatourperu.com\/fr\/wp-json\/wp\/v2\/types\/page"}],"author":[{"embeddable":true,"href":"https:\/\/acuarelatourperu.com\/fr\/wp-json\/wp\/v2\/users\/1"}],"replies":[{"embeddable":true,"href":"https:\/\/acuarelatourperu.com\/fr\/wp-json\/wp\/v2\/comments?post=3231"}],"version-history":[{"count":5,"href":"https:\/\/acuarelatourperu.com\/fr\/wp-json\/wp\/v2\/pages\/3231\/revisions"}],"predecessor-version":[{"id":4660,"href":"https:\/\/acuarelatourperu.com\/fr\/wp-json\/wp\/v2\/pages\/3231\/revisions\/4660"}],"wp:attachment":[{"href":"https:\/\/acuarelatourperu.com\/fr\/wp-json\/wp\/v2\/media?parent=3231"}],"curies":[{"name":"wp","href":"https:\/\/api.w.org\/{rel}","templated":true}]}}