{"id":3249,"date":"2019-07-22T15:38:06","date_gmt":"2019-07-22T15:38:06","guid":{"rendered":"http:\/\/www.acuarelatourperu.com\/?page_id=3249"},"modified":"2019-12-20T18:30:07","modified_gmt":"2019-12-20T18:30:07","slug":"cementerio-de-chauchilla-paredones-acueductos-de-cantayoc","status":"publish","type":"page","link":"https:\/\/acuarelatourperu.com\/fr\/cementerio-de-chauchilla-paredones-acueductos-de-cantayoc\/","title":{"rendered":"CEMENTERIO DE CHAUCHILLA\/ PAREDONES\/ ACUEDUCTOS DE CANTAYOC"},"content":{"rendered":"[vc_row][vc_column][vc_column_text]\n<h1 style=\"text-align: center;\"><span style=\"color: #02aea9;\"> CIMETIERE DE CHAUCHILLA \/ MURS DE CAHUACHI \/ ACUEDUCTS CANTAYOC<\/span><\/h1>\n<p>\u2022 \u00a0<strong>Dur\u00e9e: <\/strong>\u00a03 heures<\/p>\n<p>Nous visiterons l&rsquo;int\u00e9ressant cimeti\u00e8re de Chauchilla, o\u00f9 les momies sont en bon \u00e9tat de conservation malgr\u00e9 leur anciennet\u00e9 et o\u00f9 l&rsquo;on peut encore voir des restes de cheveux et m\u00eame de peau; c&rsquo;est le seul site arch\u00e9ologique p\u00e9ruvien o\u00f9 l&rsquo;on peut voir des momies dans leurs tombes originales. Puis nous continuerons jusqu&rsquo;aux murs de Cahuachi, un centre de p\u00e8lerinage toujours tr\u00e8s frequent\u00e9 pendant la p\u00e9riode des c\u00e9r\u00e9monies. Enfin, pour finir la visite en beaut\u00e9, nous irons d\u00e9couvrir les aqueducs de Cantayoc, un ancien syst\u00e8me qui sert encore aujourd&rsquo;hui \u00e0 irriguer leurs champs agricoles. Retour \u00e0 Nazca.<br \/>\nNuit \u00e0 l&rsquo;h\u00f4tel.<\/p>\n<p>Inclus: Transport priv\u00e9, guide officiel, billets, nuit \u00e0 l&rsquo;h\u00f4tel.<br \/>\n[\/vc_column_text][vc_row_inner gap=\u00a0\u00bb5&Prime;][vc_column_inner offset=\u00a0\u00bbvc_hidden-lg vc_hidden-md vc_hidden-sm\u00a0\u00bb][vc_gallery type=\u00a0\u00bbimage_grid\u00a0\u00bb images=\u00a0\u00bb2568,3252,3256,3254,4094,3257,3255,4093&Prime; img_size=\u00a0\u00bbmedium\u00a0\u00bb onclick=\u00a0\u00bbcustom_link\u00a0\u00bb css_animation=\u00a0\u00bbfadeIn\u00a0\u00bb][\/vc_column_inner][\/vc_row_inner][\/vc_column][\/vc_row][vc_row][vc_column offset=\u00a0\u00bbvc_hidden-xs\u00a0\u00bb][vc_media_grid element_width=\u00a0\u00bb2&Prime; grid_id=\u00a0\u00bbvc_gid:1576866558977-1d7aa73c-c694-0&Prime; include=\u00a0\u00bb2568,3252,3256,3254,4094,3255,3257,4093&Prime;][\/vc_column][\/vc_row][vc_row content_placement=\u00a0\u00bbmiddle\u00a0\u00bb][vc_column][vc_btn title=\u00a0\u00bbCOTIZAR\u00a0\u00bb color=\u00a0\u00bbdanger\u00a0\u00bb align=\u00a0\u00bbcenter\u00a0\u00bb css_animation=\u00a0\u00bbzoomInRight\u00a0\u00bb link=\u00a0\u00bburl:http%3A%2F%2Fbit.ly%2FAcuarelaTourPeru|||\u00a0\u00bb][\/vc_column][\/vc_row]","protected":false},"excerpt":{"rendered":"<p>[vc_row][vc_column][vc_column_text] CIMETIERE DE CHAUCHILLA \/ MURS DE CAHUACHI \/ ACUEDUCTS CANTAYOC \u2022 \u00a0Dur\u00e9e: \u00a03 heures Nous visiterons l&rsquo;int\u00e9ressant cimeti\u00e8re de Chauchilla, o\u00f9 les momies sont en bon \u00e9tat de conservation&#8230;<\/p>\n","protected":false},"author":1,"featured_media":0,"parent":0,"menu_order":0,"comment_status":"closed","ping_status":"closed","template":"","meta":{"_acf_changed":false,"footnotes":""},"class_list":["post-3249","page","type-page","status-publish","hentry"],"acf":[],"_links":{"self":[{"href":"https:\/\/acuarelatourperu.com\/fr\/wp-json\/wp\/v2\/pages\/3249","targetHints":{"allow":["GET"]}}],"collection":[{"href":"https:\/\/acuarelatourperu.com\/fr\/wp-json\/wp\/v2\/pages"}],"about":[{"href":"https:\/\/acuarelatourperu.com\/fr\/wp-json\/wp\/v2\/types\/page"}],"author":[{"embeddable":true,"href":"https:\/\/acuarelatourperu.com\/fr\/wp-json\/wp\/v2\/users\/1"}],"replies":[{"embeddable":true,"href":"https:\/\/acuarelatourperu.com\/fr\/wp-json\/wp\/v2\/comments?post=3249"}],"version-history":[{"count":8,"href":"https:\/\/acuarelatourperu.com\/fr\/wp-json\/wp\/v2\/pages\/3249\/revisions"}],"predecessor-version":[{"id":4656,"href":"https:\/\/acuarelatourperu.com\/fr\/wp-json\/wp\/v2\/pages\/3249\/revisions\/4656"}],"wp:attachment":[{"href":"https:\/\/acuarelatourperu.com\/fr\/wp-json\/wp\/v2\/media?parent=3249"}],"curies":[{"name":"wp","href":"https:\/\/api.w.org\/{rel}","templated":true}]}}