{"id":3261,"date":"2019-07-22T15:55:32","date_gmt":"2019-07-22T15:55:32","guid":{"rendered":"http:\/\/www.acuarelatourperu.com\/?page_id=3261"},"modified":"2019-12-20T18:26:45","modified_gmt":"2019-12-20T18:26:45","slug":"paracas-ica-nazca","status":"publish","type":"page","link":"https:\/\/acuarelatourperu.com\/fr\/paracas-ica-nazca\/","title":{"rendered":"PARACAS\/ ICA\/ NAZCA"},"content":{"rendered":"[vc_row][vc_column][vc_column_text]\n<h1 style=\"text-align: center;\"><span style=\"color: #02aea9;\">PARACAS\/ ICA\/ NAZCA<\/span><\/h1>\n<p>\u2022 \u00a0<strong>Dur\u00e9e: <\/strong>\u00a01 jour<\/p>\n<p>La c\u00f4te du P\u00e9rou est baign\u00e9e par les eaux froides du courant de Humboldt qui s&rsquo;\u00e9l\u00e8ve le long de la c\u00f4te et permet le d\u00e9veloppement d&rsquo;une faune marine tr\u00e8s riche et inattendue \u00e0 ces latitudes tropicales. Le matin, nous embarquerons pour une courte travers\u00e9e de l&rsquo;oc\u00e9an vers l&rsquo;\u00eele de Ballestas, o\u00f9 vivent des milliers d&rsquo;otaries, de guanos, de p\u00e9licans et autres oiseaux marins.<\/p>\n<p>Nous continuerons ensuite notre voyage jusqu&rsquo;\u00e0 Nazca, o\u00f9 nous arriverons \u00e0 Huacachina pour profiter d\u2019un tour en \u201cbuggy\u201d et Nazca o\u00f9 nous attend la Tour Maria Reich, o\u00f9 nous pourrons contempler 3 des fameuses lignes de Nazca. Arriv\u00e9e \u00e0 Nazca en fin de journ\u00e9e et nuit \u00e0 votre h\u00f4tel.<\/p>\n<p>Inclus: Bateau partag\u00e9 vers les \u00eeles Ballestas, taxes portuaires, transport priv\u00e9, guide officiel, tubes, billets pour Huacachina, d\u00e9jeuner, billets d\u2019entr\u00e9e \u00e0 la tour Maria Reich, transfert et arriv\u00e9e \u00e0 l&rsquo;h\u00f4tel \u00e0 Nazca.<\/p>\n<p>Note: Si vous le souhaitez, nous pouvons inclure le survol qui se ferait dans l&rsquo;apr\u00e8s-midi.[\/vc_column_text][vc_row_inner][vc_column_inner offset=\u00a0\u00bbvc_hidden-xs\u00a0\u00bb][vc_media_grid element_width=\u00a0\u00bb2&Prime; grid_id=\u00a0\u00bbvc_gid:1576866391418-88a130fc-61dc-0&Prime; include=\u00a0\u00bb3265,4086,3264,3266,4088,3263,4085,3267,4054,4055,4056&Prime;][\/vc_column_inner][\/vc_row_inner][vc_row_inner gap=\u00a0\u00bb5&Prime;][vc_column_inner offset=\u00a0\u00bbvc_hidden-lg vc_hidden-md vc_hidden-sm\u00a0\u00bb][vc_gallery type=\u00a0\u00bbimage_grid\u00a0\u00bb images=\u00a0\u00bb3265,4085,3266,4088,3264,3267,3263,4056,4054,4055,4086&Prime; img_size=\u00a0\u00bbmedium\u00a0\u00bb onclick=\u00a0\u00bbcustom_link\u00a0\u00bb css_animation=\u00a0\u00bbfadeIn\u00a0\u00bb][\/vc_column_inner][\/vc_row_inner][\/vc_column][\/vc_row][vc_row content_placement=\u00a0\u00bbmiddle\u00a0\u00bb][vc_column][vc_btn title=\u00a0\u00bbCOTIZAR\u00a0\u00bb color=\u00a0\u00bbdanger\u00a0\u00bb align=\u00a0\u00bbcenter\u00a0\u00bb css_animation=\u00a0\u00bbzoomInRight\u00a0\u00bb link=\u00a0\u00bburl:http%3A%2F%2Fbit.ly%2FAcuarelaTourPeru|||\u00a0\u00bb][\/vc_column][\/vc_row]","protected":false},"excerpt":{"rendered":"<p>[vc_row][vc_column][vc_column_text] PARACAS\/ ICA\/ NAZCA \u2022 \u00a0Dur\u00e9e: \u00a01 jour La c\u00f4te du P\u00e9rou est baign\u00e9e par les eaux froides du courant de Humboldt qui s&rsquo;\u00e9l\u00e8ve le long de la c\u00f4te et&#8230;<\/p>\n","protected":false},"author":1,"featured_media":0,"parent":0,"menu_order":0,"comment_status":"closed","ping_status":"closed","template":"","meta":{"_acf_changed":false,"footnotes":""},"class_list":["post-3261","page","type-page","status-publish","hentry"],"acf":[],"_links":{"self":[{"href":"https:\/\/acuarelatourperu.com\/fr\/wp-json\/wp\/v2\/pages\/3261","targetHints":{"allow":["GET"]}}],"collection":[{"href":"https:\/\/acuarelatourperu.com\/fr\/wp-json\/wp\/v2\/pages"}],"about":[{"href":"https:\/\/acuarelatourperu.com\/fr\/wp-json\/wp\/v2\/types\/page"}],"author":[{"embeddable":true,"href":"https:\/\/acuarelatourperu.com\/fr\/wp-json\/wp\/v2\/users\/1"}],"replies":[{"embeddable":true,"href":"https:\/\/acuarelatourperu.com\/fr\/wp-json\/wp\/v2\/comments?post=3261"}],"version-history":[{"count":9,"href":"https:\/\/acuarelatourperu.com\/fr\/wp-json\/wp\/v2\/pages\/3261\/revisions"}],"predecessor-version":[{"id":4655,"href":"https:\/\/acuarelatourperu.com\/fr\/wp-json\/wp\/v2\/pages\/3261\/revisions\/4655"}],"wp:attachment":[{"href":"https:\/\/acuarelatourperu.com\/fr\/wp-json\/wp\/v2\/media?parent=3261"}],"curies":[{"name":"wp","href":"https:\/\/api.w.org\/{rel}","templated":true}]}}