{"id":3272,"date":"2019-07-22T16:21:04","date_gmt":"2019-07-22T16:21:04","guid":{"rendered":"http:\/\/www.acuarelatourperu.com\/?page_id=3272"},"modified":"2019-12-20T18:24:05","modified_gmt":"2019-12-20T18:24:05","slug":"islas-ballestas-tubulares","status":"publish","type":"page","link":"https:\/\/acuarelatourperu.com\/fr\/islas-ballestas-tubulares\/","title":{"rendered":"ISLAS BALLESTAS\/ TUBULARES"},"content":{"rendered":"[vc_row][vc_column][vc_column_text]\n<h1 style=\"text-align: center;\"><span style=\"color: #02aea9;\"> \u00ceLES BALLESTAS \/ TUBULAIRES <\/span><\/h1>\n<p>\u2022 \u00a0<strong>Dur\u00e9e: <\/strong>\u00a0DEMI-JOURN\u00c9E<\/p>\n<p>D\u00e9part de Paracas en bateau vers les \u00eeles Ballestas, o\u00f9 nous aurons l&rsquo;occasion d&rsquo;appr\u00e9cier le fameux et mysterieux cand\u00e9labre, puis nous continuerons vers la mer et en passant entre les \u00eeles. Nous pourrons \u00e0 ce moment l\u00e0 distinguer de loin la grande quantit\u00e9 d&rsquo;oiseaux qui forment souvent une tapisserie sur les \u00eeles, les pingouins Humboldt, souvent consider\u00e9s le clou du spectacle, ainsi que les otaries dans leur habitat natural. Retour au port de Paracas.<\/p>\n<p>Apr\u00e8s avoir profit\u00e9 de ce beau moment, nous nous d\u00e9placerons dans les buggies vers le d\u00e9sert o\u00f9 une exp\u00e9rience pleine d&rsquo;\u00e9motion et d\u2019adr\u00e9naline vous attend. Retour \u00e0 Paracas.<\/p>\n<p>Inclus: Bateau partag\u00e9 vers les \u00eeles Ballestas, taxes portuaires, transport priv\u00e9, guide officiel, tubes, billets pour Huacachina, d\u00e9jeuner, billets d\u2019entr\u00e9e \u00e0 la tour, retour \u00e0 l&rsquo;h\u00f4tel \u00e0 Paracas.<br \/>\n[\/vc_column_text][vc_row_inner gap=\u00a0\u00bb5&Prime;][vc_column_inner offset=\u00a0\u00bbvc_hidden-lg vc_hidden-md vc_hidden-sm\u00a0\u00bb][vc_gallery type=\u00a0\u00bbimage_grid\u00a0\u00bb images=\u00a0\u00bb2515,3268,3280,3242,3266,3278,3279,3275,3276,3277&Prime; img_size=\u00a0\u00bbmedium\u00a0\u00bb onclick=\u00a0\u00bbcustom_link\u00a0\u00bb css_animation=\u00a0\u00bbfadeIn\u00a0\u00bb][\/vc_column_inner][\/vc_row_inner][\/vc_column][\/vc_row][vc_row][vc_column][vc_media_grid element_width=\u00a0\u00bb2&Prime; grid_id=\u00a0\u00bbvc_gid:1576866197807-9787896b-0f5c-7&Prime; include=\u00a0\u00bb3275,3244,3268,3280,3276,3266,3277,2515,3278,3279&Prime;][\/vc_column][\/vc_row][vc_row content_placement=\u00a0\u00bbmiddle\u00a0\u00bb][vc_column][vc_btn title=\u00a0\u00bbCOTIZAR\u00a0\u00bb color=\u00a0\u00bbdanger\u00a0\u00bb align=\u00a0\u00bbcenter\u00a0\u00bb css_animation=\u00a0\u00bbzoomInRight\u00a0\u00bb link=\u00a0\u00bburl:http%3A%2F%2Fbit.ly%2FAcuarelaTourPeru|||\u00a0\u00bb][\/vc_column][\/vc_row]","protected":false},"excerpt":{"rendered":"<p>[vc_row][vc_column][vc_column_text] \u00ceLES BALLESTAS \/ TUBULAIRES \u2022 \u00a0Dur\u00e9e: \u00a0DEMI-JOURN\u00c9E D\u00e9part de Paracas en bateau vers les \u00eeles Ballestas, o\u00f9 nous aurons l&rsquo;occasion d&rsquo;appr\u00e9cier le fameux et mysterieux cand\u00e9labre, puis nous continuerons&#8230;<\/p>\n","protected":false},"author":1,"featured_media":0,"parent":0,"menu_order":0,"comment_status":"closed","ping_status":"closed","template":"","meta":{"_acf_changed":false,"footnotes":""},"class_list":["post-3272","page","type-page","status-publish","hentry"],"acf":[],"_links":{"self":[{"href":"https:\/\/acuarelatourperu.com\/fr\/wp-json\/wp\/v2\/pages\/3272","targetHints":{"allow":["GET"]}}],"collection":[{"href":"https:\/\/acuarelatourperu.com\/fr\/wp-json\/wp\/v2\/pages"}],"about":[{"href":"https:\/\/acuarelatourperu.com\/fr\/wp-json\/wp\/v2\/types\/page"}],"author":[{"embeddable":true,"href":"https:\/\/acuarelatourperu.com\/fr\/wp-json\/wp\/v2\/users\/1"}],"replies":[{"embeddable":true,"href":"https:\/\/acuarelatourperu.com\/fr\/wp-json\/wp\/v2\/comments?post=3272"}],"version-history":[{"count":6,"href":"https:\/\/acuarelatourperu.com\/fr\/wp-json\/wp\/v2\/pages\/3272\/revisions"}],"predecessor-version":[{"id":4654,"href":"https:\/\/acuarelatourperu.com\/fr\/wp-json\/wp\/v2\/pages\/3272\/revisions\/4654"}],"wp:attachment":[{"href":"https:\/\/acuarelatourperu.com\/fr\/wp-json\/wp\/v2\/media?parent=3272"}],"curies":[{"name":"wp","href":"https:\/\/api.w.org\/{rel}","templated":true}]}}