{"id":3285,"date":"2019-07-22T16:37:42","date_gmt":"2019-07-22T16:37:42","guid":{"rendered":"http:\/\/www.acuarelatourperu.com\/?page_id=3285"},"modified":"2019-12-20T16:56:53","modified_gmt":"2019-12-20T16:56:53","slug":"laguna-paron","status":"publish","type":"page","link":"https:\/\/acuarelatourperu.com\/fr\/laguna-paron\/","title":{"rendered":"LAGUNA PAR\u00d3N"},"content":{"rendered":"[vc_row][vc_column][vc_column_text]\n<h1 style=\"text-align: center;\"><span style=\"color: #02aea9;\"> LAGUNE PARON <\/span><\/h1>\n<p>\u2022 \u00a0<strong>Dur\u00e9e: <\/strong>1 jour<\/p>\n<p>En partant de Huaraz, nous traverserons le nord de la vall\u00e9e du fleuve Santa, situ\u00e9e entre la Cordill\u00e8re Blanche et la Cordill\u00e8re Noire, o\u00f9 sont install\u00e9es des villes pittoresques telles que Carhuaz, Mancos et Yungay, d\u00e9truite par une avalanche en 1970. Nous pourrons contempler les plus importantes montagnes enneig\u00e9es de la Cordill\u00e8re Blanche comme Huascar\u00e1n (6.768 m.), Huandoy (6.356 m.) et Hualcan (6.162 m.). Nous continuerons ensuite vers la ville de Caraz (2.256 m), d&rsquo;o\u00f9 nous monterons jusqu&rsquo;\u00e0 la Cordill\u00e8re Blanche pour entrer dans le ravin de Par\u00f3n, prot\u00e9g\u00e9 par le parc national de Huascar\u00e1n, o\u00f9 se trouve la belle lagune de Par\u00f3n (4.185 m), la plus grande de la Cordill\u00e8re Blanche. Celle-ci offre une vue spectaculaire sur ses eaux turquoise, qui refl\u00e8tent la face sud-ouest du visage enneig\u00e9 de la Pyramide de Gracilazo (5.885 m).) et sont entour\u00e9es d&rsquo;un impressionnant cirque glaciaire de belles et hautes montagnes, mettant en valeur le Huandoy enneig\u00e9 et la Pyramide de Gracilazo et Artesonraju (6,025m). En cours de route, vous pourrez voir une grande profusion de plantes indig\u00e8nes des hautes Andes. Rafra\u00eechissements. Retour \u00e0 Huaraz.<br \/>\nNuit \u00e0 l&rsquo;h\u00f4tel.<\/p>\n<p>Comprend: Transport priv\u00e9, h\u00f4tel, guide, billets, bo\u00eete \u00e0 lunch, aller-retour et nuit \u00e0 Huaraz.[\/vc_column_text][vc_row_inner gap=\u00a0\u00bb5&Prime;][vc_column_inner offset=\u00a0\u00bbvc_hidden-lg vc_hidden-md vc_hidden-sm\u00a0\u00bb][vc_gallery type=\u00a0\u00bbimage_grid\u00a0\u00bb images=\u00a0\u00bb2562,3291,3290,3287,3288,3289,4387,4388&Prime; img_size=\u00a0\u00bbmedium\u00a0\u00bb onclick=\u00a0\u00bbcustom_link\u00a0\u00bb css_animation=\u00a0\u00bbfadeIn\u00a0\u00bb][\/vc_column_inner][\/vc_row_inner][\/vc_column][\/vc_row][vc_row][vc_column offset=\u00a0\u00bbvc_hidden-xs\u00a0\u00bb][vc_media_grid element_width=\u00a0\u00bb2&Prime; grid_id=\u00a0\u00bbvc_gid:1576860963287-8b911504-e232-8&Prime; include=\u00a0\u00bb2562,4388,3291,3288,3290,3289,3287,4387&Prime;][\/vc_column][\/vc_row][vc_row content_placement=\u00a0\u00bbmiddle\u00a0\u00bb][vc_column][vc_btn title=\u00a0\u00bbCOTIZAR\u00a0\u00bb color=\u00a0\u00bbdanger\u00a0\u00bb align=\u00a0\u00bbcenter\u00a0\u00bb css_animation=\u00a0\u00bbzoomInRight\u00a0\u00bb link=\u00a0\u00bburl:http%3A%2F%2Fbit.ly%2FAcuarelaTourPeru|||\u00a0\u00bb][\/vc_column][\/vc_row]","protected":false},"excerpt":{"rendered":"<p>[vc_row][vc_column][vc_column_text] LAGUNE PARON \u2022 \u00a0Dur\u00e9e: 1 jour En partant de Huaraz, nous traverserons le nord de la vall\u00e9e du fleuve Santa, situ\u00e9e entre la Cordill\u00e8re Blanche et la Cordill\u00e8re Noire,&#8230;<\/p>\n","protected":false},"author":1,"featured_media":0,"parent":0,"menu_order":0,"comment_status":"closed","ping_status":"closed","template":"","meta":{"_acf_changed":false,"footnotes":""},"class_list":["post-3285","page","type-page","status-publish","hentry"],"acf":[],"_links":{"self":[{"href":"https:\/\/acuarelatourperu.com\/fr\/wp-json\/wp\/v2\/pages\/3285","targetHints":{"allow":["GET"]}}],"collection":[{"href":"https:\/\/acuarelatourperu.com\/fr\/wp-json\/wp\/v2\/pages"}],"about":[{"href":"https:\/\/acuarelatourperu.com\/fr\/wp-json\/wp\/v2\/types\/page"}],"author":[{"embeddable":true,"href":"https:\/\/acuarelatourperu.com\/fr\/wp-json\/wp\/v2\/users\/1"}],"replies":[{"embeddable":true,"href":"https:\/\/acuarelatourperu.com\/fr\/wp-json\/wp\/v2\/comments?post=3285"}],"version-history":[{"count":7,"href":"https:\/\/acuarelatourperu.com\/fr\/wp-json\/wp\/v2\/pages\/3285\/revisions"}],"predecessor-version":[{"id":4651,"href":"https:\/\/acuarelatourperu.com\/fr\/wp-json\/wp\/v2\/pages\/3285\/revisions\/4651"}],"wp:attachment":[{"href":"https:\/\/acuarelatourperu.com\/fr\/wp-json\/wp\/v2\/media?parent=3285"}],"curies":[{"name":"wp","href":"https:\/\/api.w.org\/{rel}","templated":true}]}}