{"id":3296,"date":"2019-07-22T17:24:09","date_gmt":"2019-07-22T17:24:09","guid":{"rendered":"http:\/\/www.acuarelatourperu.com\/?page_id=3296"},"modified":"2019-12-20T16:55:07","modified_gmt":"2019-12-20T16:55:07","slug":"trekking-santa-cruz-cordillera-blanca","status":"publish","type":"page","link":"https:\/\/acuarelatourperu.com\/fr\/trekking-santa-cruz-cordillera-blanca\/","title":{"rendered":"TREKKING SANTA CRUZ, CORDILLERA BLANCA"},"content":{"rendered":"[vc_row][vc_column][vc_column_text]\n<h1 style=\"text-align: center;\"><span style=\"color: #02aea9;\">TREK SANTA CRUZ, CORDILLERA BLANCA<\/span><\/h1>\n<p>\u2022 \u00a0<strong>Dur\u00e9e: <\/strong>4 jours<\/p>\n<p>Une des plus belles randonn\u00e9es de la Cordill\u00e8re Blanche, qui avec ses impressionantes montagnes et lagunes compte les meilleures vues sur le Nevado Alpamayo et Quitaraju. Lors de cette aventure \u00e0 pied, nous marcherons entre 4 et 7 heures par jour et camperons dans des endroits o\u00f9 la nature r\u00e8gne parmi le silence des montagnes. Si nous avons de la chance, au moment de la tomb\u00e9e de la nuit nous pourrons aussi voir un ciel tr\u00e8s \u00e9toil\u00e9. Beaux souvenirs garantis! Nous retournerons ensuite \u00e0 Huaraz. En cours de chemin, le v\u00e9hicule s\u2019arr\u00eatera au col du Portachuelo (4780 m\u00e8tres), d&rsquo;o\u00f9 l&rsquo;on peut voir les plus hautes montagnes du P\u00e9rou et la vall\u00e9e de Llangan\u00faco.[\/vc_column_text][vc_row_inner gap=\u00a0\u00bb5&Prime;][vc_column_inner offset=\u00a0\u00bbvc_hidden-lg vc_hidden-md vc_hidden-sm\u00a0\u00bb][vc_gallery type=\u00a0\u00bbimage_grid\u00a0\u00bb images=\u00a0\u00bb3301,4382,3300,3299,3297,3298,2560,4385,4384,4383&Prime; img_size=\u00a0\u00bbmedium\u00a0\u00bb onclick=\u00a0\u00bbcustom_link\u00a0\u00bb css_animation=\u00a0\u00bbfadeIn\u00a0\u00bb][\/vc_column_inner][\/vc_row_inner][\/vc_column][\/vc_row][vc_row][vc_column offset=\u00a0\u00bbvc_hidden-xs\u00a0\u00bb][vc_media_grid element_width=\u00a0\u00bb2&Prime; grid_id=\u00a0\u00bbvc_gid:1576860861514-46412977-cca7-0&Prime; include=\u00a0\u00bb3297,3298,3299,4384,3300,2560,3301,4382,4385,4383&Prime;][\/vc_column][\/vc_row][vc_row content_placement=\u00a0\u00bbmiddle\u00a0\u00bb][vc_column][vc_btn title=\u00a0\u00bbCOTIZAR\u00a0\u00bb color=\u00a0\u00bbdanger\u00a0\u00bb align=\u00a0\u00bbcenter\u00a0\u00bb css_animation=\u00a0\u00bbzoomInRight\u00a0\u00bb link=\u00a0\u00bburl:http%3A%2F%2Fbit.ly%2FAcuarelaTourPeru|||\u00a0\u00bb][\/vc_column][\/vc_row]","protected":false},"excerpt":{"rendered":"<p>[vc_row][vc_column][vc_column_text] TREK SANTA CRUZ, CORDILLERA BLANCA \u2022 \u00a0Dur\u00e9e: 4 jours Une des plus belles randonn\u00e9es de la Cordill\u00e8re Blanche, qui avec ses impressionantes montagnes et lagunes compte les meilleures vues&#8230;<\/p>\n","protected":false},"author":1,"featured_media":0,"parent":0,"menu_order":0,"comment_status":"closed","ping_status":"closed","template":"","meta":{"_acf_changed":false,"footnotes":""},"class_list":["post-3296","page","type-page","status-publish","hentry"],"acf":[],"_links":{"self":[{"href":"https:\/\/acuarelatourperu.com\/fr\/wp-json\/wp\/v2\/pages\/3296","targetHints":{"allow":["GET"]}}],"collection":[{"href":"https:\/\/acuarelatourperu.com\/fr\/wp-json\/wp\/v2\/pages"}],"about":[{"href":"https:\/\/acuarelatourperu.com\/fr\/wp-json\/wp\/v2\/types\/page"}],"author":[{"embeddable":true,"href":"https:\/\/acuarelatourperu.com\/fr\/wp-json\/wp\/v2\/users\/1"}],"replies":[{"embeddable":true,"href":"https:\/\/acuarelatourperu.com\/fr\/wp-json\/wp\/v2\/comments?post=3296"}],"version-history":[{"count":5,"href":"https:\/\/acuarelatourperu.com\/fr\/wp-json\/wp\/v2\/pages\/3296\/revisions"}],"predecessor-version":[{"id":4650,"href":"https:\/\/acuarelatourperu.com\/fr\/wp-json\/wp\/v2\/pages\/3296\/revisions\/4650"}],"wp:attachment":[{"href":"https:\/\/acuarelatourperu.com\/fr\/wp-json\/wp\/v2\/media?parent=3296"}],"curies":[{"name":"wp","href":"https:\/\/api.w.org\/{rel}","templated":true}]}}