{"id":3305,"date":"2019-07-22T17:34:47","date_gmt":"2019-07-22T17:34:47","guid":{"rendered":"http:\/\/www.acuarelatourperu.com\/?page_id=3305"},"modified":"2019-12-20T16:53:05","modified_gmt":"2019-12-20T16:53:05","slug":"laguna-churup-o-laguna-de-7-colores","status":"publish","type":"page","link":"https:\/\/acuarelatourperu.com\/fr\/laguna-churup-o-laguna-de-7-colores\/","title":{"rendered":"LAGUNA CHURUP O LAGUNA DE 7 COLORES"},"content":{"rendered":"[vc_row][vc_column][vc_column_text]\n<h1 style=\"text-align: center;\"><span style=\"color: #02aea9;\"> LAGUNE CHURUP OU LAGUNE 7 COULEURS <\/span><\/h1>\n<p>\u2022 \u00a0<strong>Dur\u00e9e: <\/strong>1 jour<\/p>\n<p>Il est situ\u00e9 \u00e0 quelques kilom\u00e8tres de Huaraz, dans la r\u00e9gion d&rsquo;Ancash, il est inclus dans la route vers Llupa et Pitec, \u00e0 une altitude de 4 450 m\u00e8tres. C&rsquo;est un magnifique lagon de couleur turquoise et de temp\u00e9rature froide qui est aussi l&rsquo;un des plus visit\u00e9s et qui comprend un itin\u00e9raire de marche qui vaut vraiment le d\u00e9tour.<\/p>\n<p>Pour atteindre la lagune de Churup, vous devez d&rsquo;abord vous rendre au village de Pitec, puis continuer \u00e0 pied jusqu&rsquo;\u00e0 l&rsquo;endroit o\u00f9 il est situ\u00e9. Pr\u00e8s de la lagune, vous pourrez appr\u00e9cier la belle montagne enneig\u00e9e qui porte le m\u00eame nom et qui fait partie de l&rsquo;attraction du circuit de Churup, dans lequel l&rsquo;eau se refl\u00e8te.<\/p>\n<p>Comprend: Transport priv\u00e9, h\u00f4tel, guide, billets, bo\u00eete \u00e0 lunch, aller-retour et nuit \u00e0 Huaraz.[\/vc_column_text][vc_row_inner gap=\u00a0\u00bb5&Prime;][vc_column_inner offset=\u00a0\u00bbvc_hidden-lg vc_hidden-md vc_hidden-sm\u00a0\u00bb][vc_gallery type=\u00a0\u00bbimage_grid\u00a0\u00bb images=\u00a0\u00bb2557,3307,3308,3309,3310&Prime; img_size=\u00a0\u00bbmedium\u00a0\u00bb onclick=\u00a0\u00bbcustom_link\u00a0\u00bb css_animation=\u00a0\u00bbfadeIn\u00a0\u00bb][\/vc_column_inner][\/vc_row_inner][\/vc_column][\/vc_row][vc_row][vc_column offset=\u00a0\u00bbvc_hidden-xs\u00a0\u00bb][vc_media_grid element_width=\u00a0\u00bb2&Prime; grid_id=\u00a0\u00bbvc_gid:1576860741333-414e714c-8b57-4&Prime; include=\u00a0\u00bb2557,3310,3307,3308,3309&Prime;][\/vc_column][\/vc_row][vc_row content_placement=\u00a0\u00bbmiddle\u00a0\u00bb][vc_column][vc_btn title=\u00a0\u00bbCOTIZAR\u00a0\u00bb color=\u00a0\u00bbdanger\u00a0\u00bb align=\u00a0\u00bbcenter\u00a0\u00bb css_animation=\u00a0\u00bbzoomInRight\u00a0\u00bb link=\u00a0\u00bburl:http%3A%2F%2Fbit.ly%2FAcuarelaTourPeru|||\u00a0\u00bb][\/vc_column][\/vc_row]","protected":false},"excerpt":{"rendered":"<p>[vc_row][vc_column][vc_column_text] LAGUNE CHURUP OU LAGUNE 7 COULEURS \u2022 \u00a0Dur\u00e9e: 1 jour Il est situ\u00e9 \u00e0 quelques kilom\u00e8tres de Huaraz, dans la r\u00e9gion d&rsquo;Ancash, il est inclus dans la route vers&#8230;<\/p>\n","protected":false},"author":1,"featured_media":0,"parent":0,"menu_order":0,"comment_status":"closed","ping_status":"closed","template":"","meta":{"_acf_changed":false,"footnotes":""},"class_list":["post-3305","page","type-page","status-publish","hentry"],"acf":[],"_links":{"self":[{"href":"https:\/\/acuarelatourperu.com\/fr\/wp-json\/wp\/v2\/pages\/3305","targetHints":{"allow":["GET"]}}],"collection":[{"href":"https:\/\/acuarelatourperu.com\/fr\/wp-json\/wp\/v2\/pages"}],"about":[{"href":"https:\/\/acuarelatourperu.com\/fr\/wp-json\/wp\/v2\/types\/page"}],"author":[{"embeddable":true,"href":"https:\/\/acuarelatourperu.com\/fr\/wp-json\/wp\/v2\/users\/1"}],"replies":[{"embeddable":true,"href":"https:\/\/acuarelatourperu.com\/fr\/wp-json\/wp\/v2\/comments?post=3305"}],"version-history":[{"count":6,"href":"https:\/\/acuarelatourperu.com\/fr\/wp-json\/wp\/v2\/pages\/3305\/revisions"}],"predecessor-version":[{"id":4649,"href":"https:\/\/acuarelatourperu.com\/fr\/wp-json\/wp\/v2\/pages\/3305\/revisions\/4649"}],"wp:attachment":[{"href":"https:\/\/acuarelatourperu.com\/fr\/wp-json\/wp\/v2\/media?parent=3305"}],"curies":[{"name":"wp","href":"https:\/\/api.w.org\/{rel}","templated":true}]}}