{"id":3315,"date":"2019-07-22T17:48:01","date_gmt":"2019-07-22T17:48:01","guid":{"rendered":"http:\/\/www.acuarelatourperu.com\/?page_id=3315"},"modified":"2019-12-20T16:51:15","modified_gmt":"2019-12-20T16:51:15","slug":"laguna-69","status":"publish","type":"page","link":"https:\/\/acuarelatourperu.com\/fr\/laguna-69\/","title":{"rendered":"LAGUNA 69"},"content":{"rendered":"[vc_row][vc_column][vc_column_text]\n<h1 style=\"text-align: center;\"><span style=\"color: #02aea9;\"> LAGUNE 69 <\/span><\/h1>\n<p>\u2022 \u00a0<strong>Dur\u00e9e: <\/strong>1 jour<\/p>\n<p>Nous nous dirigerons vers le ravin de Llangan\u00faco et passerons pr\u00e8s des 2 lagunes (Chinancocha et Orconcocha). Apr\u00e8s un bref arr\u00eat, nous nous dirigerons vers Cebollapamapa, le point de d\u00e9part de la randonn\u00e9e vers Laguna 69. Nous y arriverons en 3 heures, et la lagune 69 se trouve juste en dessous de l&rsquo;impressionnante montagne de Chacraraju (6112 m.). Puis nous suivrons la m\u00eame route pendant 2 heures jusqu&rsquo;\u00e0 Cebollapampa, o\u00f9 notre transport nous attendra pour retourner \u00e0 Huaraz. Nuit \u00e0 l&rsquo;h\u00f4tel.<\/p>\n<p>Comprend: Transport priv\u00e9, h\u00f4tel, guide, billets, pique-nique, aller-retour et nuit \u00e0 Huaraz.<br \/>\n[\/vc_column_text][vc_row_inner gap=\u00a0\u00bb5&Prime;][vc_column_inner offset=\u00a0\u00bbvc_hidden-lg vc_hidden-md vc_hidden-sm\u00a0\u00bb][vc_gallery type=\u00a0\u00bbimage_grid\u00a0\u00bb images=\u00a0\u00bb2556,3320,3319,3318,3317,4271&Prime; img_size=\u00a0\u00bbmedium\u00a0\u00bb onclick=\u00a0\u00bbcustom_link\u00a0\u00bb css_animation=\u00a0\u00bbfadeIn\u00a0\u00bb][\/vc_column_inner][\/vc_row_inner][\/vc_column][\/vc_row][vc_row][vc_column offset=\u00a0\u00bbvc_hidden-xs\u00a0\u00bb][vc_media_grid element_width=\u00a0\u00bb2&Prime; grid_id=\u00a0\u00bbvc_gid:1576860640408-2a27acdb-980c-0&Prime; include=\u00a0\u00bb2556,3317,3318,3319,3320,4271&Prime;][\/vc_column][\/vc_row][vc_row content_placement=\u00a0\u00bbmiddle\u00a0\u00bb][vc_column][vc_btn title=\u00a0\u00bbCOTIZAR\u00a0\u00bb color=\u00a0\u00bbdanger\u00a0\u00bb align=\u00a0\u00bbcenter\u00a0\u00bb css_animation=\u00a0\u00bbzoomInRight\u00a0\u00bb link=\u00a0\u00bburl:http%3A%2F%2Fbit.ly%2FAcuarelaTourPeru|||\u00a0\u00bb][\/vc_column][\/vc_row]","protected":false},"excerpt":{"rendered":"<p>[vc_row][vc_column][vc_column_text] LAGUNE 69 \u2022 \u00a0Dur\u00e9e: 1 jour Nous nous dirigerons vers le ravin de Llangan\u00faco et passerons pr\u00e8s des 2 lagunes (Chinancocha et Orconcocha). Apr\u00e8s un bref arr\u00eat, nous nous&#8230;<\/p>\n","protected":false},"author":1,"featured_media":0,"parent":0,"menu_order":0,"comment_status":"closed","ping_status":"closed","template":"","meta":{"_acf_changed":false,"footnotes":""},"class_list":["post-3315","page","type-page","status-publish","hentry"],"acf":[],"_links":{"self":[{"href":"https:\/\/acuarelatourperu.com\/fr\/wp-json\/wp\/v2\/pages\/3315","targetHints":{"allow":["GET"]}}],"collection":[{"href":"https:\/\/acuarelatourperu.com\/fr\/wp-json\/wp\/v2\/pages"}],"about":[{"href":"https:\/\/acuarelatourperu.com\/fr\/wp-json\/wp\/v2\/types\/page"}],"author":[{"embeddable":true,"href":"https:\/\/acuarelatourperu.com\/fr\/wp-json\/wp\/v2\/users\/1"}],"replies":[{"embeddable":true,"href":"https:\/\/acuarelatourperu.com\/fr\/wp-json\/wp\/v2\/comments?post=3315"}],"version-history":[{"count":6,"href":"https:\/\/acuarelatourperu.com\/fr\/wp-json\/wp\/v2\/pages\/3315\/revisions"}],"predecessor-version":[{"id":4648,"href":"https:\/\/acuarelatourperu.com\/fr\/wp-json\/wp\/v2\/pages\/3315\/revisions\/4648"}],"wp:attachment":[{"href":"https:\/\/acuarelatourperu.com\/fr\/wp-json\/wp\/v2\/media?parent=3315"}],"curies":[{"name":"wp","href":"https:\/\/api.w.org\/{rel}","templated":true}]}}