{"id":3325,"date":"2019-07-22T18:04:35","date_gmt":"2019-07-22T18:04:35","guid":{"rendered":"http:\/\/www.acuarelatourperu.com\/?page_id=3325"},"modified":"2019-12-20T16:40:20","modified_gmt":"2019-12-20T16:40:20","slug":"cordillera-blanca-santa-cruz-trekk-con-llamas","status":"publish","type":"page","link":"https:\/\/acuarelatourperu.com\/fr\/cordillera-blanca-santa-cruz-trekk-con-llamas\/","title":{"rendered":"CORDILLERA BLANCA SANTA CRUZ TREKK CON LLAMAS"},"content":{"rendered":"[vc_row][vc_column][vc_column_text]\n<h1 style=\"text-align: center;\"><span style=\"color: #02aea9;\"> Cordill\u00e8re Blanche Santa Cruz &#8211; TREK AVEC LLAMAS <\/span><\/h1>\n<p>\u2022 \u00a0<strong>Dur\u00e9e: <\/strong> 4 \u00e0 6 JOURS<\/p>\n<p>Un trek \u00e0 travers la r\u00e9serve de Huascar\u00e1n en admirant d&rsquo;autres sommets enneig\u00e9s comme Huantz\u00e1n Grande (6395m) et Cashan (5723m), nous menant au site monumental de Chav\u00edn de Huantar, avec ses spectaculaires bas-reliefs et structures souterraines sophistiqu\u00e9es. Nous nous accompagnons mutuellement avec une Recua de Llamas pendant notre tour.<\/p>\n<p>Inclus: Transport priv\u00e9, h\u00f4tel, guide, prix d&rsquo;entr\u00e9e, Llama Collection, pension compl\u00e8te, h\u00f4tel, retour et nuit \u00e0 Huaraz.[\/vc_column_text][vc_row_inner gap=\u00a0\u00bb5&Prime;][vc_column_inner offset=\u00a0\u00bbvc_hidden-lg vc_hidden-md vc_hidden-sm\u00a0\u00bb][vc_gallery type=\u00a0\u00bbimage_grid\u00a0\u00bb images=\u00a0\u00bb2554,3332,3327,3331,3329,3328,3330,4264,4265,4268,4267,4269&Prime; img_size=\u00a0\u00bbmedium\u00a0\u00bb onclick=\u00a0\u00bbcustom_link\u00a0\u00bb css_animation=\u00a0\u00bbfadeIn\u00a0\u00bb][\/vc_column_inner][\/vc_row_inner][\/vc_column][\/vc_row][vc_row][vc_column offset=\u00a0\u00bbvc_hidden-xs\u00a0\u00bb][vc_media_grid element_width=\u00a0\u00bb2&Prime; grid_id=\u00a0\u00bbvc_gid:1576859983271-a0dd638a-a07d-10&Prime; include=\u00a0\u00bb3329,2554,3327,3328,3332,3330,3331,4264,4265,4267,4268,4269&Prime;][\/vc_column][\/vc_row][vc_row content_placement=\u00a0\u00bbmiddle\u00a0\u00bb][vc_column][vc_btn title=\u00a0\u00bbCOTIZAR\u00a0\u00bb color=\u00a0\u00bbdanger\u00a0\u00bb align=\u00a0\u00bbcenter\u00a0\u00bb css_animation=\u00a0\u00bbzoomInRight\u00a0\u00bb link=\u00a0\u00bburl:http%3A%2F%2Fbit.ly%2FAcuarelaTourPeru|||\u00a0\u00bb][\/vc_column][\/vc_row]","protected":false},"excerpt":{"rendered":"<p>[vc_row][vc_column][vc_column_text] Cordill\u00e8re Blanche Santa Cruz &#8211; TREK AVEC LLAMAS \u2022 \u00a0Dur\u00e9e: 4 \u00e0 6 JOURS Un trek \u00e0 travers la r\u00e9serve de Huascar\u00e1n en admirant d&rsquo;autres sommets enneig\u00e9s comme Huantz\u00e1n&#8230;<\/p>\n","protected":false},"author":1,"featured_media":0,"parent":0,"menu_order":0,"comment_status":"closed","ping_status":"closed","template":"","meta":{"_acf_changed":false,"footnotes":""},"class_list":["post-3325","page","type-page","status-publish","hentry"],"acf":[],"_links":{"self":[{"href":"https:\/\/acuarelatourperu.com\/fr\/wp-json\/wp\/v2\/pages\/3325","targetHints":{"allow":["GET"]}}],"collection":[{"href":"https:\/\/acuarelatourperu.com\/fr\/wp-json\/wp\/v2\/pages"}],"about":[{"href":"https:\/\/acuarelatourperu.com\/fr\/wp-json\/wp\/v2\/types\/page"}],"author":[{"embeddable":true,"href":"https:\/\/acuarelatourperu.com\/fr\/wp-json\/wp\/v2\/users\/1"}],"replies":[{"embeddable":true,"href":"https:\/\/acuarelatourperu.com\/fr\/wp-json\/wp\/v2\/comments?post=3325"}],"version-history":[{"count":7,"href":"https:\/\/acuarelatourperu.com\/fr\/wp-json\/wp\/v2\/pages\/3325\/revisions"}],"predecessor-version":[{"id":4647,"href":"https:\/\/acuarelatourperu.com\/fr\/wp-json\/wp\/v2\/pages\/3325\/revisions\/4647"}],"wp:attachment":[{"href":"https:\/\/acuarelatourperu.com\/fr\/wp-json\/wp\/v2\/media?parent=3325"}],"curies":[{"name":"wp","href":"https:\/\/api.w.org\/{rel}","templated":true}]}}