{"id":3347,"date":"2019-07-22T18:39:58","date_gmt":"2019-07-22T18:39:58","guid":{"rendered":"http:\/\/www.acuarelatourperu.com\/?page_id=3347"},"modified":"2019-12-20T16:34:45","modified_gmt":"2019-12-20T16:34:45","slug":"callejon-de-huaylas-carhuaz-yungay-laguna-llanganuco","status":"publish","type":"page","link":"https:\/\/acuarelatourperu.com\/fr\/callejon-de-huaylas-carhuaz-yungay-laguna-llanganuco\/","title":{"rendered":"CALLEJ\u00d3N DE HUAYLAS\/ CARHUAZ\/ YUNGAY\/ LAGUNA LLANGAN\u00daCO"},"content":{"rendered":"[vc_row][vc_column][vc_column_text]\n<h1 style=\"text-align: center;\"><span style=\"color: #02aea9;\">IMPASSE DE HUAYLAS\/ CARHUAZ\/ YUNGAY\/ LAGON DE LLANGAN\u00daCO<\/span><\/h1>\n<p>\u2022 \u00a0<strong>Dur\u00e9e: <\/strong>1 jour<\/p>\n<p>En partant de Huaraz, nous traverserons le \u00ab\u00a0Callej\u00f3n de Huaylas\u00a0\u00bb, situ\u00e9 entre les cha\u00eenes de montagnes Blanca et Negra. Vous aurez l\u2019occasion d\u2019admirer ses plus importantes montagnes enneig\u00e9es, comme le Huascar\u00e1n (6.768 m.) &#8211; la plus haute montagne du P\u00e9rou &#8211; Hualcan (6.162 m.), Copa (6.188 masl), Chopicallqui (6.350 m.) et Huandoy (6.356 m.). Nous visiterons la ville de Carhuaz et son march\u00e9 typique, avant de visiter la ville de Yungay, ensevelie sous une avalanche en 1970. Nous commencerons l&rsquo;ascension vers la Cordill\u00e8re Blanche avec comme destination le ravin de Llangan\u00faco en visitant Orcococha et Chinacocha, avec ses eaux turquoise et sa une flore andine vari\u00e9e, sans oublier bien s\u00fbr les magnifiques montagnes enneig\u00e9es qui les entourent. Nous marcherons le long du sentier Chinacocha qui longe la lagune, puis nous continuerons le long du sentier Maria Josefa, qui traverse la for\u00eat luxuriante de que\u00f1uales sur les rives du fleuve Llangan\u00faco, o\u00f9 notre guide nous guidera dans le haut environnement andin. Nous retournerons \u00e0 Yungay pour le d\u00e9jeuner.<\/p>\n<p>Retour \u00e0 Huaraz.<br \/>\nNuit \u00e0 l&rsquo;h\u00f4tel.<\/p>\n<p>Inclus: Transport priv\u00e9, h\u00f4tel, guide, prix d&rsquo;entr\u00e9e, aller-retour et nuit \u00e0 Huaraz.<br \/>\n[\/vc_column_text][vc_row_inner gap=\u00a0\u00bb5&Prime;][vc_column_inner offset=\u00a0\u00bbvc_hidden-lg vc_hidden-md vc_hidden-sm\u00a0\u00bb][vc_gallery type=\u00a0\u00bbimage_grid\u00a0\u00bb images=\u00a0\u00bb2552,3352,3355,3350,3351,3353,3354&Prime; img_size=\u00a0\u00bbmedium\u00a0\u00bb onclick=\u00a0\u00bbcustom_link\u00a0\u00bb css_animation=\u00a0\u00bbfadeIn\u00a0\u00bb][\/vc_column_inner][\/vc_row_inner][\/vc_column][\/vc_row][vc_row][vc_column offset=\u00a0\u00bbvc_hidden-xs\u00a0\u00bb][vc_media_grid element_width=\u00a0\u00bb2&Prime; grid_id=\u00a0\u00bbvc_gid:1576859615942-ed974eef-243e-5&Prime; include=\u00a0\u00bb2552,3350,3352,3355,3351,3353,3354&Prime;][\/vc_column][\/vc_row][vc_row content_placement=\u00a0\u00bbmiddle\u00a0\u00bb][vc_column][vc_btn title=\u00a0\u00bbCOTIZAR\u00a0\u00bb color=\u00a0\u00bbdanger\u00a0\u00bb align=\u00a0\u00bbcenter\u00a0\u00bb css_animation=\u00a0\u00bbzoomInRight\u00a0\u00bb link=\u00a0\u00bburl:http%3A%2F%2Fbit.ly%2FAcuarelaTourPeru|||\u00a0\u00bb][\/vc_column][\/vc_row]","protected":false},"excerpt":{"rendered":"<p>[vc_row][vc_column][vc_column_text] IMPASSE DE HUAYLAS\/ CARHUAZ\/ YUNGAY\/ LAGON DE LLANGAN\u00daCO \u2022 \u00a0Dur\u00e9e: 1 jour En partant de Huaraz, nous traverserons le \u00ab\u00a0Callej\u00f3n de Huaylas\u00a0\u00bb, situ\u00e9 entre les cha\u00eenes de montagnes Blanca&#8230;<\/p>\n","protected":false},"author":1,"featured_media":0,"parent":0,"menu_order":0,"comment_status":"closed","ping_status":"closed","template":"","meta":{"_acf_changed":false,"footnotes":""},"class_list":["post-3347","page","type-page","status-publish","hentry"],"acf":[],"_links":{"self":[{"href":"https:\/\/acuarelatourperu.com\/fr\/wp-json\/wp\/v2\/pages\/3347","targetHints":{"allow":["GET"]}}],"collection":[{"href":"https:\/\/acuarelatourperu.com\/fr\/wp-json\/wp\/v2\/pages"}],"about":[{"href":"https:\/\/acuarelatourperu.com\/fr\/wp-json\/wp\/v2\/types\/page"}],"author":[{"embeddable":true,"href":"https:\/\/acuarelatourperu.com\/fr\/wp-json\/wp\/v2\/users\/1"}],"replies":[{"embeddable":true,"href":"https:\/\/acuarelatourperu.com\/fr\/wp-json\/wp\/v2\/comments?post=3347"}],"version-history":[{"count":7,"href":"https:\/\/acuarelatourperu.com\/fr\/wp-json\/wp\/v2\/pages\/3347\/revisions"}],"predecessor-version":[{"id":4645,"href":"https:\/\/acuarelatourperu.com\/fr\/wp-json\/wp\/v2\/pages\/3347\/revisions\/4645"}],"wp:attachment":[{"href":"https:\/\/acuarelatourperu.com\/fr\/wp-json\/wp\/v2\/media?parent=3347"}],"curies":[{"name":"wp","href":"https:\/\/api.w.org\/{rel}","templated":true}]}}