{"id":3360,"date":"2019-07-22T19:09:11","date_gmt":"2019-07-22T19:09:11","guid":{"rendered":"http:\/\/www.acuarelatourperu.com\/?page_id=3360"},"modified":"2019-12-20T16:25:46","modified_gmt":"2019-12-20T16:25:46","slug":"chavin-de-huantar","status":"publish","type":"page","link":"https:\/\/acuarelatourperu.com\/fr\/chavin-de-huantar\/","title":{"rendered":"CHAV\u00cdN DE HUANTAR"},"content":{"rendered":"[vc_row][vc_column][vc_column_text]\n<h1 style=\"text-align: center;\"><span style=\"color: #02aea9;\">CHAV\u00cdN DE HUANTAR<\/span><\/h1>\n<p>\u2022 \u00a0<strong>Dur\u00e9e: <\/strong>1 jour<\/p>\n<p>Nous traverserons la partie sud de la vall\u00e9e du fleuve Santa, en passant par les villes typiques de Recuay, Ticapampa et Catac, d&rsquo;o\u00f9 nous monterons vers la Cordillera Blanca. Nous visiterons ensuite la lagune de Querococha (3.980 m.) et monterons jusqu&rsquo;au col de Cahuish (4.550 m.) d&rsquo;o\u00f9 nous descendrons jusqu&rsquo;\u00e0 l&rsquo;all\u00e9e de Conchucos, pour arriver finalement \u00e0 la ville de Chav\u00edn de Huantar (3.180 m\u00e8tres) o\u00f9 nous visiterons le centre c\u00e9r\u00e9monial avec ses temples, places et galeries int\u00e9rieures de conception complexe pour des buts c\u00e9r\u00e9moniaux, utilis\u00e9es aussi pour la conduction d&rsquo;eau. Dans le Vieux Temple, nous visiterons la galerie du \u00ab\u00a0Lanz\u00f3n\u00a0\u00bb, une idole de pierre de 4,50 m. de haut, avec des repr\u00e9sentations humaines et des attributs de jaguar, serpent et aigle. Nous verrons aussi leurs fameuses\u00a0t\u00eates ench\u00e2ss\u00e9es. Apr\u00e8s le d\u00e9jeuner, nous visiterons le mus\u00e9e de Chav\u00edn o\u00f9 l&rsquo;on peut admirer de magnifiques \u00e9chantillons de c\u00e9ramique et de sculpture litho de Chav\u00edn, en mettant l&rsquo;accent sur l\u2019\u00a0\u00bbObelisco Tello\u00a0\u00bb, les t\u00eates ench\u00e2ss\u00e9es, les st\u00e8les, ainsi que les \u201cpututos\u201d, instruments \u00e0 vent fabriqu\u00e9s avec des coquillages marins. Retour \u00e0 Huaraz et nuit \u00e0 l&rsquo;h\u00f4tel.<\/p>\n<p>Inclus : Transport priv\u00e9, h\u00f4tel, guide, prix d&rsquo;entr\u00e9e, aller-retour et nuit \u00e0 Huaraz.<br \/>\n[\/vc_column_text][vc_row_inner gap=\u00a0\u00bb5&Prime;][vc_column_inner offset=\u00a0\u00bbvc_hidden-lg vc_hidden-md vc_hidden-sm\u00a0\u00bb][vc_gallery type=\u00a0\u00bbimage_grid\u00a0\u00bb images=\u00a0\u00bb2551,3365,3367,3363,3370,3368,3369,3371,3372,3364,3366&Prime; img_size=\u00a0\u00bbmedium\u00a0\u00bb onclick=\u00a0\u00bbcustom_link\u00a0\u00bb css_animation=\u00a0\u00bbfadeIn\u00a0\u00bb][\/vc_column_inner][\/vc_row_inner][\/vc_column][\/vc_row][vc_row][vc_column][vc_media_grid element_width=\u00a0\u00bb2&Prime; grid_id=\u00a0\u00bbvc_gid:1576859110327-3ea54ee7-496e-1&Prime; include=\u00a0\u00bb2551,3363,3365,3370,3368,3366,3372,3367,3369,3371,3364&Prime;][\/vc_column][\/vc_row][vc_row content_placement=\u00a0\u00bbmiddle\u00a0\u00bb][vc_column][vc_btn title=\u00a0\u00bbCOTIZAR\u00a0\u00bb color=\u00a0\u00bbdanger\u00a0\u00bb align=\u00a0\u00bbcenter\u00a0\u00bb css_animation=\u00a0\u00bbzoomInRight\u00a0\u00bb link=\u00a0\u00bburl:http%3A%2F%2Fbit.ly%2FAcuarelaTourPeru|||\u00a0\u00bb][\/vc_column][\/vc_row]","protected":false},"excerpt":{"rendered":"<p>[vc_row][vc_column][vc_column_text] CHAV\u00cdN DE HUANTAR \u2022 \u00a0Dur\u00e9e: 1 jour Nous traverserons la partie sud de la vall\u00e9e du fleuve Santa, en passant par les villes typiques de Recuay, Ticapampa et Catac,&#8230;<\/p>\n","protected":false},"author":1,"featured_media":0,"parent":0,"menu_order":0,"comment_status":"closed","ping_status":"closed","template":"","meta":{"_acf_changed":false,"footnotes":""},"class_list":["post-3360","page","type-page","status-publish","hentry"],"acf":[],"_links":{"self":[{"href":"https:\/\/acuarelatourperu.com\/fr\/wp-json\/wp\/v2\/pages\/3360","targetHints":{"allow":["GET"]}}],"collection":[{"href":"https:\/\/acuarelatourperu.com\/fr\/wp-json\/wp\/v2\/pages"}],"about":[{"href":"https:\/\/acuarelatourperu.com\/fr\/wp-json\/wp\/v2\/types\/page"}],"author":[{"embeddable":true,"href":"https:\/\/acuarelatourperu.com\/fr\/wp-json\/wp\/v2\/users\/1"}],"replies":[{"embeddable":true,"href":"https:\/\/acuarelatourperu.com\/fr\/wp-json\/wp\/v2\/comments?post=3360"}],"version-history":[{"count":5,"href":"https:\/\/acuarelatourperu.com\/fr\/wp-json\/wp\/v2\/pages\/3360\/revisions"}],"predecessor-version":[{"id":4644,"href":"https:\/\/acuarelatourperu.com\/fr\/wp-json\/wp\/v2\/pages\/3360\/revisions\/4644"}],"wp:attachment":[{"href":"https:\/\/acuarelatourperu.com\/fr\/wp-json\/wp\/v2\/media?parent=3360"}],"curies":[{"name":"wp","href":"https:\/\/api.w.org\/{rel}","templated":true}]}}