{"id":3376,"date":"2019-07-22T19:52:28","date_gmt":"2019-07-22T19:52:28","guid":{"rendered":"http:\/\/www.acuarelatourperu.com\/?page_id=3376"},"modified":"2019-12-20T16:17:43","modified_gmt":"2019-12-20T16:17:43","slug":"caminata-lares","status":"publish","type":"page","link":"https:\/\/acuarelatourperu.com\/fr\/caminata-lares\/","title":{"rendered":"CAMINATA LARES"},"content":{"rendered":"[vc_row][vc_column][vc_column_text]\n<h1 style=\"text-align: center;\"><span style=\"color: #02aea9;\"> TREK DE LARES<\/span><\/h1>\n<p>\u2022 \u00a0<strong>Dur\u00e9e: <\/strong>4 jours<\/p>\n<p>Le trek de Lares au Machu Picchu en quatre jours est un excellent moyen de d\u00e9couvrir le paysage andin, avec ses vall\u00e9es, ses rivi\u00e8res, ses lagons aux eaux claires, ses cascades, ses for\u00eats de Que\u00f1ua. Contrairement \u00e0 d&rsquo;autres, c&rsquo;est un voyage long et difficile \u00e0 travers la vall\u00e9e de Lares, \u00e0 la d\u00e9couverte de sites isol\u00e9s, une destination encore inconnue et peu frequent\u00e9e, un voyage au c\u0153ur des Andes o\u00f9 peu de touristes et de voyageurs se sont aventur\u00e9s. Cette route merveilleuse vous emmenera voir de magnifiques paysages naturels orn\u00e9s de glaciers \u00e0 couper le souffle. Un monde totalement diff\u00e9rent du n\u00f4tre, un paradis andin o\u00f9 les habitants des petits villages ont encore des modes de vie anciens et traditionnels.<\/p>\n<p>Enfin, les paysages uniques de la Vall\u00e9e Sacr\u00e9e des Incas, avec ses sentiers naturels et ses anciens sentiers inca, offrent un endroit id\u00e9al et incomparable pour se promener \u00e0 pied, \u00e0 cheval ou \u00e0 v\u00e9lo. Les excursions que nous proposons peuvent se faire en une journ\u00e9e ou plus, selon votre pr\u00e9f\u00e9rence. La grande beaut\u00e9 naturelle de son paysage, la richesse de sa flore et de sa faune est aussi une excellente occasion d&rsquo;observer les oiseaux, ainsi que les vestiges arch\u00e9ologiques, les villages coloniaux et les communaut\u00e9s rurales, un vrai mus\u00e9e de la vie. La saison id\u00e9ale pour ces voyages serait entre avril et novembre.<br \/>\n[\/vc_column_text][vc_row_inner gap=\u00a0\u00bb5&Prime;][vc_column_inner offset=\u00a0\u00bbvc_hidden-lg vc_hidden-md vc_hidden-sm\u00a0\u00bb][vc_gallery type=\u00a0\u00bbimage_grid\u00a0\u00bb images=\u00a0\u00bb3384,4254,3382,4255,3380,3383,3386,3381,4253,3379,3385,4256&Prime; img_size=\u00a0\u00bbmedium\u00a0\u00bb onclick=\u00a0\u00bbcustom_link\u00a0\u00bb css_animation=\u00a0\u00bbfadeIn\u00a0\u00bb][\/vc_column_inner][\/vc_row_inner][\/vc_column][\/vc_row][vc_row][vc_column offset=\u00a0\u00bbvc_hidden-xs\u00a0\u00bb][vc_media_grid element_width=\u00a0\u00bb2&Prime; grid_id=\u00a0\u00bbvc_gid:1576858610150-fb793b1e-7572-8&Prime; include=\u00a0\u00bb3379,4256,3382,4254,3384,3380,3386,3381,4253,3383,3385,4255&Prime;][\/vc_column][\/vc_row][vc_row content_placement=\u00a0\u00bbmiddle\u00a0\u00bb][vc_column][vc_btn title=\u00a0\u00bbCOTIZAR\u00a0\u00bb color=\u00a0\u00bbdanger\u00a0\u00bb align=\u00a0\u00bbcenter\u00a0\u00bb css_animation=\u00a0\u00bbzoomInRight\u00a0\u00bb link=\u00a0\u00bburl:http%3A%2F%2Fbit.ly%2FAcuarelaTourPeru|||\u00a0\u00bb][\/vc_column][\/vc_row]","protected":false},"excerpt":{"rendered":"<p>[vc_row][vc_column][vc_column_text] TREK DE LARES \u2022 \u00a0Dur\u00e9e: 4 jours Le trek de Lares au Machu Picchu en quatre jours est un excellent moyen de d\u00e9couvrir le paysage andin, avec ses vall\u00e9es,&#8230;<\/p>\n","protected":false},"author":1,"featured_media":0,"parent":0,"menu_order":0,"comment_status":"closed","ping_status":"closed","template":"","meta":{"_acf_changed":false,"footnotes":""},"class_list":["post-3376","page","type-page","status-publish","hentry"],"acf":[],"_links":{"self":[{"href":"https:\/\/acuarelatourperu.com\/fr\/wp-json\/wp\/v2\/pages\/3376","targetHints":{"allow":["GET"]}}],"collection":[{"href":"https:\/\/acuarelatourperu.com\/fr\/wp-json\/wp\/v2\/pages"}],"about":[{"href":"https:\/\/acuarelatourperu.com\/fr\/wp-json\/wp\/v2\/types\/page"}],"author":[{"embeddable":true,"href":"https:\/\/acuarelatourperu.com\/fr\/wp-json\/wp\/v2\/users\/1"}],"replies":[{"embeddable":true,"href":"https:\/\/acuarelatourperu.com\/fr\/wp-json\/wp\/v2\/comments?post=3376"}],"version-history":[{"count":8,"href":"https:\/\/acuarelatourperu.com\/fr\/wp-json\/wp\/v2\/pages\/3376\/revisions"}],"predecessor-version":[{"id":4642,"href":"https:\/\/acuarelatourperu.com\/fr\/wp-json\/wp\/v2\/pages\/3376\/revisions\/4642"}],"wp:attachment":[{"href":"https:\/\/acuarelatourperu.com\/fr\/wp-json\/wp\/v2\/media?parent=3376"}],"curies":[{"name":"wp","href":"https:\/\/api.w.org\/{rel}","templated":true}]}}