{"id":3402,"date":"2019-07-22T21:53:17","date_gmt":"2019-07-22T21:53:17","guid":{"rendered":"http:\/\/www.acuarelatourperu.com\/?page_id=3402"},"modified":"2019-12-20T16:14:17","modified_gmt":"2019-12-20T16:14:17","slug":"nevado-salkantay-camino-inca-con-machupicchu-en-transporte-privado","status":"publish","type":"page","link":"https:\/\/acuarelatourperu.com\/fr\/nevado-salkantay-camino-inca-con-machupicchu-en-transporte-privado\/","title":{"rendered":"NEVADO SALKANTAY\/ CAMINO INCA CON MACHUPICCHU EN TRANSPORTE PRIVADO"},"content":{"rendered":"[vc_row][vc_column][vc_column_text]\n<h1 style=\"text-align: center;\"><span style=\"color: #02aea9;\"> CHEMIN ENNEIG\u00c9 SALKANTAY \/ PISTE INCA AVEC MACHU PICCHU EN TRANSPORT PRIV\u00c9 <\/span><\/h1>\n<p>\u2022 \u00a0<strong>Dur\u00e9e: <\/strong>5 jours<\/p>\n<p>Cet itin\u00e9raire est une bonne alternative pour la randonn\u00e9e p\u00e9destre o\u00f9 nous enchanterons deux grandes montagnes enneig\u00e9es comme le Salkantay et l&rsquo;Humantay qui \u00e9taient consid\u00e9r\u00e9es comme sacr\u00e9es par les incas. Au cours de la visite, vous d\u00e9couvrirez une vari\u00e9t\u00e9 de paysages tels que des ravins, des canyons et une jungle ainsi que des champs de caf\u00e9 et de belles sources chaudes avant d&rsquo;arriver au clou du spectacle, le Machu Picchu.<br \/>\n[\/vc_column_text][vc_row_inner gap=\u00a0\u00bb5&Prime;][vc_column_inner offset=\u00a0\u00bbvc_hidden-lg vc_hidden-md vc_hidden-sm\u00a0\u00bb][vc_gallery type=\u00a0\u00bbimage_grid\u00a0\u00bb images=\u00a0\u00bb3407,4134,3413,3414,3412,3406,3411,3408,3409,3410,3405&Prime; img_size=\u00a0\u00bbmedium\u00a0\u00bb onclick=\u00a0\u00bbcustom_link\u00a0\u00bb css_animation=\u00a0\u00bbfadeIn\u00a0\u00bb][\/vc_column_inner][\/vc_row_inner][\/vc_column][\/vc_row][vc_row][vc_column offset=\u00a0\u00bbvc_hidden-xs\u00a0\u00bb][vc_media_grid element_width=\u00a0\u00bb2&Prime; grid_id=\u00a0\u00bbvc_gid:1576858408556-e526aa9a-96d1-10&Prime; include=\u00a0\u00bb3407,4134,3413,3408,3405,3406,3409,3410,3411,3412,3414&Prime;][\/vc_column][\/vc_row][vc_row content_placement=\u00a0\u00bbmiddle\u00a0\u00bb][vc_column][vc_btn title=\u00a0\u00bbCOTIZAR\u00a0\u00bb color=\u00a0\u00bbdanger\u00a0\u00bb align=\u00a0\u00bbcenter\u00a0\u00bb css_animation=\u00a0\u00bbzoomInRight\u00a0\u00bb link=\u00a0\u00bburl:http%3A%2F%2Fbit.ly%2FAcuarelaTourPeru|||\u00a0\u00bb][\/vc_column][\/vc_row]","protected":false},"excerpt":{"rendered":"<p>[vc_row][vc_column][vc_column_text] CHEMIN ENNEIG\u00c9 SALKANTAY \/ PISTE INCA AVEC MACHU PICCHU EN TRANSPORT PRIV\u00c9 \u2022 \u00a0Dur\u00e9e: 5 jours Cet itin\u00e9raire est une bonne alternative pour la randonn\u00e9e p\u00e9destre o\u00f9 nous enchanterons&#8230;<\/p>\n","protected":false},"author":1,"featured_media":0,"parent":0,"menu_order":0,"comment_status":"closed","ping_status":"closed","template":"","meta":{"_acf_changed":false,"footnotes":""},"class_list":["post-3402","page","type-page","status-publish","hentry"],"acf":[],"_links":{"self":[{"href":"https:\/\/acuarelatourperu.com\/fr\/wp-json\/wp\/v2\/pages\/3402","targetHints":{"allow":["GET"]}}],"collection":[{"href":"https:\/\/acuarelatourperu.com\/fr\/wp-json\/wp\/v2\/pages"}],"about":[{"href":"https:\/\/acuarelatourperu.com\/fr\/wp-json\/wp\/v2\/types\/page"}],"author":[{"embeddable":true,"href":"https:\/\/acuarelatourperu.com\/fr\/wp-json\/wp\/v2\/users\/1"}],"replies":[{"embeddable":true,"href":"https:\/\/acuarelatourperu.com\/fr\/wp-json\/wp\/v2\/comments?post=3402"}],"version-history":[{"count":5,"href":"https:\/\/acuarelatourperu.com\/fr\/wp-json\/wp\/v2\/pages\/3402\/revisions"}],"predecessor-version":[{"id":4640,"href":"https:\/\/acuarelatourperu.com\/fr\/wp-json\/wp\/v2\/pages\/3402\/revisions\/4640"}],"wp:attachment":[{"href":"https:\/\/acuarelatourperu.com\/fr\/wp-json\/wp\/v2\/media?parent=3402"}],"curies":[{"name":"wp","href":"https:\/\/api.w.org\/{rel}","templated":true}]}}