{"id":3404,"date":"2019-07-22T22:26:32","date_gmt":"2019-07-22T22:26:32","guid":{"rendered":"http:\/\/www.acuarelatourperu.com\/?page_id=3404"},"modified":"2019-12-20T16:01:38","modified_gmt":"2019-12-20T16:01:38","slug":"montana-7-colores","status":"publish","type":"page","link":"https:\/\/acuarelatourperu.com\/fr\/montana-7-colores\/","title":{"rendered":"MONTA\u00d1A 7 COLORES"},"content":{"rendered":"[vc_row][vc_column][vc_column_text]\n<h1 style=\"text-align: center;\"><span style=\"color: #02aea9;\"> LAGUNE AUX 7 COULEURS<\/span><\/h1>\n<p>\u2022 \u00a0<strong>Dur\u00e9e: <\/strong>1 jour<\/p>\n<p>Ce nouveau parcours d&rsquo;une journ\u00e9e est une v\u00e9ritable aventure avec sa nature pr\u00e9serv\u00e9e et sauvage, et ses superbes vues sur la vall\u00e9e rouge et la montagne Vinicunca, connue comme la montagne arc-en-ciel ou la montagne des 7 couleurs. C&rsquo;est ainsi que la nature et la petite communaut\u00e9 quechua vivant en harmonie avec le monde andin vous assurent une exp\u00e9rience absolument inoubliable.<\/p>\n<p>Inclus: Transport priv\u00e9 ou partag\u00e9, guide, petit d\u00e9jeuner, d\u00e9jeuner. [\/vc_column_text][vc_row_inner gap=\u00a0\u00bb5&Prime;][vc_column_inner offset=\u00a0\u00bbvc_hidden-lg vc_hidden-md vc_hidden-sm\u00a0\u00bb][vc_gallery type=\u00a0\u00bbimage_grid\u00a0\u00bb images=\u00a0\u00bb2538,3977,3423,3422,3420,3421,4249,4248,4247,4132&Prime; img_size=\u00a0\u00bbmedium\u00a0\u00bb onclick=\u00a0\u00bbcustom_link\u00a0\u00bb css_animation=\u00a0\u00bbfadeIn\u00a0\u00bb][\/vc_column_inner][\/vc_row_inner][\/vc_column][\/vc_row][vc_row][vc_column offset=\u00a0\u00bbvc_hidden-xs\u00a0\u00bb][vc_media_grid element_width=\u00a0\u00bb2&Prime; grid_id=\u00a0\u00bbvc_gid:1576857611893-e2b368c3-5fb8-10&Prime; include=\u00a0\u00bb2538,4249,3977,4248,3420,3422,3423,3421,4132,4247&Prime;][\/vc_column][\/vc_row][vc_row content_placement=\u00a0\u00bbmiddle\u00a0\u00bb][vc_column][vc_btn title=\u00a0\u00bbCOTIZAR\u00a0\u00bb color=\u00a0\u00bbdanger\u00a0\u00bb align=\u00a0\u00bbcenter\u00a0\u00bb css_animation=\u00a0\u00bbzoomInRight\u00a0\u00bb link=\u00a0\u00bburl:http%3A%2F%2Fbit.ly%2FAcuarelaTourPeru|||\u00a0\u00bb][\/vc_column][\/vc_row]","protected":false},"excerpt":{"rendered":"<p>[vc_row][vc_column][vc_column_text] LAGUNE AUX 7 COULEURS \u2022 \u00a0Dur\u00e9e: 1 jour Ce nouveau parcours d&rsquo;une journ\u00e9e est une v\u00e9ritable aventure avec sa nature pr\u00e9serv\u00e9e et sauvage, et ses superbes vues sur la&#8230;<\/p>\n","protected":false},"author":1,"featured_media":0,"parent":0,"menu_order":0,"comment_status":"closed","ping_status":"closed","template":"","meta":{"_acf_changed":false,"footnotes":""},"class_list":["post-3404","page","type-page","status-publish","hentry"],"acf":[],"_links":{"self":[{"href":"https:\/\/acuarelatourperu.com\/fr\/wp-json\/wp\/v2\/pages\/3404","targetHints":{"allow":["GET"]}}],"collection":[{"href":"https:\/\/acuarelatourperu.com\/fr\/wp-json\/wp\/v2\/pages"}],"about":[{"href":"https:\/\/acuarelatourperu.com\/fr\/wp-json\/wp\/v2\/types\/page"}],"author":[{"embeddable":true,"href":"https:\/\/acuarelatourperu.com\/fr\/wp-json\/wp\/v2\/users\/1"}],"replies":[{"embeddable":true,"href":"https:\/\/acuarelatourperu.com\/fr\/wp-json\/wp\/v2\/comments?post=3404"}],"version-history":[{"count":11,"href":"https:\/\/acuarelatourperu.com\/fr\/wp-json\/wp\/v2\/pages\/3404\/revisions"}],"predecessor-version":[{"id":4639,"href":"https:\/\/acuarelatourperu.com\/fr\/wp-json\/wp\/v2\/pages\/3404\/revisions\/4639"}],"wp:attachment":[{"href":"https:\/\/acuarelatourperu.com\/fr\/wp-json\/wp\/v2\/media?parent=3404"}],"curies":[{"name":"wp","href":"https:\/\/api.w.org\/{rel}","templated":true}]}}