{"id":3428,"date":"2019-07-22T22:55:31","date_gmt":"2019-07-22T22:55:31","guid":{"rendered":"http:\/\/www.acuarelatourperu.com\/?page_id=3428"},"modified":"2019-12-20T15:59:05","modified_gmt":"2019-12-20T15:59:05","slug":"laguna-humantay","status":"publish","type":"page","link":"https:\/\/acuarelatourperu.com\/fr\/laguna-humantay\/","title":{"rendered":"LAGUNA HUMANTAY"},"content":{"rendered":"[vc_row][vc_column][vc_column_text]\n<h1 style=\"text-align: center;\"><span style=\"color: #02aea9;\"> LAGUNE DE HUMANTAY<\/span><\/h1>\n<p>\u2022 \u00a0<strong>Dur\u00e9e: <\/strong>1 jour<\/p>\n<p>Accueil \u00e0 l&rsquo;h\u00f4tel \u00e0 4h30 du matin. Pendant le tour vous verrez le lever du soleil dans les montagnes tout en profitant de la diversit\u00e9 des paysages, vous serez d\u00e9j\u00e0 arriv\u00e9s au village de Mollepata pour un bon petit d\u00e9jeuner. Vous continuerez ensuite votre voyage jusqu&rsquo;\u00e0 la r\u00e9gion de Soraypampa (3900 m.) de cet endroit vous pourrez profiter de superbes vues du Salkantay enneig\u00e9, et de Huamantay qui nous attend au loin. Vous commencerez ensuite la marche tranquillement pour que votre organisme puisse s\u2019adapter lentement. Apr\u00e8s environ 1 heure et 30 heures d&rsquo;ascension, vous \u00eates arriv\u00e9s au Humantay Lagoon. Apr\u00e8s avoir profit\u00e9 de ce lieu merveilleux, vous commencerez la descente vers le lieu o\u00f9 nous mangerons le repas de midi, avant de retourner vers la ville de Cusco. Nuit \u00e0 l&rsquo;h\u00f4tel.<\/p>\n<p>Inclus: Transport priv\u00e9, h\u00f4tel, guide, petit-d\u00e9jeuner, pique-nique.<br \/>\n[\/vc_column_text][vc_row_inner gap=\u00a0\u00bb5&Prime;][vc_column_inner offset=\u00a0\u00bbvc_hidden-lg vc_hidden-md vc_hidden-sm\u00a0\u00bb][vc_gallery type=\u00a0\u00bbimage_grid\u00a0\u00bb images=\u00a0\u00bb2537,3430,3431,3432,3433,4245,4244,4243,4242&Prime; img_size=\u00a0\u00bbmedium\u00a0\u00bb onclick=\u00a0\u00bbcustom_link\u00a0\u00bb css_animation=\u00a0\u00bbfadeIn\u00a0\u00bb][\/vc_column_inner][\/vc_row_inner][\/vc_column][\/vc_row][vc_row][vc_column offset=\u00a0\u00bbvc_hidden-xs\u00a0\u00bb][vc_media_grid element_width=\u00a0\u00bb2&Prime; grid_id=\u00a0\u00bbvc_gid:1576857502699-a459fc75-bc51-0&Prime; include=\u00a0\u00bb2537,3430,3432,3431,3433,4242,4243,4244,4245&Prime;][\/vc_column][\/vc_row][vc_row content_placement=\u00a0\u00bbmiddle\u00a0\u00bb][vc_column][vc_btn title=\u00a0\u00bbCOTIZAR\u00a0\u00bb color=\u00a0\u00bbdanger\u00a0\u00bb align=\u00a0\u00bbcenter\u00a0\u00bb css_animation=\u00a0\u00bbzoomInRight\u00a0\u00bb link=\u00a0\u00bburl:http%3A%2F%2Fbit.ly%2FAcuarelaTourPeru|||\u00a0\u00bb][\/vc_column][\/vc_row]","protected":false},"excerpt":{"rendered":"<p>[vc_row][vc_column][vc_column_text] LAGUNE DE HUMANTAY \u2022 \u00a0Dur\u00e9e: 1 jour Accueil \u00e0 l&rsquo;h\u00f4tel \u00e0 4h30 du matin. Pendant le tour vous verrez le lever du soleil dans les montagnes tout en profitant&#8230;<\/p>\n","protected":false},"author":1,"featured_media":0,"parent":0,"menu_order":0,"comment_status":"closed","ping_status":"closed","template":"","meta":{"_acf_changed":false,"footnotes":""},"class_list":["post-3428","page","type-page","status-publish","hentry"],"acf":[],"_links":{"self":[{"href":"https:\/\/acuarelatourperu.com\/fr\/wp-json\/wp\/v2\/pages\/3428","targetHints":{"allow":["GET"]}}],"collection":[{"href":"https:\/\/acuarelatourperu.com\/fr\/wp-json\/wp\/v2\/pages"}],"about":[{"href":"https:\/\/acuarelatourperu.com\/fr\/wp-json\/wp\/v2\/types\/page"}],"author":[{"embeddable":true,"href":"https:\/\/acuarelatourperu.com\/fr\/wp-json\/wp\/v2\/users\/1"}],"replies":[{"embeddable":true,"href":"https:\/\/acuarelatourperu.com\/fr\/wp-json\/wp\/v2\/comments?post=3428"}],"version-history":[{"count":7,"href":"https:\/\/acuarelatourperu.com\/fr\/wp-json\/wp\/v2\/pages\/3428\/revisions"}],"predecessor-version":[{"id":4638,"href":"https:\/\/acuarelatourperu.com\/fr\/wp-json\/wp\/v2\/pages\/3428\/revisions\/4638"}],"wp:attachment":[{"href":"https:\/\/acuarelatourperu.com\/fr\/wp-json\/wp\/v2\/media?parent=3428"}],"curies":[{"name":"wp","href":"https:\/\/api.w.org\/{rel}","templated":true}]}}