{"id":3438,"date":"2019-07-22T23:25:14","date_gmt":"2019-07-22T23:25:14","guid":{"rendered":"http:\/\/www.acuarelatourperu.com\/?page_id=3438"},"modified":"2019-12-20T15:57:19","modified_gmt":"2019-12-20T15:57:19","slug":"choquequirao","status":"publish","type":"page","link":"https:\/\/acuarelatourperu.com\/fr\/choquequirao\/","title":{"rendered":"CHOQUEQUIRAO"},"content":{"rendered":"[vc_row][vc_column][vc_column_text]\n<h1 style=\"text-align: center;\"><span style=\"color: #02aea9;\">CHOQUEQUIRAO<\/span><\/h1>\n<p>\u2022 \u00a0<strong>Dur\u00e9e: <\/strong>5 jours<\/p>\n<p>S&rsquo;il s&rsquo;agit de myst\u00e8res et d&rsquo;\u00e9nigmes, alors Choquequirao est plus grand que Machu Picchu. Un site pour les aventuriers, loin des trains, des bus et des foules. Apr\u00e8s des journ\u00e9es \u00e9puisantes, nous nous retrouverons dans un silence absolu avec des ruines myst\u00e9rieuses et \u00e9nigmatiques. La visiter, c&rsquo;est retrouver l&rsquo;authenticit\u00e9 de notre pass\u00e9, o\u00f9 chaque mur et chaque figure nous rappelle la vie de nos anc\u00eatres.[\/vc_column_text][vc_row_inner gap=\u00a0\u00bb5&Prime;][vc_column_inner offset=\u00a0\u00bbvc_hidden-lg vc_hidden-md vc_hidden-sm\u00a0\u00bb][vc_gallery type=\u00a0\u00bbimage_grid\u00a0\u00bb images=\u00a0\u00bb4234,2536,3440,4240,4239,3445,3441,4238,3444,3443,3442,4235,4233&Prime; img_size=\u00a0\u00bbmedium\u00a0\u00bb onclick=\u00a0\u00bbcustom_link\u00a0\u00bb css_animation=\u00a0\u00bbfadeIn\u00a0\u00bb][\/vc_column_inner][\/vc_row_inner][\/vc_column][\/vc_row][vc_row][vc_column offset=\u00a0\u00bbvc_hidden-xs\u00a0\u00bb][vc_media_grid element_width=\u00a0\u00bb2&Prime; grid_id=\u00a0\u00bbvc_gid:1576857412290-4436643b-c76e-8&Prime; include=\u00a0\u00bb2536,4235,4239,3440,4233,3441,3444,3445,4238,3442,3443,4234,4240&Prime;][\/vc_column][\/vc_row][vc_row content_placement=\u00a0\u00bbmiddle\u00a0\u00bb][vc_column][vc_btn title=\u00a0\u00bbCOTIZAR\u00a0\u00bb color=\u00a0\u00bbdanger\u00a0\u00bb align=\u00a0\u00bbcenter\u00a0\u00bb css_animation=\u00a0\u00bbzoomInRight\u00a0\u00bb link=\u00a0\u00bburl:http%3A%2F%2Fbit.ly%2FAcuarelaTourPeru|||\u00a0\u00bb][\/vc_column][\/vc_row]","protected":false},"excerpt":{"rendered":"<p>[vc_row][vc_column][vc_column_text] CHOQUEQUIRAO \u2022 \u00a0Dur\u00e9e: 5 jours S&rsquo;il s&rsquo;agit de myst\u00e8res et d&rsquo;\u00e9nigmes, alors Choquequirao est plus grand que Machu Picchu. Un site pour les aventuriers, loin des trains, des bus&#8230;<\/p>\n","protected":false},"author":1,"featured_media":0,"parent":0,"menu_order":0,"comment_status":"closed","ping_status":"closed","template":"","meta":{"_acf_changed":false,"footnotes":""},"class_list":["post-3438","page","type-page","status-publish","hentry"],"acf":[],"_links":{"self":[{"href":"https:\/\/acuarelatourperu.com\/fr\/wp-json\/wp\/v2\/pages\/3438","targetHints":{"allow":["GET"]}}],"collection":[{"href":"https:\/\/acuarelatourperu.com\/fr\/wp-json\/wp\/v2\/pages"}],"about":[{"href":"https:\/\/acuarelatourperu.com\/fr\/wp-json\/wp\/v2\/types\/page"}],"author":[{"embeddable":true,"href":"https:\/\/acuarelatourperu.com\/fr\/wp-json\/wp\/v2\/users\/1"}],"replies":[{"embeddable":true,"href":"https:\/\/acuarelatourperu.com\/fr\/wp-json\/wp\/v2\/comments?post=3438"}],"version-history":[{"count":6,"href":"https:\/\/acuarelatourperu.com\/fr\/wp-json\/wp\/v2\/pages\/3438\/revisions"}],"predecessor-version":[{"id":4637,"href":"https:\/\/acuarelatourperu.com\/fr\/wp-json\/wp\/v2\/pages\/3438\/revisions\/4637"}],"wp:attachment":[{"href":"https:\/\/acuarelatourperu.com\/fr\/wp-json\/wp\/v2\/media?parent=3438"}],"curies":[{"name":"wp","href":"https:\/\/api.w.org\/{rel}","templated":true}]}}